
{"id":18,"date":"2021-05-06T00:13:30","date_gmt":"2021-05-06T00:13:30","guid":{"rendered":"https:\/\/products.hellstengears.com\/?page_id=18"},"modified":"2023-01-25T15:01:51","modified_gmt":"2023-01-25T15:01:51","slug":"about-hellsten-gears","status":"publish","type":"page","link":"https:\/\/products.hellstengears.com\/sv\/about-hellsten-gears\/","title":{"rendered":"Om Hellsten Gears AB"},"content":{"rendered":"\n<h3 class=\"wp-block-heading\"><span class=\"text-primary fw-bold\" data-contrast=\"auto\">V\u00e4xell\u00e5dsspecialister sedan 1983<\/span><\/h3>\n\n\n\n<p><span data-contrast=\"none\">Hellsten Gears AB har arbetat med renovering av v\u00e4xell\u00e5dor sedan 1983. Idag \u00e4r f\u00f6retaget Nordens st\u00f6rsta leverant\u00f6r av fabriksrenoverade och begagnade v\u00e4xell\u00e5dor, fabriksrenoverade och begagnade f\u00f6rdelningsl\u00e5dor, fabriksrenoverade och begagnade fram-\/bakdiffar samt fabriksrenoverade och begagnade turbos till personbilar, yrkesfordon, husbilar och l\u00e4tta lastbilar. Familjef\u00f6retaget \u00e4r baserat strax s\u00f6der om Kungsbacka p\u00e5 Sveriges v\u00e4stkust och arbetar med kunder \u00f6ver hela v\u00e4rlden. F\u00f6retaget bytte namn till Hellsten Gears AB under 2020 och var tidigare k\u00e4nt som Hellsten V\u00e4xell\u00e5dor AB.<\/span><\/p>\n\n\n\n<ul class=\"wp-block-list\">\n<li><strong>2&nbsp;\u00e5rs garanti p\u00e5 fabriksrenoverade&nbsp;<em>och&nbsp;<\/em>begagnade v\u00e4xell\u00e5dor, f\u00f6rdelningsl\u00e5dor och differentialer<\/strong><\/li>\n\n\n\n<li><strong>1 \u00e5rs garanti p\u00e5 fabriksrenoverade och begagnade turbos<\/strong><\/li>\n\n\n\n<li><strong>Komplett utbud till de flesta bilm\u00e4rken<\/strong><\/li>\n\n\n\n<li><strong>Omfattande lager av leveransklara delar<\/strong><\/li>\n\n\n\n<li><strong>R\u00e4tt tillbeh\u00f6r i lager, t.ex koppling, sv\u00e4nghjul och olja<\/strong><\/li>\n\n\n\n<li><strong>Korrekt leveransdatum<\/strong><\/li>\n\n\n\n<li><strong>Kort leveranstid<\/strong><\/li>\n<\/ul>\n\n\n\n<p>Observera att detta \u00e4r v\u00e5r annonssida d\u00e4r vi visar upp en begr\u00e4nsad del av v\u00e5rt stora sortiment. Om du inte finner vad du s\u00f6ker kan du g\u00f6ra en f\u00f6rfr\u00e5gan via snabbformul\u00e4ret p\u00e5 v\u00e5r ordinarie hemsida h\u00e4r <a href=\"http:\/\/www.hellstengears.com\">www.hellstengears.com<\/a> eller kontakta v\u00e5r kundtj\u00e4nst <a href=\"http:\/\/www.hellstenvaxellador.se\/sv-SE\/kundservice\/kontakt-31828681\">www.hellstengears.com\/kontakt<\/a>.<\/p>\n\n\n\n<h3 class=\"wp-block-heading\"><span class=\"text-primary fw-bold\" data-contrast=\"auto\">Sortiment<\/span><\/h3>\n\n\n\n<p><span data-contrast=\"none\">Utbudet best\u00e5r i huvudsak av fabriksrenoverade och begagnade (utbytes)v\u00e4xell\u00e5dor, f\u00f6rdelningsl\u00e5dor, fram- och bakdiffar samt turbos\u202ftill personbilar, yrkesfordon, husbilar och l\u00e4tta lastbilar.\u202fV\u00e5ra produkter kommer fr\u00e5n noga utvalda leverant\u00f6rer. Produktionsavdelningen v\u00e4ljer med stor omsorg ut endast de delar som m\u00f6ter v\u00e5ra h\u00f6gt st\u00e4llda krav p\u00e5 kvalitet och h\u00e5llbarhet. Delarna produceras efter kvalitetskrav som \u00e4r n\u00e4rliggande eller samma som biltillverkarnas utbytesprodukter. V\u00e5rt noggranna f\u00f6rarbete medf\u00f6r att vi kan erbjuda samma gedigna garanti b\u00e5de p\u00e5 fabriksrenoverade och begagnade delar, n\u00e5got som \u00e4r helt unikt f\u00f6r branschen. Vi kombinerar kvalitet med konkurrenskraftiga priser, teknisk support och\u202fgarantivillkor som ger b\u00e5de bil\u00e4gare och bilverkstad en trygg och effektiv tillvaro. Dessutom g\u00f6r vi milj\u00f6n och klimatet en tj\u00e4nst.<\/span><br><span data-contrast=\"none\">Vi arbetar med i princip alla bilm\u00e4rken och modeller, oavsett om du har behov av renoverade eller begagnade enheter till Alfa, Audi, BMW, Chevrolet, Chrysler, Citroen, Dodge, Fiat, Ford, Honda, Hyundai, Jaguar, Jeep, KIA, Mazda, Mercedes, Mini, Mitsubishi, Nissan, Opel, Peugeot, Porsche, Renault, Seat, Skoda, Subaru, Suzuki, Toyota, VW, Volvo m.fl. kan vi hj\u00e4lpa\u202fdig hitta r\u00e4tt. Vi har omfattande lager av leveransklara enheter och v\u00e4letablerade relationer med erfarna transport\u00f6rer vilket till\u00e5ter oss att skicka de flesta orders omedelbart.&nbsp;<\/span><span data-ccp-props=\"{\">&nbsp;<\/span><\/p>\n\n\n\n<h3 class=\"wp-block-heading\">\u00a0<\/h3>\n\n\n\n<figure class=\"wp-block-table is-style-regular\" style=\"font-size:14px;text-transform:none\"><table class=\"has-fixed-layout\"><tbody><tr><td><br><strong><img decoding=\"async\" class=\"alignnone\" style=\"width: 260px;\" src=\"https:\/\/online3.superoffice.com\/Cust28176\/CS\/scripts\/customer.fcgi\/getAttachment\/28152-CckKChsc7aDRiG4mQ98hEx1eILWyZ4DpMd91Lcg2kWPM7S6Z8xkPPxoYM2JMAeMJ-0\/automat%20518x356.png\" alt=\"\"><\/strong><br><strong><a href=\"http:\/\/www.hellstenvaxellador.se\/sv-SE\/produkter\/produktutbud-32091165\" target=\"_blank\" rel=\"noreferrer noopener\">Automatl\u00e5dor<\/a><\/strong><br>Utbud: Fabriksrenoverat\u00a0\/ Begagnat<br>Sortiment: komplett<br><a href=\"http:\/\/www.hellstengears.com\/\" target=\"_blank\" rel=\"noreferrer noopener\">\u00bb Kontakta oss f\u00f6r pris\/leveranstid<\/a><\/td><td><strong><img decoding=\"async\" class=\"\" style=\"width: 260px;\" src=\"https:\/\/online3.superoffice.com\/Cust28176\/CS\/scripts\/customer.fcgi\/getAttachment\/28159-7MnNdqsTLpgt9a571ob18fd9GwOHhCco7U5TsbRH1EHEII7g2izNNdBG8qQDGX9c-0\/manuell%20518x356.png\" alt=\"\"><\/strong><br><br><strong><a href=\"http:\/\/www.hellstenvaxellador.se\/sv-SE\/produkter\/produktutbud-32091165\" target=\"_blank\" rel=\"noreferrer noopener\">Manuella\u00a0v\u00e4xell\u00e5dor<\/a><\/strong><br>Utbud: Fabriksrenoverat \/ Begagnat<br>Sortiment: komplett<br><a href=\"http:\/\/www.hellstengears.com\/\" target=\"_blank\" rel=\"noreferrer noopener\">\u00bb Kontakta oss f\u00f6r pris\/leveranstid<\/a><\/td><td><br><img decoding=\"async\" class=\"\" style=\"width: 260px;\" src=\"https:\/\/online3.superoffice.com\/Cust28176\/CS\/scripts\/customer.fcgi\/getAttachment\/28156-GBnNFnfYMi2nA9AnQC52rKbLjKfqpPTfjFFE2oIc4nH5GbSLdT2cM4lsoFMeKIoK-0\/dsg%20518x356.png\" alt=\"\"><br><br><a href=\"http:\/\/www.hellstenvaxellador.se\/sv-SE\/produkter\/produktutbud-32091165\" target=\"_blank\" rel=\"noreferrer noopener\"><strong>DSG-l\u00e5dor (dubbelkoppling)<\/strong><\/a><br>Utbud: Fabriksrenoverat \/ Begagnat<br>Sortiment: komplett<br>Vi kan omprogrammera beg. DSG-enheter.<br><a href=\"http:\/\/www.hellstengears.com\/\" target=\"_blank\" rel=\"noreferrer noopener\">\u00bb Kontakta oss f\u00f6r pris\/leveranstid<\/a><\/td><\/tr><tr><td><img decoding=\"async\" class=\"\" style=\"width: 260px;\" src=\"https:\/\/online3.superoffice.com\/Cust28176\/CS\/scripts\/customer.fcgi\/getAttachment\/28154-A6KFiRUcrqu3zPQozSNEoze3cQ3EUWl0SuoSrTt0n3gJIpnzsjEhJY6dhm9Pra5N-0\/cvt%20518x356.png\" alt=\"\"><br><strong><a href=\"http:\/\/www.hellstenvaxellador.se\/sv-SE\/produkter\/produktutbud-32091165\" target=\"_blank\" rel=\"noreferrer noopener\">CVT-l\u00e5dor<\/a><\/strong><br>Utbud: Fabriksrenoverat \/ Begagnat<br>Sortiment: begr\u00e4nsat<br><a href=\"http:\/\/www.hellstengears.com\/\" target=\"_blank\" rel=\"noreferrer noopener\">\u00bb Kontakta oss f\u00f6r pris\/leveranstid<\/a><\/td><td><br><img decoding=\"async\" class=\"\" style=\"width: 260px;\" src=\"https:\/\/online3.superoffice.com\/Cust28176\/CS\/scripts\/customer.fcgi\/getAttachment\/28158-SWeK3IgthcBoD0InRPZ164OdbRZiAyg8b3l9dJMJebmgfXkNaMDXiQPC82zn8ycE-0\/f%C3%B6rdelningsl%C3%A5da%20518x356.png\" alt=\"\"><br><br><strong><a href=\"http:\/\/www.hellstenvaxellador.se\/sv-SE\/produkter\/produktutbud-32091165\" target=\"_blank\" rel=\"noreferrer noopener\">F\u00f6rdelningsl\u00e5dor<\/a><\/strong><br>Utbud: Fabriksrenoverat \/ Begagnat<br>Sortiment: komplett<br>Vi har \u00e4ven st\u00e4llmotorer till f\u00f6rdelningsl\u00e5dor.<br><a href=\"http:\/\/www.hellstengears.com\/\" target=\"_blank\" rel=\"noreferrer noopener\">\u00bb Kontakta oss f\u00f6r pris\/leveranstid<\/a><\/td><td><img decoding=\"async\" class=\"\" style=\"width: 260px;\" src=\"https:\/\/online3.superoffice.com\/Cust28176\/CS\/scripts\/customer.fcgi\/getAttachment\/28157-nJbou8DpRuz5mkNkrsXrFt3UO1Wrmk21EiW5Wpo7bjKD4YMG3QlgWsImR1oi64pE-0\/fram-och-bakdiff%20518x356.png\" alt=\"\"><br><strong><a href=\"http:\/\/www.hellstenvaxellador.se\/sv-SE\/produkter\/produktutbud-32091165\" target=\"_blank\" rel=\"noreferrer noopener\">Bakdiffar &#038; framdiffar<\/a><\/strong><br>Utbud: Fabriksrenoverat \/ Begagnat<br>Sortiment: komplett<br>B\u00e5de med och utan Haldex.<br><a href=\"http:\/\/www.hellstengears.com\/\" target=\"_blank\" rel=\"noreferrer noopener\">\u00bb Kontakta oss f\u00f6r pris\/leveranstid<\/a><\/td><\/tr><tr><td><img decoding=\"async\" class=\"\" style=\"width: 260px;\" src=\"https:\/\/online3.superoffice.com\/Cust28176\/CS\/scripts\/customer.fcgi\/getAttachment\/28153-mQnBXteX7yyOoct6qAqDgZJ2ZC4LUkgPTaMZMI7KOx8n9IZWqczGrb8rYU0qIPr1-0\/converter%20518x356.png\" alt=\"\"><br><strong><a href=\"http:\/\/www.hellstenvaxellador.se\/sv-SE\/produkter\/produktutbud-32091165\" target=\"_blank\" rel=\"noreferrer noopener\">Converters\/momentomvandlare<\/a><\/strong><br>Utbud: Fabriksrenoverat \/ Begagnat<br>Sortiment: komplett<br><a href=\"http:\/\/www.hellstengears.com\/\" target=\"_blank\" rel=\"noreferrer noopener\">\u00bb Kontakta oss f\u00f6r pris\/leveranstid<\/a><\/td><td><img decoding=\"async\" class=\"\" style=\"width: 260px;\" src=\"https:\/\/online3.superoffice.com\/Cust28176\/CS\/scripts\/customer.fcgi\/getAttachment\/28155-4f9uwqPOZAlH0xFZTGr6uAOutN0Hk8dQWlfGt85KHKDLqzhaPdlilZr091S7xS5F-0\/drivaxel%20518x356.png\" alt=\"\"><br><br><strong><a href=\"http:\/\/www.hellstenvaxellador.se\/sv-SE\/produkter\/produktutbud-32091165\" target=\"_blank\" rel=\"noreferrer noopener\">Drivaxlar<\/a><\/strong><br>Utbud: Fabriksnytt\u00a0\/ Begagnat<br>Sortiment: komplett<br><a href=\"http:\/\/www.hellstengears.com\/\" target=\"_blank\" rel=\"noreferrer noopener\">\u00bb Kontakta oss f\u00f6r pris\/leveranstid<\/a><br><\/td><td><br><img decoding=\"async\" class=\"\" style=\"width: 260px;\" src=\"https:\/\/online3.superoffice.com\/Cust28176\/CS\/scripts\/customer.fcgi\/getAttachment\/28160-5pzZWtuKEefLdBhcjKL6QhFHwktUYCMH8IsJeljtSSrM7okqp8BfMMbEt1PXAJdz-0\/tillbeh%C3%B6r%20518x356.png\" alt=\"\"><br><a href=\"http:\/\/www.hellstenvaxellador.se\/sv-SE\/produkter\/produktutbud-32091165\" target=\"_blank\" rel=\"noreferrer noopener\"><strong>Tillbeh\u00f6r till v\u00e4xell\u00e5dor<\/strong><\/a><br>Utbud: Fabriksnytt\u00a0\/ Begagnat<br>Sortiment: komplett<br>Oljekyl, dubbelmassesv\u00e4nghjul, olja etc.<br><a href=\"http:\/\/www.hellstengears.com\/\" target=\"_blank\" rel=\"noreferrer noopener\">\u00bb\u00a0Kontakta oss f\u00f6r pris\/leveranstid<\/a><\/td><\/tr><tr><td><img decoding=\"async\" class=\"\" style=\"width: 260px;\" src=\"https:\/\/online3.superoffice.com\/Cust28176\/CS\/scripts\/customer.fcgi\/getAttachment\/28161-sqf8a6P9GDEpC5wfyyrotMSk6yZOJMA5pzJIGa0CkQElMtQ9GLgBhoCXYxcuHqMe-0\/turbo%20518x356.png\" alt=\"\"><br><strong><a href=\"http:\/\/www.hellstenvaxellador.se\/sv-SE\/produkter\/produktutbud-32091165\" target=\"_blank\" rel=\"noreferrer noopener\">Turbos<\/a><\/strong><br>Utbud: Fabriksrenoverat \/ Begagnat<br>Sortiment: komplett<br><a href=\"http:\/\/www.hellstengears.com\/\" target=\"_blank\" rel=\"noreferrer noopener\">\u00bb Kontakta oss f\u00f6r pris\/leveranstid<\/a><\/td><td><\/td><td><\/td><\/tr><\/tbody><\/table><\/figure>\n\n\n\n<h3 class=\"wp-block-heading\"><span class=\"text-primary fw-bold\" data-contrast=\"auto\">Kontakt<\/span><\/h3>\n\n\n\n<p>Har du behov av fabriksrenoverade eller begagnade v\u00e4xell\u00e5dor, f\u00f6rdelningsl\u00e5dor, fram- och bakdiffar eller turbos?\u00a0Kontakta oss direkt f\u00f6r pris och leveranstid.\u00a0Det \u00e4r ingen id\u00e9 att sl\u00f6sa v\u00e4rdefull arbetstid p\u00e5 att leta sj\u00e4lv efter fabriksrenoverat eller begagnat,\u00a0l\u00e5t oss g\u00f6ra jobbet. Vi har koll p\u00e5 hela marknaden och g\u00f6r jobbet p\u00e5 ett par sekunder \u00e5t dig.<\/p>\n\n\n\n<p><span data-contrast=\"auto\">V\u00e5r kundtj\u00e4nst \u00e4r v\u00e4xell\u00e5dsspecialister och kan snabbt skapa en offert, svara p\u00e5 tekniska fr\u00e5gor och assistera med anv\u00e4ndbar teknisk\u00a0dokumentation\u00a0att anv\u00e4ndas innan\/under\/efter montering.<\/span><br><span data-contrast=\"auto\">De kan \u00e4ven assistera med returbokning, fraktsp\u00e5rning, reklamationer och svara p\u00e5 fr\u00e5gor om faktura- och betalning.\u00a0\u00a0<\/span><\/p>\n\n\n\n<p><span data-contrast=\"auto\">Tillg\u00e4ngliga<\/span> <span data-contrast=\"auto\">vardagar, 08:00 &#8211; 17:00 GMT+1<\/span><span data-ccp-props=\"{\"><br><\/span><span data-contrast=\"auto\">Telefon&nbsp;<\/span> <span data-contrast=\"auto\">0300 &#8211; 742 20<\/span><span data-ccp-props=\"{\"><br><\/span><span data-contrast=\"auto\">Email&nbsp;<\/span> <a href=\"mailto:sales@hellstengears.com\"><span data-contrast=\"auto\">sales@hellstengears.com<\/span><\/a><span data-ccp-props=\"{\"><br><\/span><span data-contrast=\"auto\">Webb&nbsp;<\/span> <a href=\"http:\/\/www.hellstengears.com\"><span data-contrast=\"auto\">www.hellstengears.com<\/span><\/a><\/p>\n","protected":false},"excerpt":{"rendered":"<p>V\u00e4xell\u00e5dsspecialister sedan 1983 Hellsten Gears AB har arbetat med renovering av v\u00e4xell\u00e5dor sedan 1983. Idag \u00e4r f\u00f6retaget Nordens st\u00f6rsta leverant\u00f6r av fabriksrenoverade och begagnade v\u00e4xell\u00e5dor, fabriksrenoverade och begagnade f\u00f6rdelningsl\u00e5dor, fabriksrenoverade och begagnade fram-\/bakdiffar samt fabriksrenoverade och begagnade turbos till personbilar, yrkesfordon, husbilar och l\u00e4tta lastbilar. Familjef\u00f6retaget \u00e4r baserat strax s\u00f6der om Kungsbacka p\u00e5 Sveriges v\u00e4stkust [&hellip;]<\/p>\n","protected":false},"author":1,"featured_media":22203,"parent":0,"menu_order":0,"comment_status":"closed","ping_status":"closed","template":"","meta":{"footnotes":""},"class_list":["post-18","page","type-page","status-publish","has-post-thumbnail","hentry"],"yoast_head":"<!-- This site is optimized with the Yoast SEO plugin v27.4 - https:\/\/yoast.com\/product\/yoast-seo-wordpress\/ -->\n<title>Hellsten Gears | S\u00f6k efter renoverade och begagnade v\u00e4xell\u00e5dor, f\u00f6rdelningsl\u00e5dor, fram-\/bakdifferentialer och turbos!<\/title>\n<meta name=\"description\" content=\"Hellsten Gears supplies refurbished and used gearboxes, transfer units and differentials for cars, commercial vehicles and utility vehicles.\" \/>\n<meta name=\"robots\" content=\"index, follow, max-snippet:-1, max-image-preview:large, max-video-preview:-1\" \/>\n<link rel=\"canonical\" href=\"https:\/\/products.hellstengears.com\/sv\/about-hellsten-gears\/\" \/>\n<meta property=\"og:locale\" content=\"sv_SE\" \/>\n<meta property=\"og:locale:alternate\" content=\"fr_FR\" \/>\n<meta property=\"og:locale:alternate\" content=\"en_GB\" \/>\n<meta property=\"og:locale:alternate\" content=\"da_DK\" \/>\n<meta property=\"og:locale:alternate\" content=\"fi\" \/>\n<meta property=\"og:locale:alternate\" content=\"nn_NO\" \/>\n<meta property=\"og:type\" content=\"article\" \/>\n<meta property=\"og:title\" content=\"Om Hellsten Gears AB\" \/>\n<meta property=\"og:description\" content=\"Hellsten Gears supplies refurbished and used gearboxes, transfer units and differentials for cars, commercial vehicles and utility vehicles.\" \/>\n<meta property=\"og:url\" content=\"https:\/\/products.hellstengears.com\/sv\/about-hellsten-gears\/\" \/>\n<meta property=\"og:site_name\" content=\"Hellsten Gears | S\u00f6k efter renoverade och begagnade v\u00e4xell\u00e5dor, f\u00f6rdelningsl\u00e5dor, fram-\/bakdifferentialer och turbos!\" \/>\n<meta property=\"article:publisher\" content=\"https:\/\/www.facebook.com\/hellstengearsab\" \/>\n<meta property=\"article:modified_time\" content=\"2023-01-25T15:01:51+00:00\" \/>\n<meta property=\"og:image\" content=\"https:\/\/products.hellstengears.com\/wp-content\/uploads\/2021\/10\/hellsten-icon-logo.png\" \/>\n\t<meta property=\"og:image:width\" content=\"200\" \/>\n\t<meta property=\"og:image:height\" content=\"200\" \/>\n\t<meta property=\"og:image:type\" content=\"image\/png\" \/>\n<meta name=\"twitter:card\" content=\"summary_large_image\" \/>\n<meta name=\"twitter:label1\" content=\"Ber\u00e4knad l\u00e4stid\" \/>\n\t<meta name=\"twitter:data1\" content=\"5 minuter\" \/>\n<script type=\"application\/ld+json\" class=\"yoast-schema-graph\">{\"@context\":\"https:\\\/\\\/schema.org\",\"@graph\":[{\"@type\":\"WebPage\",\"@id\":\"https:\\\/\\\/products.hellstengears.com\\\/en\\\/about-hellsten-gears\\\/\",\"url\":\"https:\\\/\\\/products.hellstengears.com\\\/en\\\/about-hellsten-gears\\\/\",\"name\":\"Om Hellsten Gears AB\",\"isPartOf\":{\"@id\":\"https:\\\/\\\/products.hellstengears.com\\\/#website\"},\"primaryImageOfPage\":{\"@id\":\"https:\\\/\\\/products.hellstengears.com\\\/en\\\/about-hellsten-gears\\\/#primaryimage\"},\"image\":{\"@id\":\"https:\\\/\\\/products.hellstengears.com\\\/en\\\/about-hellsten-gears\\\/#primaryimage\"},\"thumbnailUrl\":\"https:\\\/\\\/products.hellstengears.com\\\/wp-content\\\/uploads\\\/2021\\\/10\\\/hellsten-icon-logo.png\",\"datePublished\":\"2021-05-06T00:13:30+00:00\",\"dateModified\":\"2023-01-25T15:01:51+00:00\",\"description\":\"Hellsten Gears supplies refurbished and used gearboxes, transfer units and differentials for cars, commercial vehicles and utility vehicles.\",\"breadcrumb\":{\"@id\":\"https:\\\/\\\/products.hellstengears.com\\\/en\\\/about-hellsten-gears\\\/#breadcrumb\"},\"inLanguage\":\"sv-SE\",\"potentialAction\":[{\"@type\":\"ReadAction\",\"target\":[\"https:\\\/\\\/products.hellstengears.com\\\/en\\\/about-hellsten-gears\\\/\"]}]},{\"@type\":\"ImageObject\",\"inLanguage\":\"sv-SE\",\"@id\":\"https:\\\/\\\/products.hellstengears.com\\\/en\\\/about-hellsten-gears\\\/#primaryimage\",\"url\":\"https:\\\/\\\/products.hellstengears.com\\\/wp-content\\\/uploads\\\/2021\\\/10\\\/hellsten-icon-logo.png\",\"contentUrl\":\"https:\\\/\\\/products.hellstengears.com\\\/wp-content\\\/uploads\\\/2021\\\/10\\\/hellsten-icon-logo.png\",\"width\":200,\"height\":200,\"caption\":\"hellsten gears logo\"},{\"@type\":\"BreadcrumbList\",\"@id\":\"https:\\\/\\\/products.hellstengears.com\\\/en\\\/about-hellsten-gears\\\/#breadcrumb\",\"itemListElement\":[{\"@type\":\"ListItem\",\"position\":1,\"name\":\"Home\",\"item\":\"https:\\\/\\\/products.hellstengears.com\\\/\"},{\"@type\":\"ListItem\",\"position\":2,\"name\":\"About Hellsten Gears AB\"}]},{\"@type\":\"WebSite\",\"@id\":\"https:\\\/\\\/products.hellstengears.com\\\/#website\",\"url\":\"https:\\\/\\\/products.hellstengears.com\\\/\",\"name\":\"Hellsten Gears Search Refurbished and Used Products\",\"description\":\"Specialister sedan 1983\",\"publisher\":{\"@id\":\"https:\\\/\\\/products.hellstengears.com\\\/#organization\"},\"potentialAction\":[{\"@type\":\"SearchAction\",\"target\":{\"@type\":\"EntryPoint\",\"urlTemplate\":\"https:\\\/\\\/products.hellstengears.com\\\/?s={search_term_string}\"},\"query-input\":{\"@type\":\"PropertyValueSpecification\",\"valueRequired\":true,\"valueName\":\"search_term_string\"}}],\"inLanguage\":\"sv-SE\"},{\"@type\":\"Organization\",\"@id\":\"https:\\\/\\\/products.hellstengears.com\\\/#organization\",\"name\":\"Hellsten Gears AB\",\"url\":\"https:\\\/\\\/products.hellstengears.com\\\/\",\"logo\":{\"@type\":\"ImageObject\",\"inLanguage\":\"sv-SE\",\"@id\":\"https:\\\/\\\/products.hellstengears.com\\\/#\\\/schema\\\/logo\\\/image\\\/\",\"url\":\"https:\\\/\\\/products.hellstengears.com\\\/wp-content\\\/uploads\\\/2021\\\/11\\\/01-HellstenGears-logo-main_400-bred.png\",\"contentUrl\":\"https:\\\/\\\/products.hellstengears.com\\\/wp-content\\\/uploads\\\/2021\\\/11\\\/01-HellstenGears-logo-main_400-bred.png\",\"width\":373,\"height\":92,\"caption\":\"Hellsten Gears AB\"},\"image\":{\"@id\":\"https:\\\/\\\/products.hellstengears.com\\\/#\\\/schema\\\/logo\\\/image\\\/\"},\"sameAs\":[\"https:\\\/\\\/www.facebook.com\\\/hellstengearsab\",\"https:\\\/\\\/www.instagram.com\\\/hellstengears\\\/\",\"http:\\\/\\\/linkedin.com\\\/company\\\/hellstengears\",\"https:\\\/\\\/www.youtube.com\\\/channel\\\/UCrkdxgxiDQ31TLRnlNN9kyA\"]}]}<\/script>\n<!-- \/ Yoast SEO plugin. -->","yoast_head_json":{"title":"Hellsten Gears | S\u00f6k efter renoverade och begagnade v\u00e4xell\u00e5dor, f\u00f6rdelningsl\u00e5dor, fram-\/bakdifferentialer och turbos!","description":"Hellsten Gears supplies refurbished and used gearboxes, transfer units and differentials for cars, commercial vehicles and utility vehicles.","robots":{"index":"index","follow":"follow","max-snippet":"max-snippet:-1","max-image-preview":"max-image-preview:large","max-video-preview":"max-video-preview:-1"},"canonical":"https:\/\/products.hellstengears.com\/sv\/about-hellsten-gears\/","og_locale":"sv_SE","og_type":"article","og_title":"Om Hellsten Gears AB","og_description":"Hellsten Gears supplies refurbished and used gearboxes, transfer units and differentials for cars, commercial vehicles and utility vehicles.","og_url":"https:\/\/products.hellstengears.com\/sv\/about-hellsten-gears\/","og_site_name":"Hellsten Gears | S\u00f6k efter renoverade och begagnade v\u00e4xell\u00e5dor, f\u00f6rdelningsl\u00e5dor, fram-\/bakdifferentialer och turbos!","article_publisher":"https:\/\/www.facebook.com\/hellstengearsab","article_modified_time":"2023-01-25T15:01:51+00:00","og_image":[{"width":200,"height":200,"url":"https:\/\/products.hellstengears.com\/wp-content\/uploads\/2021\/10\/hellsten-icon-logo.png","type":"image\/png"}],"twitter_card":"summary_large_image","twitter_misc":{"Ber\u00e4knad l\u00e4stid":"5 minuter"},"schema":{"@context":"https:\/\/schema.org","@graph":[{"@type":"WebPage","@id":"https:\/\/products.hellstengears.com\/en\/about-hellsten-gears\/","url":"https:\/\/products.hellstengears.com\/en\/about-hellsten-gears\/","name":"Om Hellsten Gears AB","isPartOf":{"@id":"https:\/\/products.hellstengears.com\/#website"},"primaryImageOfPage":{"@id":"https:\/\/products.hellstengears.com\/en\/about-hellsten-gears\/#primaryimage"},"image":{"@id":"https:\/\/products.hellstengears.com\/en\/about-hellsten-gears\/#primaryimage"},"thumbnailUrl":"https:\/\/products.hellstengears.com\/wp-content\/uploads\/2021\/10\/hellsten-icon-logo.png","datePublished":"2021-05-06T00:13:30+00:00","dateModified":"2023-01-25T15:01:51+00:00","description":"Hellsten Gears supplies refurbished and used gearboxes, transfer units and differentials for cars, commercial vehicles and utility vehicles.","breadcrumb":{"@id":"https:\/\/products.hellstengears.com\/en\/about-hellsten-gears\/#breadcrumb"},"inLanguage":"sv-SE","potentialAction":[{"@type":"ReadAction","target":["https:\/\/products.hellstengears.com\/en\/about-hellsten-gears\/"]}]},{"@type":"ImageObject","inLanguage":"sv-SE","@id":"https:\/\/products.hellstengears.com\/en\/about-hellsten-gears\/#primaryimage","url":"https:\/\/products.hellstengears.com\/wp-content\/uploads\/2021\/10\/hellsten-icon-logo.png","contentUrl":"https:\/\/products.hellstengears.com\/wp-content\/uploads\/2021\/10\/hellsten-icon-logo.png","width":200,"height":200,"caption":"hellsten gears logo"},{"@type":"BreadcrumbList","@id":"https:\/\/products.hellstengears.com\/en\/about-hellsten-gears\/#breadcrumb","itemListElement":[{"@type":"ListItem","position":1,"name":"Home","item":"https:\/\/products.hellstengears.com\/"},{"@type":"ListItem","position":2,"name":"About Hellsten Gears AB"}]},{"@type":"WebSite","@id":"https:\/\/products.hellstengears.com\/#website","url":"https:\/\/products.hellstengears.com\/","name":"Hellsten Gears Search Refurbished and Used Products","description":"Specialister sedan 1983","publisher":{"@id":"https:\/\/products.hellstengears.com\/#organization"},"potentialAction":[{"@type":"SearchAction","target":{"@type":"EntryPoint","urlTemplate":"https:\/\/products.hellstengears.com\/?s={search_term_string}"},"query-input":{"@type":"PropertyValueSpecification","valueRequired":true,"valueName":"search_term_string"}}],"inLanguage":"sv-SE"},{"@type":"Organization","@id":"https:\/\/products.hellstengears.com\/#organization","name":"Hellsten Gears AB","url":"https:\/\/products.hellstengears.com\/","logo":{"@type":"ImageObject","inLanguage":"sv-SE","@id":"https:\/\/products.hellstengears.com\/#\/schema\/logo\/image\/","url":"https:\/\/products.hellstengears.com\/wp-content\/uploads\/2021\/11\/01-HellstenGears-logo-main_400-bred.png","contentUrl":"https:\/\/products.hellstengears.com\/wp-content\/uploads\/2021\/11\/01-HellstenGears-logo-main_400-bred.png","width":373,"height":92,"caption":"Hellsten Gears AB"},"image":{"@id":"https:\/\/products.hellstengears.com\/#\/schema\/logo\/image\/"},"sameAs":["https:\/\/www.facebook.com\/hellstengearsab","https:\/\/www.instagram.com\/hellstengears\/","http:\/\/linkedin.com\/company\/hellstengears","https:\/\/www.youtube.com\/channel\/UCrkdxgxiDQ31TLRnlNN9kyA"]}]}},"_links":{"self":[{"href":"https:\/\/products.hellstengears.com\/sv\/wp-json\/wp\/v2\/pages\/18","targetHints":{"allow":["GET"]}}],"collection":[{"href":"https:\/\/products.hellstengears.com\/sv\/wp-json\/wp\/v2\/pages"}],"about":[{"href":"https:\/\/products.hellstengears.com\/sv\/wp-json\/wp\/v2\/types\/page"}],"author":[{"embeddable":true,"href":"https:\/\/products.hellstengears.com\/sv\/wp-json\/wp\/v2\/users\/1"}],"replies":[{"embeddable":true,"href":"https:\/\/products.hellstengears.com\/sv\/wp-json\/wp\/v2\/comments?post=18"}],"version-history":[{"count":76,"href":"https:\/\/products.hellstengears.com\/sv\/wp-json\/wp\/v2\/pages\/18\/revisions"}],"predecessor-version":[{"id":34961,"href":"https:\/\/products.hellstengears.com\/sv\/wp-json\/wp\/v2\/pages\/18\/revisions\/34961"}],"wp:featuredmedia":[{"embeddable":true,"href":"https:\/\/products.hellstengears.com\/sv\/wp-json\/wp\/v2\/media\/22203"}],"wp:attachment":[{"href":"https:\/\/products.hellstengears.com\/sv\/wp-json\/wp\/v2\/media?parent=18"}],"curies":[{"name":"wp","href":"https:\/\/api.w.org\/{rel}","templated":true}]}}