
{"id":71864,"date":"2024-08-14T11:04:41","date_gmt":"2024-08-14T11:04:41","guid":{"rendered":"https:\/\/products.hellstengears.com\/en\/product\/41190-audi-a3-s3-8v-13-20-gearbox-automatic-sst\/"},"modified":"2026-04-19T04:29:03","modified_gmt":"2026-04-19T04:29:03","slug":"41190-audi-a3-s3-8v-13-20-gearbox-automatic-sst","status":"publish","type":"product","link":"https:\/\/products.hellstengears.com\/fr\/product\/41190-audi-a3-s3-8v-13-20-gearbox-automatic-sst\/","title":{"rendered":""},"content":{"rendered":"","protected":false},"excerpt":{"rendered":"","protected":false},"featured_media":0,"comment_status":"open","ping_status":"closed","template":"","meta":{"part_no":"41190"},"product_brand":[],"product_cat":[1220],"product_tag":[],"class_list":{"0":"post-71864","1":"product","2":"type-product","3":"status-publish","5":"product_cat-boite-de-vitesse-automatique","7":"first","8":"instock","9":"shipping-taxable","10":"purchasable","11":"product-type-simple"},"yoast_head":"<!-- This site is optimized with the Yoast SEO plugin v27.4 - https:\/\/yoast.com\/product\/yoast-seo-wordpress\/ -->\n<title>Renovated-Bo\u00eete automatique-SST-Audi A3\/s3 8v 13-20<\/title>\n<meta name=\"description\" content=\"Hellsten Gears AB offers a Renovated %%ct_product_cat%% with original number SST for a Audi A3\/s3 8v 13-20. 2 years warranty!\" \/>\n<meta name=\"robots\" content=\"index, follow, max-snippet:-1, max-image-preview:large, max-video-preview:-1\" \/>\n<link rel=\"canonical\" href=\"https:\/\/products.hellstengears.com\/fr\/product\/41190-audi-a3-s3-8v-13-20-gearbox-automatic-sst\/\" \/>\n<meta property=\"og:locale\" content=\"fr_FR\" \/>\n<meta property=\"og:locale:alternate\" content=\"en_GB\" \/>\n<meta property=\"og:locale:alternate\" content=\"sv_SE\" \/>\n<meta property=\"og:locale:alternate\" content=\"da_DK\" \/>\n<meta property=\"og:locale:alternate\" content=\"fi\" \/>\n<meta property=\"og:locale:alternate\" content=\"nn_NO\" \/>\n<meta property=\"og:type\" content=\"article\" \/>\n<meta property=\"og:title\" content=\"Renoverad-Bo\u00eete automatique-SST-Audi A3\/s3 8v 13-20\" \/>\n<meta property=\"og:description\" content=\"Hellsten Gears AB erbjuder en Renoverad Bo\u00eete automatique med originalkod SST till Audi A3\/s3 8v 13-20. 2 \u00e5rs garanti!\" \/>\n<meta property=\"og:url\" content=\"https:\/\/products.hellstengears.com\/fr\/product\/41190-audi-a3-s3-8v-13-20-gearbox-automatic-sst\/\" \/>\n<meta property=\"og:site_name\" content=\"Hellsten Gears | Recherchez des bo\u00eetes de vitesses reconditionn\u00e9es et d&#039;occasion, des unit\u00e9s de transfert, des diff\u00e9rentiels avant\/arri\u00e8re et des turbos!\" \/>\n<meta property=\"article:publisher\" content=\"https:\/\/www.facebook.com\/hellstengearsab\" \/>\n<meta property=\"article:modified_time\" content=\"2026-04-19T04:29:03+00:00\" \/>\n<meta property=\"og:image\" content=\"https:\/\/products.hellstengears.com\/wp-content\/uploads\/2024\/08\/EGRd2bwYfe6T7cpgrBqbxXcJJ7HQLgFcSfdcrKDy.jpg\" \/>\n\t<meta property=\"og:image:width\" content=\"577\" \/>\n\t<meta property=\"og:image:height\" content=\"433\" \/>\n\t<meta property=\"og:image:type\" content=\"image\/jpeg\" \/>\n<meta name=\"twitter:card\" content=\"summary_large_image\" \/>\n<script type=\"application\/ld+json\" class=\"yoast-schema-graph\">{\"@context\":\"https:\\\/\\\/schema.org\",\"@graph\":[{\"@type\":\"WebPage\",\"@id\":\"https:\\\/\\\/products.hellstengears.com\\\/en\\\/product\\\/41190-audi-a3-s3-8v-13-20-gearbox-automatic-sst\\\/\",\"url\":\"https:\\\/\\\/products.hellstengears.com\\\/en\\\/product\\\/41190-audi-a3-s3-8v-13-20-gearbox-automatic-sst\\\/\",\"name\":\"Renoverad-Bo\u00eete automatique-SST-Audi A3\\\/s3 8v 13-20\",\"isPartOf\":{\"@id\":\"https:\\\/\\\/products.hellstengears.com\\\/#website\"},\"datePublished\":\"2024-08-14T11:04:41+00:00\",\"dateModified\":\"2026-04-19T04:29:03+00:00\",\"description\":\"Hellsten Gears AB erbjuder en Renoverad Bo\u00eete automatique med originalkod SST till Audi A3\\\/s3 8v 13-20. 2 \u00e5rs garanti!\",\"breadcrumb\":{\"@id\":\"https:\\\/\\\/products.hellstengears.com\\\/en\\\/product\\\/41190-audi-a3-s3-8v-13-20-gearbox-automatic-sst\\\/#breadcrumb\"},\"inLanguage\":\"fr-FR\",\"potentialAction\":[{\"@type\":\"ReadAction\",\"target\":[\"https:\\\/\\\/products.hellstengears.com\\\/en\\\/product\\\/41190-audi-a3-s3-8v-13-20-gearbox-automatic-sst\\\/\"]}]},{\"@type\":\"BreadcrumbList\",\"@id\":\"https:\\\/\\\/products.hellstengears.com\\\/en\\\/product\\\/41190-audi-a3-s3-8v-13-20-gearbox-automatic-sst\\\/#breadcrumb\",\"itemListElement\":[{\"@type\":\"ListItem\",\"position\":1,\"name\":\"Home\",\"item\":\"https:\\\/\\\/products.hellstengears.com\\\/\"},{\"@type\":\"ListItem\",\"position\":2,\"name\":\"S\u00f8g efter gearkasse dele\",\"item\":\"https:\\\/\\\/products.hellstengears.com\\\/da\\\/search-transmission-parts\\\/\"},{\"@type\":\"ListItem\",\"position\":3,\"name\":\"41190\"}]},{\"@type\":\"WebSite\",\"@id\":\"https:\\\/\\\/products.hellstengears.com\\\/#website\",\"url\":\"https:\\\/\\\/products.hellstengears.com\\\/\",\"name\":\"Hellsten Gears Search Refurbished and Used Products\",\"description\":\"Sp\u00e9cialistes depuis 1983\",\"publisher\":{\"@id\":\"https:\\\/\\\/products.hellstengears.com\\\/#organization\"},\"potentialAction\":[{\"@type\":\"SearchAction\",\"target\":{\"@type\":\"EntryPoint\",\"urlTemplate\":\"https:\\\/\\\/products.hellstengears.com\\\/?s={search_term_string}\"},\"query-input\":{\"@type\":\"PropertyValueSpecification\",\"valueRequired\":true,\"valueName\":\"search_term_string\"}}],\"inLanguage\":\"fr-FR\"},{\"@type\":\"Organization\",\"@id\":\"https:\\\/\\\/products.hellstengears.com\\\/#organization\",\"name\":\"Hellsten Gears AB\",\"url\":\"https:\\\/\\\/products.hellstengears.com\\\/\",\"logo\":{\"@type\":\"ImageObject\",\"inLanguage\":\"fr-FR\",\"@id\":\"https:\\\/\\\/products.hellstengears.com\\\/#\\\/schema\\\/logo\\\/image\\\/\",\"url\":\"https:\\\/\\\/products.hellstengears.com\\\/wp-content\\\/uploads\\\/2021\\\/11\\\/01-HellstenGears-logo-main_400-bred.png\",\"contentUrl\":\"https:\\\/\\\/products.hellstengears.com\\\/wp-content\\\/uploads\\\/2021\\\/11\\\/01-HellstenGears-logo-main_400-bred.png\",\"width\":373,\"height\":92,\"caption\":\"Hellsten Gears AB\"},\"image\":{\"@id\":\"https:\\\/\\\/products.hellstengears.com\\\/#\\\/schema\\\/logo\\\/image\\\/\"},\"sameAs\":[\"https:\\\/\\\/www.facebook.com\\\/hellstengearsab\",\"https:\\\/\\\/www.instagram.com\\\/hellstengears\\\/\",\"http:\\\/\\\/linkedin.com\\\/company\\\/hellstengears\",\"https:\\\/\\\/www.youtube.com\\\/channel\\\/UCrkdxgxiDQ31TLRnlNN9kyA\"]}]}<\/script>\n<!-- \/ Yoast SEO plugin. -->","yoast_head_json":{"title":"Renovated-Bo\u00eete automatique-SST-Audi A3\/s3 8v 13-20","description":"Hellsten Gears AB offers a Renovated %%ct_product_cat%% with original number SST for a Audi A3\/s3 8v 13-20. 2 years warranty!","robots":{"index":"index","follow":"follow","max-snippet":"max-snippet:-1","max-image-preview":"max-image-preview:large","max-video-preview":"max-video-preview:-1"},"canonical":"https:\/\/products.hellstengears.com\/fr\/product\/41190-audi-a3-s3-8v-13-20-gearbox-automatic-sst\/","og_locale":"fr_FR","og_type":"article","og_title":"Renoverad-Bo\u00eete automatique-SST-Audi A3\/s3 8v 13-20","og_description":"Hellsten Gears AB erbjuder en Renoverad Bo\u00eete automatique med originalkod SST till Audi A3\/s3 8v 13-20. 2 \u00e5rs garanti!","og_url":"https:\/\/products.hellstengears.com\/fr\/product\/41190-audi-a3-s3-8v-13-20-gearbox-automatic-sst\/","og_site_name":"Hellsten Gears | Recherchez des bo\u00eetes de vitesses reconditionn\u00e9es et d'occasion, des unit\u00e9s de transfert, des diff\u00e9rentiels avant\/arri\u00e8re et des turbos!","article_publisher":"https:\/\/www.facebook.com\/hellstengearsab","article_modified_time":"2026-04-19T04:29:03+00:00","og_image":[{"width":577,"height":433,"url":"https:\/\/products.hellstengears.com\/wp-content\/uploads\/2024\/08\/EGRd2bwYfe6T7cpgrBqbxXcJJ7HQLgFcSfdcrKDy.jpg","type":"image\/jpeg"}],"twitter_card":"summary_large_image","schema":{"@context":"https:\/\/schema.org","@graph":[{"@type":"WebPage","@id":"https:\/\/products.hellstengears.com\/en\/product\/41190-audi-a3-s3-8v-13-20-gearbox-automatic-sst\/","url":"https:\/\/products.hellstengears.com\/en\/product\/41190-audi-a3-s3-8v-13-20-gearbox-automatic-sst\/","name":"Renoverad-Bo\u00eete automatique-SST-Audi A3\/s3 8v 13-20","isPartOf":{"@id":"https:\/\/products.hellstengears.com\/#website"},"datePublished":"2024-08-14T11:04:41+00:00","dateModified":"2026-04-19T04:29:03+00:00","description":"Hellsten Gears AB erbjuder en Renoverad Bo\u00eete automatique med originalkod SST till Audi A3\/s3 8v 13-20. 2 \u00e5rs garanti!","breadcrumb":{"@id":"https:\/\/products.hellstengears.com\/en\/product\/41190-audi-a3-s3-8v-13-20-gearbox-automatic-sst\/#breadcrumb"},"inLanguage":"fr-FR","potentialAction":[{"@type":"ReadAction","target":["https:\/\/products.hellstengears.com\/en\/product\/41190-audi-a3-s3-8v-13-20-gearbox-automatic-sst\/"]}]},{"@type":"BreadcrumbList","@id":"https:\/\/products.hellstengears.com\/en\/product\/41190-audi-a3-s3-8v-13-20-gearbox-automatic-sst\/#breadcrumb","itemListElement":[{"@type":"ListItem","position":1,"name":"Home","item":"https:\/\/products.hellstengears.com\/"},{"@type":"ListItem","position":2,"name":"S\u00f8g efter gearkasse dele","item":"https:\/\/products.hellstengears.com\/da\/search-transmission-parts\/"},{"@type":"ListItem","position":3,"name":"41190"}]},{"@type":"WebSite","@id":"https:\/\/products.hellstengears.com\/#website","url":"https:\/\/products.hellstengears.com\/","name":"Hellsten Gears Search Refurbished and Used Products","description":"Sp\u00e9cialistes depuis 1983","publisher":{"@id":"https:\/\/products.hellstengears.com\/#organization"},"potentialAction":[{"@type":"SearchAction","target":{"@type":"EntryPoint","urlTemplate":"https:\/\/products.hellstengears.com\/?s={search_term_string}"},"query-input":{"@type":"PropertyValueSpecification","valueRequired":true,"valueName":"search_term_string"}}],"inLanguage":"fr-FR"},{"@type":"Organization","@id":"https:\/\/products.hellstengears.com\/#organization","name":"Hellsten Gears AB","url":"https:\/\/products.hellstengears.com\/","logo":{"@type":"ImageObject","inLanguage":"fr-FR","@id":"https:\/\/products.hellstengears.com\/#\/schema\/logo\/image\/","url":"https:\/\/products.hellstengears.com\/wp-content\/uploads\/2021\/11\/01-HellstenGears-logo-main_400-bred.png","contentUrl":"https:\/\/products.hellstengears.com\/wp-content\/uploads\/2021\/11\/01-HellstenGears-logo-main_400-bred.png","width":373,"height":92,"caption":"Hellsten Gears AB"},"image":{"@id":"https:\/\/products.hellstengears.com\/#\/schema\/logo\/image\/"},"sameAs":["https:\/\/www.facebook.com\/hellstengearsab","https:\/\/www.instagram.com\/hellstengears\/","http:\/\/linkedin.com\/company\/hellstengears","https:\/\/www.youtube.com\/channel\/UCrkdxgxiDQ31TLRnlNN9kyA"]}]}},"_links":{"self":[{"href":"https:\/\/products.hellstengears.com\/fr\/wp-json\/wp\/v2\/product\/71864","targetHints":{"allow":["GET"]}}],"collection":[{"href":"https:\/\/products.hellstengears.com\/fr\/wp-json\/wp\/v2\/product"}],"about":[{"href":"https:\/\/products.hellstengears.com\/fr\/wp-json\/wp\/v2\/types\/product"}],"replies":[{"embeddable":true,"href":"https:\/\/products.hellstengears.com\/fr\/wp-json\/wp\/v2\/comments?post=71864"}],"wp:attachment":[{"href":"https:\/\/products.hellstengears.com\/fr\/wp-json\/wp\/v2\/media?parent=71864"}],"wp:term":[{"taxonomy":"product_brand","embeddable":true,"href":"https:\/\/products.hellstengears.com\/fr\/wp-json\/wp\/v2\/product_brand?post=71864"},{"taxonomy":"product_cat","embeddable":true,"href":"https:\/\/products.hellstengears.com\/fr\/wp-json\/wp\/v2\/product_cat?post=71864"},{"taxonomy":"product_tag","embeddable":true,"href":"https:\/\/products.hellstengears.com\/fr\/wp-json\/wp\/v2\/product_tag?post=71864"}],"curies":[{"name":"wp","href":"https:\/\/api.w.org\/{rel}","templated":true}]}}