
{"id":19018,"date":"2021-10-07T17:37:46","date_gmt":"2021-10-07T17:37:46","guid":{"rendered":"https:\/\/products.hellstengears.com\/en\/product\/37170-hyundai-santa-fe-13-18-differential-rear-530003b500\/"},"modified":"2021-12-07T20:18:23","modified_gmt":"2021-12-07T20:18:23","slug":"37170-hyundai-santa-fe-13-18-differential-rear-530003b500","status":"publish","type":"product","link":"https:\/\/products.hellstengears.com\/fr\/product\/37170-hyundai-santa-fe-13-18-differential-rear-530003b500\/","title":{"rendered":"37170"},"content":{"rendered":"<p>Hellsten Gears AB has been in the gearbox refurbishment business since 1983. We turn old parts in to new and broken ones in to working parts again. By doing so, more parts can be recycled. A win-win situation for both the environment and the customer. Most of our products are sold as exchange parts, i.e., the broken part has to be returned to us after the new one has been fitted in to the vehicle. All our prices reflect this way of working. With a unique warranty period of 2 years for both refurbished and used units, it is safe to use us as a supplier.<\/p>\n","protected":false},"excerpt":{"rendered":"<p>Ny original &#8211; 2 \u00e5rs garanti &#8211; Komplett<\/p>\n","protected":false},"featured_media":30767,"comment_status":"open","ping_status":"closed","template":"","meta":{"part_no":"37170"},"product_brand":[],"product_cat":[238],"product_tag":[],"class_list":{"0":"post-19018","1":"product","2":"type-product","3":"status-publish","4":"has-post-thumbnail","6":"product_cat-differentiel-arriere","8":"first","9":"instock","10":"shipping-taxable","11":"purchasable","12":"product-type-simple"},"yoast_head":"<!-- This site is optimized with the Yoast SEO plugin v27.4 - https:\/\/yoast.com\/product\/yoast-seo-wordpress\/ -->\n<title>New original part-Diff\u00e9rentiel arri\u00e8re-530003B500-Hyundai Santa Fe 13-18<\/title>\n<meta name=\"description\" content=\"Hellsten Gears AB offers a New original part %%ct_product_cat%% with original number 530003B500 for a Hyundai Santa Fe 13-18. 2 years warranty!\" \/>\n<meta name=\"robots\" content=\"index, follow, max-snippet:-1, max-image-preview:large, max-video-preview:-1\" \/>\n<link rel=\"canonical\" href=\"https:\/\/products.hellstengears.com\/fr\/product\/37170-hyundai-santa-fe-13-18-differential-rear-530003b500\/\" \/>\n<meta property=\"og:locale\" content=\"fr_FR\" \/>\n<meta property=\"og:locale:alternate\" content=\"en_GB\" \/>\n<meta property=\"og:locale:alternate\" content=\"sv_SE\" \/>\n<meta property=\"og:locale:alternate\" content=\"da_DK\" \/>\n<meta property=\"og:locale:alternate\" content=\"fi\" \/>\n<meta property=\"og:locale:alternate\" content=\"nn_NO\" \/>\n<meta property=\"og:type\" content=\"article\" \/>\n<meta property=\"og:title\" content=\"New original part-Diff\u00e9rentiel arri\u00e8re-530003B500-Hyundai Santa Fe 13-18\" \/>\n<meta property=\"og:description\" content=\"Hellsten Gears AB offers a New original part Diff\u00e9rentiel arri\u00e8re with original number 530003B500 for a Hyundai Santa Fe 13-18. 2 years warranty!\" \/>\n<meta property=\"og:url\" content=\"https:\/\/products.hellstengears.com\/fr\/product\/37170-hyundai-santa-fe-13-18-differential-rear-530003b500\/\" \/>\n<meta property=\"og:site_name\" content=\"Hellsten Gears | Recherchez des bo\u00eetes de vitesses reconditionn\u00e9es et d&#039;occasion, des unit\u00e9s de transfert, des diff\u00e9rentiels avant\/arri\u00e8re et des turbos!\" \/>\n<meta property=\"article:publisher\" content=\"https:\/\/www.facebook.com\/hellstengearsab\" \/>\n<meta property=\"article:modified_time\" content=\"2021-12-07T20:18:23+00:00\" \/>\n<meta property=\"og:image\" content=\"https:\/\/www.dropbox.com\/s\/q4g2jo3j7vkyw3e\/37170_1.jpg?raw=1\" \/>\n<meta name=\"twitter:card\" content=\"summary_large_image\" \/>\n<meta name=\"twitter:label1\" content=\"Dur\u00e9e de lecture estim\u00e9e\" \/>\n\t<meta name=\"twitter:data1\" content=\"1 minute\" \/>\n<script type=\"application\/ld+json\" class=\"yoast-schema-graph\">{\"@context\":\"https:\\\/\\\/schema.org\",\"@graph\":[{\"@type\":\"WebPage\",\"@id\":\"https:\\\/\\\/products.hellstengears.com\\\/fr\\\/product\\\/37170-hyundai-santa-fe-13-18-differential-rear-530003b500\\\/\",\"url\":\"https:\\\/\\\/products.hellstengears.com\\\/fr\\\/product\\\/37170-hyundai-santa-fe-13-18-differential-rear-530003b500\\\/\",\"name\":\"New original part-Diff\u00e9rentiel arri\u00e8re-530003B500-Hyundai Santa Fe 13-18\",\"isPartOf\":{\"@id\":\"https:\\\/\\\/products.hellstengears.com\\\/#website\"},\"primaryImageOfPage\":{\"@id\":\"https:\\\/\\\/products.hellstengears.com\\\/fr\\\/product\\\/37170-hyundai-santa-fe-13-18-differential-rear-530003b500\\\/#primaryimage\"},\"image\":{\"@id\":\"https:\\\/\\\/products.hellstengears.com\\\/fr\\\/product\\\/37170-hyundai-santa-fe-13-18-differential-rear-530003b500\\\/#primaryimage\"},\"thumbnailUrl\":\"https:\\\/\\\/products.hellstengears.com\\\/wp-content\\\/uploads\\\/2021\\\/11\\\/37170_1-3.jpg\",\"datePublished\":\"2021-10-07T17:37:46+00:00\",\"dateModified\":\"2021-12-07T20:18:23+00:00\",\"description\":\"Hellsten Gears AB offers a New original part Diff\u00e9rentiel arri\u00e8re with original number 530003B500 for a Hyundai Santa Fe 13-18. 2 years warranty!\",\"breadcrumb\":{\"@id\":\"https:\\\/\\\/products.hellstengears.com\\\/fr\\\/product\\\/37170-hyundai-santa-fe-13-18-differential-rear-530003b500\\\/#breadcrumb\"},\"inLanguage\":\"fr-FR\",\"potentialAction\":[{\"@type\":\"ReadAction\",\"target\":[\"https:\\\/\\\/products.hellstengears.com\\\/fr\\\/product\\\/37170-hyundai-santa-fe-13-18-differential-rear-530003b500\\\/\"]}]},{\"@type\":\"ImageObject\",\"inLanguage\":\"fr-FR\",\"@id\":\"https:\\\/\\\/products.hellstengears.com\\\/fr\\\/product\\\/37170-hyundai-santa-fe-13-18-differential-rear-530003b500\\\/#primaryimage\",\"url\":\"https:\\\/\\\/products.hellstengears.com\\\/wp-content\\\/uploads\\\/2021\\\/11\\\/37170_1-3.jpg\",\"contentUrl\":\"https:\\\/\\\/products.hellstengears.com\\\/wp-content\\\/uploads\\\/2021\\\/11\\\/37170_1-3.jpg\",\"width\":640,\"height\":433},{\"@type\":\"BreadcrumbList\",\"@id\":\"https:\\\/\\\/products.hellstengears.com\\\/fr\\\/product\\\/37170-hyundai-santa-fe-13-18-differential-rear-530003b500\\\/#breadcrumb\",\"itemListElement\":[{\"@type\":\"ListItem\",\"position\":1,\"name\":\"Home\",\"item\":\"https:\\\/\\\/products.hellstengears.com\\\/\"},{\"@type\":\"ListItem\",\"position\":2,\"name\":\"S\u00f8g efter gearkasse dele\",\"item\":\"https:\\\/\\\/products.hellstengears.com\\\/da\\\/search-transmission-parts\\\/\"},{\"@type\":\"ListItem\",\"position\":3,\"name\":\"37170\"}]},{\"@type\":\"WebSite\",\"@id\":\"https:\\\/\\\/products.hellstengears.com\\\/#website\",\"url\":\"https:\\\/\\\/products.hellstengears.com\\\/\",\"name\":\"Hellsten Gears Search Refurbished and Used Products\",\"description\":\"Sp\u00e9cialistes depuis 1983\",\"publisher\":{\"@id\":\"https:\\\/\\\/products.hellstengears.com\\\/#organization\"},\"potentialAction\":[{\"@type\":\"SearchAction\",\"target\":{\"@type\":\"EntryPoint\",\"urlTemplate\":\"https:\\\/\\\/products.hellstengears.com\\\/?s={search_term_string}\"},\"query-input\":{\"@type\":\"PropertyValueSpecification\",\"valueRequired\":true,\"valueName\":\"search_term_string\"}}],\"inLanguage\":\"fr-FR\"},{\"@type\":\"Organization\",\"@id\":\"https:\\\/\\\/products.hellstengears.com\\\/#organization\",\"name\":\"Hellsten Gears AB\",\"url\":\"https:\\\/\\\/products.hellstengears.com\\\/\",\"logo\":{\"@type\":\"ImageObject\",\"inLanguage\":\"fr-FR\",\"@id\":\"https:\\\/\\\/products.hellstengears.com\\\/#\\\/schema\\\/logo\\\/image\\\/\",\"url\":\"https:\\\/\\\/products.hellstengears.com\\\/wp-content\\\/uploads\\\/2021\\\/11\\\/01-HellstenGears-logo-main_400-bred.png\",\"contentUrl\":\"https:\\\/\\\/products.hellstengears.com\\\/wp-content\\\/uploads\\\/2021\\\/11\\\/01-HellstenGears-logo-main_400-bred.png\",\"width\":373,\"height\":92,\"caption\":\"Hellsten Gears AB\"},\"image\":{\"@id\":\"https:\\\/\\\/products.hellstengears.com\\\/#\\\/schema\\\/logo\\\/image\\\/\"},\"sameAs\":[\"https:\\\/\\\/www.facebook.com\\\/hellstengearsab\",\"https:\\\/\\\/www.instagram.com\\\/hellstengears\\\/\",\"http:\\\/\\\/linkedin.com\\\/company\\\/hellstengears\",\"https:\\\/\\\/www.youtube.com\\\/channel\\\/UCrkdxgxiDQ31TLRnlNN9kyA\"]}]}<\/script>\n<!-- \/ Yoast SEO plugin. -->","yoast_head_json":{"title":"New original part-Diff\u00e9rentiel arri\u00e8re-530003B500-Hyundai Santa Fe 13-18","description":"Hellsten Gears AB offers a New original part %%ct_product_cat%% with original number 530003B500 for a Hyundai Santa Fe 13-18. 2 years warranty!","robots":{"index":"index","follow":"follow","max-snippet":"max-snippet:-1","max-image-preview":"max-image-preview:large","max-video-preview":"max-video-preview:-1"},"canonical":"https:\/\/products.hellstengears.com\/fr\/product\/37170-hyundai-santa-fe-13-18-differential-rear-530003b500\/","og_locale":"fr_FR","og_type":"article","og_title":"New original part-Diff\u00e9rentiel arri\u00e8re-530003B500-Hyundai Santa Fe 13-18","og_description":"Hellsten Gears AB offers a New original part Diff\u00e9rentiel arri\u00e8re with original number 530003B500 for a Hyundai Santa Fe 13-18. 2 years warranty!","og_url":"https:\/\/products.hellstengears.com\/fr\/product\/37170-hyundai-santa-fe-13-18-differential-rear-530003b500\/","og_site_name":"Hellsten Gears | Recherchez des bo\u00eetes de vitesses reconditionn\u00e9es et d'occasion, des unit\u00e9s de transfert, des diff\u00e9rentiels avant\/arri\u00e8re et des turbos!","article_publisher":"https:\/\/www.facebook.com\/hellstengearsab","article_modified_time":"2021-12-07T20:18:23+00:00","og_image":[{"url":"https:\/\/www.dropbox.com\/s\/q4g2jo3j7vkyw3e\/37170_1.jpg?raw=1","type":"","width":"","height":""}],"twitter_card":"summary_large_image","twitter_misc":{"Dur\u00e9e de lecture estim\u00e9e":"1 minute"},"schema":{"@context":"https:\/\/schema.org","@graph":[{"@type":"WebPage","@id":"https:\/\/products.hellstengears.com\/fr\/product\/37170-hyundai-santa-fe-13-18-differential-rear-530003b500\/","url":"https:\/\/products.hellstengears.com\/fr\/product\/37170-hyundai-santa-fe-13-18-differential-rear-530003b500\/","name":"New original part-Diff\u00e9rentiel arri\u00e8re-530003B500-Hyundai Santa Fe 13-18","isPartOf":{"@id":"https:\/\/products.hellstengears.com\/#website"},"primaryImageOfPage":{"@id":"https:\/\/products.hellstengears.com\/fr\/product\/37170-hyundai-santa-fe-13-18-differential-rear-530003b500\/#primaryimage"},"image":{"@id":"https:\/\/products.hellstengears.com\/fr\/product\/37170-hyundai-santa-fe-13-18-differential-rear-530003b500\/#primaryimage"},"thumbnailUrl":"https:\/\/products.hellstengears.com\/wp-content\/uploads\/2021\/11\/37170_1-3.jpg","datePublished":"2021-10-07T17:37:46+00:00","dateModified":"2021-12-07T20:18:23+00:00","description":"Hellsten Gears AB offers a New original part Diff\u00e9rentiel arri\u00e8re with original number 530003B500 for a Hyundai Santa Fe 13-18. 2 years warranty!","breadcrumb":{"@id":"https:\/\/products.hellstengears.com\/fr\/product\/37170-hyundai-santa-fe-13-18-differential-rear-530003b500\/#breadcrumb"},"inLanguage":"fr-FR","potentialAction":[{"@type":"ReadAction","target":["https:\/\/products.hellstengears.com\/fr\/product\/37170-hyundai-santa-fe-13-18-differential-rear-530003b500\/"]}]},{"@type":"ImageObject","inLanguage":"fr-FR","@id":"https:\/\/products.hellstengears.com\/fr\/product\/37170-hyundai-santa-fe-13-18-differential-rear-530003b500\/#primaryimage","url":"https:\/\/products.hellstengears.com\/wp-content\/uploads\/2021\/11\/37170_1-3.jpg","contentUrl":"https:\/\/products.hellstengears.com\/wp-content\/uploads\/2021\/11\/37170_1-3.jpg","width":640,"height":433},{"@type":"BreadcrumbList","@id":"https:\/\/products.hellstengears.com\/fr\/product\/37170-hyundai-santa-fe-13-18-differential-rear-530003b500\/#breadcrumb","itemListElement":[{"@type":"ListItem","position":1,"name":"Home","item":"https:\/\/products.hellstengears.com\/"},{"@type":"ListItem","position":2,"name":"S\u00f8g efter gearkasse dele","item":"https:\/\/products.hellstengears.com\/da\/search-transmission-parts\/"},{"@type":"ListItem","position":3,"name":"37170"}]},{"@type":"WebSite","@id":"https:\/\/products.hellstengears.com\/#website","url":"https:\/\/products.hellstengears.com\/","name":"Hellsten Gears Search Refurbished and Used Products","description":"Sp\u00e9cialistes depuis 1983","publisher":{"@id":"https:\/\/products.hellstengears.com\/#organization"},"potentialAction":[{"@type":"SearchAction","target":{"@type":"EntryPoint","urlTemplate":"https:\/\/products.hellstengears.com\/?s={search_term_string}"},"query-input":{"@type":"PropertyValueSpecification","valueRequired":true,"valueName":"search_term_string"}}],"inLanguage":"fr-FR"},{"@type":"Organization","@id":"https:\/\/products.hellstengears.com\/#organization","name":"Hellsten Gears AB","url":"https:\/\/products.hellstengears.com\/","logo":{"@type":"ImageObject","inLanguage":"fr-FR","@id":"https:\/\/products.hellstengears.com\/#\/schema\/logo\/image\/","url":"https:\/\/products.hellstengears.com\/wp-content\/uploads\/2021\/11\/01-HellstenGears-logo-main_400-bred.png","contentUrl":"https:\/\/products.hellstengears.com\/wp-content\/uploads\/2021\/11\/01-HellstenGears-logo-main_400-bred.png","width":373,"height":92,"caption":"Hellsten Gears AB"},"image":{"@id":"https:\/\/products.hellstengears.com\/#\/schema\/logo\/image\/"},"sameAs":["https:\/\/www.facebook.com\/hellstengearsab","https:\/\/www.instagram.com\/hellstengears\/","http:\/\/linkedin.com\/company\/hellstengears","https:\/\/www.youtube.com\/channel\/UCrkdxgxiDQ31TLRnlNN9kyA"]}]}},"_links":{"self":[{"href":"https:\/\/products.hellstengears.com\/fr\/wp-json\/wp\/v2\/product\/19018","targetHints":{"allow":["GET"]}}],"collection":[{"href":"https:\/\/products.hellstengears.com\/fr\/wp-json\/wp\/v2\/product"}],"about":[{"href":"https:\/\/products.hellstengears.com\/fr\/wp-json\/wp\/v2\/types\/product"}],"replies":[{"embeddable":true,"href":"https:\/\/products.hellstengears.com\/fr\/wp-json\/wp\/v2\/comments?post=19018"}],"wp:featuredmedia":[{"embeddable":true,"href":"https:\/\/products.hellstengears.com\/fr\/wp-json\/wp\/v2\/media\/30767"}],"wp:attachment":[{"href":"https:\/\/products.hellstengears.com\/fr\/wp-json\/wp\/v2\/media?parent=19018"}],"wp:term":[{"taxonomy":"product_brand","embeddable":true,"href":"https:\/\/products.hellstengears.com\/fr\/wp-json\/wp\/v2\/product_brand?post=19018"},{"taxonomy":"product_cat","embeddable":true,"href":"https:\/\/products.hellstengears.com\/fr\/wp-json\/wp\/v2\/product_cat?post=19018"},{"taxonomy":"product_tag","embeddable":true,"href":"https:\/\/products.hellstengears.com\/fr\/wp-json\/wp\/v2\/product_tag?post=19018"}],"curies":[{"name":"wp","href":"https:\/\/api.w.org\/{rel}","templated":true}]}}