
{"id":17643,"date":"2021-10-07T18:34:06","date_gmt":"2021-10-07T18:34:06","guid":{"rendered":"https:\/\/products.hellstengears.com\/en\/product\/37442-bmw-5-g30-g31-f90-17-transfer-unit-27109469019\/"},"modified":"2026-04-12T04:24:09","modified_gmt":"2026-04-12T04:24:09","slug":"37442-bmw-5-g30-g31-f90-17-23-transfer-unit-27109469019","status":"publish","type":"product","link":"https:\/\/products.hellstengears.com\/fr\/product\/37442-bmw-5-g30-g31-f90-17-23-transfer-unit-27109469019\/","title":{"rendered":"37442"},"content":{"rendered":"<p>Hellsten Gears AB is one of Europe&rsquo;s largest suppliers of factory refurbished and used gearboxes (automatic gearboxes, DSG gearboxes, manual gearboxes, CVT gearboxes), transfer units, differentials and turbos for passenger cars, motorhomes, commercial vehicles and light utility trucks to most car makes and car models. We have been experts by your side since 1983! With an unique warranty period of 2 years for both factory refurbished and used units, we offer an affordable and safe alternative to original parts. With extensive inventory, correct delivery dates and fast worldwide deliveries, you can count on full assistance from us!<\/p>\n","protected":false},"excerpt":{"rendered":"<p>Renoverad utbytesdel &#8211; 2 \u00e5rs garanti<\/p>\n","protected":false},"featured_media":72406,"comment_status":"open","ping_status":"closed","template":"","meta":{"part_no":"37442"},"product_brand":[],"product_cat":[1219],"product_tag":[],"class_list":{"0":"post-17643","1":"product","2":"type-product","3":"status-publish","4":"has-post-thumbnail","6":"product_cat-transfer-unit-2","8":"first","9":"instock","10":"shipping-taxable","11":"purchasable","12":"product-type-simple"},"yoast_head":"<!-- This site is optimized with the Yoast SEO plugin v27.4 - https:\/\/yoast.com\/product\/yoast-seo-wordpress\/ -->\n<title>Renovated-TRANSFER UNIT-27109469019-Bmw 5 G30\/g31\/f90 17-23<\/title>\n<meta name=\"description\" content=\"Hellsten Gears AB offers a Renovated %%ct_product_cat%% with original number 27109469019 for a Bmw 5 G30\/g31\/f90 17-23. 2 years warranty!\" \/>\n<meta name=\"robots\" content=\"index, follow, max-snippet:-1, max-image-preview:large, max-video-preview:-1\" \/>\n<link rel=\"canonical\" href=\"https:\/\/products.hellstengears.com\/fr\/product\/37442-bmw-5-g30-g31-f90-17-23-transfer-unit-27109469019\/\" \/>\n<meta property=\"og:locale\" content=\"fr_FR\" \/>\n<meta property=\"og:locale:alternate\" content=\"en_GB\" \/>\n<meta property=\"og:locale:alternate\" content=\"sv_SE\" \/>\n<meta property=\"og:locale:alternate\" content=\"da_DK\" \/>\n<meta property=\"og:locale:alternate\" content=\"fi\" \/>\n<meta property=\"og:locale:alternate\" content=\"nn_NO\" \/>\n<meta property=\"og:type\" content=\"article\" \/>\n<meta property=\"og:title\" content=\"Renovated-TRANSFER UNIT-27109469019-Bmw 5 G30\/g31\/f90 17-23\" \/>\n<meta property=\"og:description\" content=\"Hellsten Gears AB offers a Renovated TRANSFER UNIT with original number 27109469019 for a Bmw 5 G30\/g31\/f90 17-23. 2 years warranty!\" \/>\n<meta property=\"og:url\" content=\"https:\/\/products.hellstengears.com\/fr\/product\/37442-bmw-5-g30-g31-f90-17-23-transfer-unit-27109469019\/\" \/>\n<meta property=\"og:site_name\" content=\"Hellsten Gears | Recherchez des bo\u00eetes de vitesses reconditionn\u00e9es et d&#039;occasion, des unit\u00e9s de transfert, des diff\u00e9rentiels avant\/arri\u00e8re et des turbos!\" \/>\n<meta property=\"article:publisher\" content=\"https:\/\/www.facebook.com\/hellstengearsab\" \/>\n<meta property=\"article:modified_time\" content=\"2026-04-12T04:24:09+00:00\" \/>\n<meta property=\"og:image\" content=\"https:\/\/www.dropbox.com\/s\/l6u22rw0nuxo17f\/37442_1.jpg?raw=1\" \/>\n<meta name=\"twitter:card\" content=\"summary_large_image\" \/>\n<script type=\"application\/ld+json\" class=\"yoast-schema-graph\">{\"@context\":\"https:\\\/\\\/schema.org\",\"@graph\":[{\"@type\":\"WebPage\",\"@id\":\"https:\\\/\\\/products.hellstengears.com\\\/en\\\/product\\\/37442-bmw-5-g30-g31-f90-17-23-transfer-unit-27109469019\\\/\",\"url\":\"https:\\\/\\\/products.hellstengears.com\\\/en\\\/product\\\/37442-bmw-5-g30-g31-f90-17-23-transfer-unit-27109469019\\\/\",\"name\":\"Renovated-TRANSFER UNIT-27109469019-Bmw 5 G30\\\/g31\\\/f90 17-23\",\"isPartOf\":{\"@id\":\"https:\\\/\\\/products.hellstengears.com\\\/#website\"},\"primaryImageOfPage\":{\"@id\":\"https:\\\/\\\/products.hellstengears.com\\\/en\\\/product\\\/37442-bmw-5-g30-g31-f90-17-23-transfer-unit-27109469019\\\/#primaryimage\"},\"image\":{\"@id\":\"https:\\\/\\\/products.hellstengears.com\\\/en\\\/product\\\/37442-bmw-5-g30-g31-f90-17-23-transfer-unit-27109469019\\\/#primaryimage\"},\"thumbnailUrl\":\"https:\\\/\\\/products.hellstengears.com\\\/wp-content\\\/uploads\\\/2024\\\/11\\\/37442_1.jpg\",\"datePublished\":\"2021-10-07T18:34:06+00:00\",\"dateModified\":\"2026-04-12T04:24:09+00:00\",\"description\":\"Hellsten Gears AB offers a Renovated TRANSFER UNIT with original number 27109469019 for a Bmw 5 G30\\\/g31\\\/f90 17-23. 2 years warranty!\",\"breadcrumb\":{\"@id\":\"https:\\\/\\\/products.hellstengears.com\\\/en\\\/product\\\/37442-bmw-5-g30-g31-f90-17-23-transfer-unit-27109469019\\\/#breadcrumb\"},\"inLanguage\":\"fr-FR\",\"potentialAction\":[{\"@type\":\"ReadAction\",\"target\":[\"https:\\\/\\\/products.hellstengears.com\\\/en\\\/product\\\/37442-bmw-5-g30-g31-f90-17-23-transfer-unit-27109469019\\\/\"]}]},{\"@type\":\"ImageObject\",\"inLanguage\":\"fr-FR\",\"@id\":\"https:\\\/\\\/products.hellstengears.com\\\/en\\\/product\\\/37442-bmw-5-g30-g31-f90-17-23-transfer-unit-27109469019\\\/#primaryimage\",\"url\":\"https:\\\/\\\/products.hellstengears.com\\\/wp-content\\\/uploads\\\/2024\\\/11\\\/37442_1.jpg\",\"contentUrl\":\"https:\\\/\\\/products.hellstengears.com\\\/wp-content\\\/uploads\\\/2024\\\/11\\\/37442_1.jpg\",\"width\":640,\"height\":433},{\"@type\":\"BreadcrumbList\",\"@id\":\"https:\\\/\\\/products.hellstengears.com\\\/en\\\/product\\\/37442-bmw-5-g30-g31-f90-17-23-transfer-unit-27109469019\\\/#breadcrumb\",\"itemListElement\":[{\"@type\":\"ListItem\",\"position\":1,\"name\":\"Home\",\"item\":\"https:\\\/\\\/products.hellstengears.com\\\/\"},{\"@type\":\"ListItem\",\"position\":2,\"name\":\"S\u00f8g efter gearkasse dele\",\"item\":\"https:\\\/\\\/products.hellstengears.com\\\/da\\\/search-transmission-parts\\\/\"},{\"@type\":\"ListItem\",\"position\":3,\"name\":\"37442\"}]},{\"@type\":\"WebSite\",\"@id\":\"https:\\\/\\\/products.hellstengears.com\\\/#website\",\"url\":\"https:\\\/\\\/products.hellstengears.com\\\/\",\"name\":\"Hellsten Gears Search Refurbished and Used Products\",\"description\":\"Sp\u00e9cialistes depuis 1983\",\"publisher\":{\"@id\":\"https:\\\/\\\/products.hellstengears.com\\\/#organization\"},\"potentialAction\":[{\"@type\":\"SearchAction\",\"target\":{\"@type\":\"EntryPoint\",\"urlTemplate\":\"https:\\\/\\\/products.hellstengears.com\\\/?s={search_term_string}\"},\"query-input\":{\"@type\":\"PropertyValueSpecification\",\"valueRequired\":true,\"valueName\":\"search_term_string\"}}],\"inLanguage\":\"fr-FR\"},{\"@type\":\"Organization\",\"@id\":\"https:\\\/\\\/products.hellstengears.com\\\/#organization\",\"name\":\"Hellsten Gears AB\",\"url\":\"https:\\\/\\\/products.hellstengears.com\\\/\",\"logo\":{\"@type\":\"ImageObject\",\"inLanguage\":\"fr-FR\",\"@id\":\"https:\\\/\\\/products.hellstengears.com\\\/#\\\/schema\\\/logo\\\/image\\\/\",\"url\":\"https:\\\/\\\/products.hellstengears.com\\\/wp-content\\\/uploads\\\/2021\\\/11\\\/01-HellstenGears-logo-main_400-bred.png\",\"contentUrl\":\"https:\\\/\\\/products.hellstengears.com\\\/wp-content\\\/uploads\\\/2021\\\/11\\\/01-HellstenGears-logo-main_400-bred.png\",\"width\":373,\"height\":92,\"caption\":\"Hellsten Gears AB\"},\"image\":{\"@id\":\"https:\\\/\\\/products.hellstengears.com\\\/#\\\/schema\\\/logo\\\/image\\\/\"},\"sameAs\":[\"https:\\\/\\\/www.facebook.com\\\/hellstengearsab\",\"https:\\\/\\\/www.instagram.com\\\/hellstengears\\\/\",\"http:\\\/\\\/linkedin.com\\\/company\\\/hellstengears\",\"https:\\\/\\\/www.youtube.com\\\/channel\\\/UCrkdxgxiDQ31TLRnlNN9kyA\"]}]}<\/script>\n<!-- \/ Yoast SEO plugin. -->","yoast_head_json":{"title":"Renovated-TRANSFER UNIT-27109469019-Bmw 5 G30\/g31\/f90 17-23","description":"Hellsten Gears AB offers a Renovated %%ct_product_cat%% with original number 27109469019 for a Bmw 5 G30\/g31\/f90 17-23. 2 years warranty!","robots":{"index":"index","follow":"follow","max-snippet":"max-snippet:-1","max-image-preview":"max-image-preview:large","max-video-preview":"max-video-preview:-1"},"canonical":"https:\/\/products.hellstengears.com\/fr\/product\/37442-bmw-5-g30-g31-f90-17-23-transfer-unit-27109469019\/","og_locale":"fr_FR","og_type":"article","og_title":"Renovated-TRANSFER UNIT-27109469019-Bmw 5 G30\/g31\/f90 17-23","og_description":"Hellsten Gears AB offers a Renovated TRANSFER UNIT with original number 27109469019 for a Bmw 5 G30\/g31\/f90 17-23. 2 years warranty!","og_url":"https:\/\/products.hellstengears.com\/fr\/product\/37442-bmw-5-g30-g31-f90-17-23-transfer-unit-27109469019\/","og_site_name":"Hellsten Gears | Recherchez des bo\u00eetes de vitesses reconditionn\u00e9es et d'occasion, des unit\u00e9s de transfert, des diff\u00e9rentiels avant\/arri\u00e8re et des turbos!","article_publisher":"https:\/\/www.facebook.com\/hellstengearsab","article_modified_time":"2026-04-12T04:24:09+00:00","og_image":[{"url":"https:\/\/www.dropbox.com\/s\/l6u22rw0nuxo17f\/37442_1.jpg?raw=1","type":"","width":"","height":""}],"twitter_card":"summary_large_image","schema":{"@context":"https:\/\/schema.org","@graph":[{"@type":"WebPage","@id":"https:\/\/products.hellstengears.com\/en\/product\/37442-bmw-5-g30-g31-f90-17-23-transfer-unit-27109469019\/","url":"https:\/\/products.hellstengears.com\/en\/product\/37442-bmw-5-g30-g31-f90-17-23-transfer-unit-27109469019\/","name":"Renovated-TRANSFER UNIT-27109469019-Bmw 5 G30\/g31\/f90 17-23","isPartOf":{"@id":"https:\/\/products.hellstengears.com\/#website"},"primaryImageOfPage":{"@id":"https:\/\/products.hellstengears.com\/en\/product\/37442-bmw-5-g30-g31-f90-17-23-transfer-unit-27109469019\/#primaryimage"},"image":{"@id":"https:\/\/products.hellstengears.com\/en\/product\/37442-bmw-5-g30-g31-f90-17-23-transfer-unit-27109469019\/#primaryimage"},"thumbnailUrl":"https:\/\/products.hellstengears.com\/wp-content\/uploads\/2024\/11\/37442_1.jpg","datePublished":"2021-10-07T18:34:06+00:00","dateModified":"2026-04-12T04:24:09+00:00","description":"Hellsten Gears AB offers a Renovated TRANSFER UNIT with original number 27109469019 for a Bmw 5 G30\/g31\/f90 17-23. 2 years warranty!","breadcrumb":{"@id":"https:\/\/products.hellstengears.com\/en\/product\/37442-bmw-5-g30-g31-f90-17-23-transfer-unit-27109469019\/#breadcrumb"},"inLanguage":"fr-FR","potentialAction":[{"@type":"ReadAction","target":["https:\/\/products.hellstengears.com\/en\/product\/37442-bmw-5-g30-g31-f90-17-23-transfer-unit-27109469019\/"]}]},{"@type":"ImageObject","inLanguage":"fr-FR","@id":"https:\/\/products.hellstengears.com\/en\/product\/37442-bmw-5-g30-g31-f90-17-23-transfer-unit-27109469019\/#primaryimage","url":"https:\/\/products.hellstengears.com\/wp-content\/uploads\/2024\/11\/37442_1.jpg","contentUrl":"https:\/\/products.hellstengears.com\/wp-content\/uploads\/2024\/11\/37442_1.jpg","width":640,"height":433},{"@type":"BreadcrumbList","@id":"https:\/\/products.hellstengears.com\/en\/product\/37442-bmw-5-g30-g31-f90-17-23-transfer-unit-27109469019\/#breadcrumb","itemListElement":[{"@type":"ListItem","position":1,"name":"Home","item":"https:\/\/products.hellstengears.com\/"},{"@type":"ListItem","position":2,"name":"S\u00f8g efter gearkasse dele","item":"https:\/\/products.hellstengears.com\/da\/search-transmission-parts\/"},{"@type":"ListItem","position":3,"name":"37442"}]},{"@type":"WebSite","@id":"https:\/\/products.hellstengears.com\/#website","url":"https:\/\/products.hellstengears.com\/","name":"Hellsten Gears Search Refurbished and Used Products","description":"Sp\u00e9cialistes depuis 1983","publisher":{"@id":"https:\/\/products.hellstengears.com\/#organization"},"potentialAction":[{"@type":"SearchAction","target":{"@type":"EntryPoint","urlTemplate":"https:\/\/products.hellstengears.com\/?s={search_term_string}"},"query-input":{"@type":"PropertyValueSpecification","valueRequired":true,"valueName":"search_term_string"}}],"inLanguage":"fr-FR"},{"@type":"Organization","@id":"https:\/\/products.hellstengears.com\/#organization","name":"Hellsten Gears AB","url":"https:\/\/products.hellstengears.com\/","logo":{"@type":"ImageObject","inLanguage":"fr-FR","@id":"https:\/\/products.hellstengears.com\/#\/schema\/logo\/image\/","url":"https:\/\/products.hellstengears.com\/wp-content\/uploads\/2021\/11\/01-HellstenGears-logo-main_400-bred.png","contentUrl":"https:\/\/products.hellstengears.com\/wp-content\/uploads\/2021\/11\/01-HellstenGears-logo-main_400-bred.png","width":373,"height":92,"caption":"Hellsten Gears AB"},"image":{"@id":"https:\/\/products.hellstengears.com\/#\/schema\/logo\/image\/"},"sameAs":["https:\/\/www.facebook.com\/hellstengearsab","https:\/\/www.instagram.com\/hellstengears\/","http:\/\/linkedin.com\/company\/hellstengears","https:\/\/www.youtube.com\/channel\/UCrkdxgxiDQ31TLRnlNN9kyA"]}]}},"_links":{"self":[{"href":"https:\/\/products.hellstengears.com\/fr\/wp-json\/wp\/v2\/product\/17643","targetHints":{"allow":["GET"]}}],"collection":[{"href":"https:\/\/products.hellstengears.com\/fr\/wp-json\/wp\/v2\/product"}],"about":[{"href":"https:\/\/products.hellstengears.com\/fr\/wp-json\/wp\/v2\/types\/product"}],"replies":[{"embeddable":true,"href":"https:\/\/products.hellstengears.com\/fr\/wp-json\/wp\/v2\/comments?post=17643"}],"wp:featuredmedia":[{"embeddable":true,"href":"https:\/\/products.hellstengears.com\/fr\/wp-json\/wp\/v2\/media\/72406"}],"wp:attachment":[{"href":"https:\/\/products.hellstengears.com\/fr\/wp-json\/wp\/v2\/media?parent=17643"}],"wp:term":[{"taxonomy":"product_brand","embeddable":true,"href":"https:\/\/products.hellstengears.com\/fr\/wp-json\/wp\/v2\/product_brand?post=17643"},{"taxonomy":"product_cat","embeddable":true,"href":"https:\/\/products.hellstengears.com\/fr\/wp-json\/wp\/v2\/product_cat?post=17643"},{"taxonomy":"product_tag","embeddable":true,"href":"https:\/\/products.hellstengears.com\/fr\/wp-json\/wp\/v2\/product_tag?post=17643"}],"curies":[{"name":"wp","href":"https:\/\/api.w.org\/{rel}","templated":true}]}}