
{"id":41,"date":"2021-05-12T09:35:53","date_gmt":"2021-05-12T09:35:53","guid":{"rendered":"https:\/\/products.hellstengears.com\/?page_id=41"},"modified":"2023-01-23T15:20:11","modified_gmt":"2023-01-23T15:20:11","slug":"request-price-quote","status":"publish","type":"page","link":"https:\/\/products.hellstengears.com\/fr\/request-price-quote\/","title":{"rendered":"Request Price Quote"},"content":{"rendered":"<p>Hellsten Gears AB (formerly Hellsten V\u00e4xell\u00e5dor AB) is the Nordic region&rsquo;s largest supplier of factory refurbished and used gearboxes (automatic gearboxes, DSG gearboxes, manual gearboxes, CVT gearboxes), transfer units, differentials and turbos for passenger cars, motorhomes, commercial vehicles and light utility trucks. Gearboxes have been our specialist area since 1983. We offer an affordable and safe alternative to original parts. With extensive inventory, correct delivery dates and fast worldwide deliveries, you can count on full assistance from us!<\/p>\n","protected":false},"excerpt":{"rendered":"<p>Hellsten Gears AB (formerly Hellsten V\u00e4xell\u00e5dor AB) is the Nordic region&rsquo;s largest supplier of factory refurbished and used gearboxes (automatic gearboxes, DSG gearboxes, manual gearboxes, CVT gearboxes), transfer units, differentials and turbos for passenger cars, motorhomes, commercial vehicles and light utility trucks. Gearboxes have been our specialist area since 1983. We offer an affordable and [&hellip;]<\/p>\n","protected":false},"author":1,"featured_media":0,"parent":0,"menu_order":0,"comment_status":"closed","ping_status":"closed","template":"","meta":{"footnotes":""},"class_list":["post-41","page","type-page","status-publish","hentry"],"yoast_head":"<!-- This site is optimized with the Yoast SEO plugin v27.4 - https:\/\/yoast.com\/product\/yoast-seo-wordpress\/ -->\n<title>Hellsten Gears |  Recherchez des bo\u00eetes de vitesses reconditionn\u00e9es et d&rsquo;occasion, des unit\u00e9s de transfert, des diff\u00e9rentiels avant\/arri\u00e8re et des turbos!<\/title>\n<meta name=\"description\" content=\"Looking for factory refurbished or used gearboxes (automatic, DSG, manual, CVT), transfer units, front and rear differentials or turbos? Request price quote by sending your vehicle registration number or VIN no. We deliver to all of Europe!\" \/>\n<meta name=\"robots\" content=\"index, follow, max-snippet:-1, max-image-preview:large, max-video-preview:-1\" \/>\n<link rel=\"canonical\" href=\"https:\/\/products.hellstengears.com\/fr\/request-price-quote\/\" \/>\n<meta property=\"og:locale\" content=\"fr_FR\" \/>\n<meta property=\"og:locale:alternate\" content=\"en_GB\" \/>\n<meta property=\"og:locale:alternate\" content=\"sv_SE\" \/>\n<meta property=\"og:locale:alternate\" content=\"da_DK\" \/>\n<meta property=\"og:locale:alternate\" content=\"fi\" \/>\n<meta property=\"og:locale:alternate\" content=\"nn_NO\" \/>\n<meta property=\"og:type\" content=\"article\" \/>\n<meta property=\"og:description\" content=\"Looking for factory refurbished or used gearboxes (automatic, DSG, manual, CVT), transfer units, front and rear differentials or turbos? Request price quote by sending your vehicle registration number or VIN no. We deliver to all of Europe!\" \/>\n<meta property=\"og:url\" content=\"https:\/\/products.hellstengears.com\/fr\/request-price-quote\/\" \/>\n<meta property=\"og:site_name\" content=\"Hellsten Gears | Recherchez des bo\u00eetes de vitesses reconditionn\u00e9es et d&#039;occasion, des unit\u00e9s de transfert, des diff\u00e9rentiels avant\/arri\u00e8re et des turbos!\" \/>\n<meta property=\"article:publisher\" content=\"https:\/\/www.facebook.com\/hellstengearsab\" \/>\n<meta property=\"article:modified_time\" content=\"2023-01-23T15:20:11+00:00\" \/>\n<meta name=\"twitter:card\" content=\"summary_large_image\" \/>\n<meta name=\"twitter:label1\" content=\"Dur\u00e9e de lecture estim\u00e9e\" \/>\n\t<meta name=\"twitter:data1\" content=\"1 minute\" \/>\n<script type=\"application\/ld+json\" class=\"yoast-schema-graph\">{\"@context\":\"https:\\\/\\\/schema.org\",\"@graph\":[{\"@type\":\"WebPage\",\"@id\":\"https:\\\/\\\/products.hellstengears.com\\\/en\\\/request-price-quote\\\/\",\"url\":\"https:\\\/\\\/products.hellstengears.com\\\/en\\\/request-price-quote\\\/\",\"name\":\"Request Price Quote\",\"isPartOf\":{\"@id\":\"https:\\\/\\\/products.hellstengears.com\\\/#website\"},\"datePublished\":\"2021-05-12T09:35:53+00:00\",\"dateModified\":\"2023-01-23T15:20:11+00:00\",\"description\":\"Looking for factory refurbished or used gearboxes (automatic, DSG, manual, CVT), transfer units, front and rear differentials or turbos? Request price quote by sending your vehicle registration number or VIN no. We deliver to all of Europe!\",\"breadcrumb\":{\"@id\":\"https:\\\/\\\/products.hellstengears.com\\\/en\\\/request-price-quote\\\/#breadcrumb\"},\"inLanguage\":\"fr-FR\",\"potentialAction\":[{\"@type\":\"ReadAction\",\"target\":[\"https:\\\/\\\/products.hellstengears.com\\\/en\\\/request-price-quote\\\/\"]}]},{\"@type\":\"BreadcrumbList\",\"@id\":\"https:\\\/\\\/products.hellstengears.com\\\/en\\\/request-price-quote\\\/#breadcrumb\",\"itemListElement\":[{\"@type\":\"ListItem\",\"position\":1,\"name\":\"Home\",\"item\":\"https:\\\/\\\/products.hellstengears.com\\\/\"},{\"@type\":\"ListItem\",\"position\":2,\"name\":\"Request Price Quote\"}]},{\"@type\":\"WebSite\",\"@id\":\"https:\\\/\\\/products.hellstengears.com\\\/#website\",\"url\":\"https:\\\/\\\/products.hellstengears.com\\\/\",\"name\":\"Hellsten Gears Search Refurbished and Used Products\",\"description\":\"Sp\u00e9cialistes depuis 1983\",\"publisher\":{\"@id\":\"https:\\\/\\\/products.hellstengears.com\\\/#organization\"},\"potentialAction\":[{\"@type\":\"SearchAction\",\"target\":{\"@type\":\"EntryPoint\",\"urlTemplate\":\"https:\\\/\\\/products.hellstengears.com\\\/?s={search_term_string}\"},\"query-input\":{\"@type\":\"PropertyValueSpecification\",\"valueRequired\":true,\"valueName\":\"search_term_string\"}}],\"inLanguage\":\"fr-FR\"},{\"@type\":\"Organization\",\"@id\":\"https:\\\/\\\/products.hellstengears.com\\\/#organization\",\"name\":\"Hellsten Gears AB\",\"url\":\"https:\\\/\\\/products.hellstengears.com\\\/\",\"logo\":{\"@type\":\"ImageObject\",\"inLanguage\":\"fr-FR\",\"@id\":\"https:\\\/\\\/products.hellstengears.com\\\/#\\\/schema\\\/logo\\\/image\\\/\",\"url\":\"https:\\\/\\\/products.hellstengears.com\\\/wp-content\\\/uploads\\\/2021\\\/11\\\/01-HellstenGears-logo-main_400-bred.png\",\"contentUrl\":\"https:\\\/\\\/products.hellstengears.com\\\/wp-content\\\/uploads\\\/2021\\\/11\\\/01-HellstenGears-logo-main_400-bred.png\",\"width\":373,\"height\":92,\"caption\":\"Hellsten Gears AB\"},\"image\":{\"@id\":\"https:\\\/\\\/products.hellstengears.com\\\/#\\\/schema\\\/logo\\\/image\\\/\"},\"sameAs\":[\"https:\\\/\\\/www.facebook.com\\\/hellstengearsab\",\"https:\\\/\\\/www.instagram.com\\\/hellstengears\\\/\",\"http:\\\/\\\/linkedin.com\\\/company\\\/hellstengears\",\"https:\\\/\\\/www.youtube.com\\\/channel\\\/UCrkdxgxiDQ31TLRnlNN9kyA\"]}]}<\/script>\n<!-- \/ Yoast SEO plugin. -->","yoast_head_json":{"title":"Hellsten Gears |  Recherchez des bo\u00eetes de vitesses reconditionn\u00e9es et d&rsquo;occasion, des unit\u00e9s de transfert, des diff\u00e9rentiels avant\/arri\u00e8re et des turbos!","description":"Looking for factory refurbished or used gearboxes (automatic, DSG, manual, CVT), transfer units, front and rear differentials or turbos? Request price quote by sending your vehicle registration number or VIN no. We deliver to all of Europe!","robots":{"index":"index","follow":"follow","max-snippet":"max-snippet:-1","max-image-preview":"max-image-preview:large","max-video-preview":"max-video-preview:-1"},"canonical":"https:\/\/products.hellstengears.com\/fr\/request-price-quote\/","og_locale":"fr_FR","og_type":"article","og_description":"Looking for factory refurbished or used gearboxes (automatic, DSG, manual, CVT), transfer units, front and rear differentials or turbos? Request price quote by sending your vehicle registration number or VIN no. We deliver to all of Europe!","og_url":"https:\/\/products.hellstengears.com\/fr\/request-price-quote\/","og_site_name":"Hellsten Gears | Recherchez des bo\u00eetes de vitesses reconditionn\u00e9es et d'occasion, des unit\u00e9s de transfert, des diff\u00e9rentiels avant\/arri\u00e8re et des turbos!","article_publisher":"https:\/\/www.facebook.com\/hellstengearsab","article_modified_time":"2023-01-23T15:20:11+00:00","twitter_card":"summary_large_image","twitter_misc":{"Dur\u00e9e de lecture estim\u00e9e":"1 minute"},"schema":{"@context":"https:\/\/schema.org","@graph":[{"@type":"WebPage","@id":"https:\/\/products.hellstengears.com\/en\/request-price-quote\/","url":"https:\/\/products.hellstengears.com\/en\/request-price-quote\/","name":"Request Price Quote","isPartOf":{"@id":"https:\/\/products.hellstengears.com\/#website"},"datePublished":"2021-05-12T09:35:53+00:00","dateModified":"2023-01-23T15:20:11+00:00","description":"Looking for factory refurbished or used gearboxes (automatic, DSG, manual, CVT), transfer units, front and rear differentials or turbos? Request price quote by sending your vehicle registration number or VIN no. We deliver to all of Europe!","breadcrumb":{"@id":"https:\/\/products.hellstengears.com\/en\/request-price-quote\/#breadcrumb"},"inLanguage":"fr-FR","potentialAction":[{"@type":"ReadAction","target":["https:\/\/products.hellstengears.com\/en\/request-price-quote\/"]}]},{"@type":"BreadcrumbList","@id":"https:\/\/products.hellstengears.com\/en\/request-price-quote\/#breadcrumb","itemListElement":[{"@type":"ListItem","position":1,"name":"Home","item":"https:\/\/products.hellstengears.com\/"},{"@type":"ListItem","position":2,"name":"Request Price Quote"}]},{"@type":"WebSite","@id":"https:\/\/products.hellstengears.com\/#website","url":"https:\/\/products.hellstengears.com\/","name":"Hellsten Gears Search Refurbished and Used Products","description":"Sp\u00e9cialistes depuis 1983","publisher":{"@id":"https:\/\/products.hellstengears.com\/#organization"},"potentialAction":[{"@type":"SearchAction","target":{"@type":"EntryPoint","urlTemplate":"https:\/\/products.hellstengears.com\/?s={search_term_string}"},"query-input":{"@type":"PropertyValueSpecification","valueRequired":true,"valueName":"search_term_string"}}],"inLanguage":"fr-FR"},{"@type":"Organization","@id":"https:\/\/products.hellstengears.com\/#organization","name":"Hellsten Gears AB","url":"https:\/\/products.hellstengears.com\/","logo":{"@type":"ImageObject","inLanguage":"fr-FR","@id":"https:\/\/products.hellstengears.com\/#\/schema\/logo\/image\/","url":"https:\/\/products.hellstengears.com\/wp-content\/uploads\/2021\/11\/01-HellstenGears-logo-main_400-bred.png","contentUrl":"https:\/\/products.hellstengears.com\/wp-content\/uploads\/2021\/11\/01-HellstenGears-logo-main_400-bred.png","width":373,"height":92,"caption":"Hellsten Gears AB"},"image":{"@id":"https:\/\/products.hellstengears.com\/#\/schema\/logo\/image\/"},"sameAs":["https:\/\/www.facebook.com\/hellstengearsab","https:\/\/www.instagram.com\/hellstengears\/","http:\/\/linkedin.com\/company\/hellstengears","https:\/\/www.youtube.com\/channel\/UCrkdxgxiDQ31TLRnlNN9kyA"]}]}},"_links":{"self":[{"href":"https:\/\/products.hellstengears.com\/fr\/wp-json\/wp\/v2\/pages\/41","targetHints":{"allow":["GET"]}}],"collection":[{"href":"https:\/\/products.hellstengears.com\/fr\/wp-json\/wp\/v2\/pages"}],"about":[{"href":"https:\/\/products.hellstengears.com\/fr\/wp-json\/wp\/v2\/types\/page"}],"author":[{"embeddable":true,"href":"https:\/\/products.hellstengears.com\/fr\/wp-json\/wp\/v2\/users\/1"}],"replies":[{"embeddable":true,"href":"https:\/\/products.hellstengears.com\/fr\/wp-json\/wp\/v2\/comments?post=41"}],"version-history":[{"count":29,"href":"https:\/\/products.hellstengears.com\/fr\/wp-json\/wp\/v2\/pages\/41\/revisions"}],"predecessor-version":[{"id":34887,"href":"https:\/\/products.hellstengears.com\/fr\/wp-json\/wp\/v2\/pages\/41\/revisions\/34887"}],"wp:attachment":[{"href":"https:\/\/products.hellstengears.com\/fr\/wp-json\/wp\/v2\/media?parent=41"}],"curies":[{"name":"wp","href":"https:\/\/api.w.org\/{rel}","templated":true}]}}