
{"id":18,"date":"2021-05-06T00:13:30","date_gmt":"2021-05-06T00:13:30","guid":{"rendered":"https:\/\/products.hellstengears.com\/?page_id=18"},"modified":"2023-01-25T15:01:51","modified_gmt":"2023-01-25T15:01:51","slug":"about-hellsten-gears","status":"publish","type":"page","link":"https:\/\/products.hellstengears.com\/fr\/about-hellsten-gears\/","title":{"rendered":"About Hellsten Gears AB"},"content":{"rendered":"\n<h3 class=\"wp-block-heading\"><span class=\"text-primary fw-bold\" data-contrast=\"auto\">Transmission specialists since 1983<\/span><\/h3>\n\n\n\n<p>Hellsten Gears AB has been working with refurbishing gearboxes since 1983. Today the company is the Nordic region&rsquo;s largest supplier of factory refurbished and used gearboxes, factory refurbished and used transfer units, factory refurbished and used front and rear differentials as well as factory refurbished and used turbos for passenger cars, commercial vehicles, motorhomes and utility trucks. The family business is based just south of Kungsbacka on the Swedish west coast and work with customers all over the world. The company changed its name to Hellsten Gears AB in 2020 and was previously known as Hellsten V\u00e4xell\u00e5dor AB.<\/p>\n\n\n\n<ul class=\"wp-block-list\">\n<li><strong>2 year warranty on factory refurbished and used gearboxes, transfer units and differentials<\/strong><\/li>\n\n\n\n<li><strong>1 year warranty on factory refurbished and used turbos<\/strong><\/li>\n\n\n\n<li><strong>Complete range for most car brands<\/strong><\/li>\n\n\n\n<li><strong>Extensive stock of parts ready for delivery<\/strong><\/li>\n\n\n\n<li><strong>The right accessories in stock, e.g. clutch, flywheel and oil<\/strong> <strong>etc.<\/strong><\/li>\n\n\n\n<li><strong>Correct delivery date<\/strong><\/li>\n\n\n\n<li><strong>Short delivery time<\/strong><\/li>\n<\/ul>\n\n\n\n<p>Please note that this is our advertising page where we display a limited portion of our large product range. If you cannot find what you are looking for, you can make an inquiry via the form on our regular website here <a href=\"http:\/\/www.hellstenvaxellador.se\/en-GB\">www.hellstengears.com<\/a> or contact our customer service <a href=\"http:\/\/www.hellstenvaxellador.se\/en-GB\/customer-service\/contact-44744920\">www.hellstengears.com\/contact<\/a>.<\/p>\n\n\n\n<h3 class=\"wp-block-heading\"><span class=\"text-primary fw-bold\" data-contrast=\"auto\">Assortment<\/span><\/h3>\n\n\n\n<p><span data-contrast=\"auto\">The product range mainly consists of factory refurbished and used (replacement) gearboxes, transfer units, differentials and turbos\u202ffor passenger cars, commercial vehicles, motorhomes and utility vehicles. Our products are hand-picked from\u202fselected suppliers\u202fthat meet our high standards for quality and durability. The parts are produced according to quality requirements that are close to, or the same as, the car manufacturers&rsquo; own exchange products. Our thorough preparations and focus on quality let us offer\u202fthe same solid warranty on both factory refurbished\u202fand used parts &#8211; unique to the industry.\u202fWe combine product quality with competitive prices, technical support and top warranty conditions to offer you a safe deal.&nbsp;<\/span><br><span data-contrast=\"auto\">We&nbsp;have products to&nbsp;cater&nbsp;most&nbsp;car makes and models&nbsp;including&nbsp;Alfa, Audi, BMW, Chevrolet, Chrysler, Citroen, Dodge, Fiat, Ford, Honda, Hyundai, Jaguar, Jeep, KIA, Mazda, Mercedes, Mini, Mitsubishi, Nissan, Opel (Vauxhall), Peugeot, Porsche, Renault, Seat, Skoda, Subaru, Suzuki, Toyota, VW, Volvo etc.&nbsp;<\/span><span data-contrast=\"auto\">We have an extensive stock of ready-to-deliver units and a well-established collaboration with experienced carriers that allows us to ship most orders immediately.<\/span><span data-ccp-props=\"{\">&nbsp;<\/span><\/p>\n\n\n\n<figure class=\"wp-block-table is-style-regular\" style=\"font-size:14px;text-transform:none\"><table class=\"has-fixed-layout\"><tbody><tr><td><br><strong><img decoding=\"async\" class=\"alignnone\" style=\"width: 260px;\" src=\"https:\/\/online3.superoffice.com\/Cust28176\/CS\/scripts\/customer.fcgi\/getAttachment\/28152-CckKChsc7aDRiG4mQ98hEx1eILWyZ4DpMd91Lcg2kWPM7S6Z8xkPPxoYM2JMAeMJ-0\/automat%20518x356.png\" alt=\"\"><\/strong><br><strong><a href=\"http:\/\/www.hellstenvaxellador.se\/en-GB\" target=\"_blank\" rel=\"noreferrer noopener\">Automatic transmissions<\/a><\/strong><br>Assortment: Factory refurbished \/ Used<br>Range: complete<br><a href=\"http:\/\/www.hellstenvaxellador.se\/en-GB\" target=\"_blank\" rel=\"noreferrer noopener\">\u00bb Contact us for price\/delivery time<\/a><\/td><td><strong><img decoding=\"async\" class=\"\" style=\"width: 260px;\" src=\"https:\/\/online3.superoffice.com\/Cust28176\/CS\/scripts\/customer.fcgi\/getAttachment\/28159-7MnNdqsTLpgt9a571ob18fd9GwOHhCco7U5TsbRH1EHEII7g2izNNdBG8qQDGX9c-0\/manuell%20518x356.png\" alt=\"\"><\/strong><br><br><strong><a href=\"http:\/\/www.hellstenvaxellador.se\/en-GB\" target=\"_blank\" rel=\"noreferrer noopener\">Manual transmissions<\/a><\/strong><br>Assortment: Factory refurbished \/ Used<br>Range: complete<br><a href=\"http:\/\/www.hellstenvaxellador.se\/en-GB\" target=\"_blank\" rel=\"noreferrer noopener\">\u00bb Contact us for price\/delivery time<\/a><\/td><td><br><img decoding=\"async\" class=\"\" style=\"width: 260px;\" src=\"https:\/\/online3.superoffice.com\/Cust28176\/CS\/scripts\/customer.fcgi\/getAttachment\/28156-GBnNFnfYMi2nA9AnQC52rKbLjKfqpPTfjFFE2oIc4nH5GbSLdT2cM4lsoFMeKIoK-0\/dsg%20518x356.png\" alt=\"\"><br><br><a href=\"http:\/\/www.hellstenvaxellador.se\/en-GB\" target=\"_blank\" rel=\"noreferrer noopener\"><strong>DSG transmissions<\/strong><\/a><br>Assortment: Factory refurbished \/ Used<br>Range: complete<br>We can also re-program used DSG units.<br><a href=\"http:\/\/www.hellstenvaxellador.se\/en-GB\" target=\"_blank\" rel=\"noreferrer noopener\">\u00bb Contact us for price\/delivery time<\/a><\/td><\/tr><tr><td><img decoding=\"async\" class=\"\" style=\"width: 260px;\" src=\"https:\/\/online3.superoffice.com\/Cust28176\/CS\/scripts\/customer.fcgi\/getAttachment\/28154-A6KFiRUcrqu3zPQozSNEoze3cQ3EUWl0SuoSrTt0n3gJIpnzsjEhJY6dhm9Pra5N-0\/cvt%20518x356.png\" alt=\"\"><br><strong><a href=\"http:\/\/www.hellstenvaxellador.se\/en-GB\" target=\"_blank\" rel=\"noreferrer noopener\">CVT transmissions<\/a><\/strong><br>Assortment: Factory refurbished \/ Used<br>Range: limited<br><a href=\"http:\/\/www.hellstenvaxellador.se\/en-GB\" target=\"_blank\" rel=\"noreferrer noopener\">\u00bb Contact us for price\/delivery time<\/a><\/td><td><img decoding=\"async\" class=\"\" style=\"width: 260px;\" src=\"https:\/\/online3.superoffice.com\/Cust28176\/CS\/scripts\/customer.fcgi\/getAttachment\/28158-SWeK3IgthcBoD0InRPZ164OdbRZiAyg8b3l9dJMJebmgfXkNaMDXiQPC82zn8ycE-0\/f%C3%B6rdelningsl%C3%A5da%20518x356.png\" alt=\"\"><br><br><strong><a href=\"http:\/\/www.hellstenvaxellador.se\/en-GB\" target=\"_blank\" rel=\"noreferrer noopener\">Transfer units<\/a><\/strong><br>Assortment: Factory refurbished \/ Used<br>Range: complete<br>We also carry actuators for transfer units.<br><a href=\"http:\/\/www.hellstenvaxellador.se\/en-GB\" target=\"_blank\" rel=\"noreferrer noopener\">\u00bb Contact us for price\/delivery time<\/a><\/td><td><img decoding=\"async\" class=\"\" style=\"width: 260px;\" src=\"https:\/\/online3.superoffice.com\/Cust28176\/CS\/scripts\/customer.fcgi\/getAttachment\/28157-nJbou8DpRuz5mkNkrsXrFt3UO1Wrmk21EiW5Wpo7bjKD4YMG3QlgWsImR1oi64pE-0\/fram-och-bakdiff%20518x356.png\" alt=\"\"><br><br><br><br><strong><a href=\"http:\/\/www.hellstenvaxellador.se\/en-GB\" target=\"_blank\" rel=\"noreferrer noopener\">Differentials<\/a><\/strong><br>Assortment: Factory refurbished \/ Used<br>Range: complete<br>Both with and without Haldex.<br>We have factory refurbished Haldex in stock.<br><a href=\"http:\/\/www.hellstenvaxellador.se\/en-GB\" target=\"_blank\" rel=\"noreferrer noopener\">\u00bb Contact us for price\/delivery time<\/a><\/td><\/tr><tr><td><img decoding=\"async\" class=\"\" style=\"width: 260px;\" src=\"https:\/\/online3.superoffice.com\/Cust28176\/CS\/scripts\/customer.fcgi\/getAttachment\/28153-mQnBXteX7yyOoct6qAqDgZJ2ZC4LUkgPTaMZMI7KOx8n9IZWqczGrb8rYU0qIPr1-0\/converter%20518x356.png\" alt=\"\"><br><a href=\"http:\/\/www.hellstenvaxellador.se\/en-GB\" target=\"_blank\" rel=\"noreferrer noopener\"><strong>Converters<\/strong><\/a><br>Assortment: Factory refurbished \/ Used<br>Range: complete<br><a href=\"http:\/\/www.hellstenvaxellador.se\/en-GB\" target=\"_blank\" rel=\"noreferrer noopener\">\u00bb Contact us for price\/delivery time<\/a><\/td><td><img decoding=\"async\" class=\"\" style=\"width: 260px;\" src=\"https:\/\/online3.superoffice.com\/Cust28176\/CS\/scripts\/customer.fcgi\/getAttachment\/28155-4f9uwqPOZAlH0xFZTGr6uAOutN0Hk8dQWlfGt85KHKDLqzhaPdlilZr091S7xS5F-0\/drivaxel%20518x356.png\" alt=\"\"><br><br><strong><a href=\"http:\/\/www.hellstenvaxellador.se\/en-GB\" target=\"_blank\" rel=\"noreferrer noopener\">Drive shafts<\/a><\/strong><br>Assortment: Brand new \/ Used<br>Range: complete<br><a href=\"http:\/\/www.hellstenvaxellador.se\/en-GB\" target=\"_blank\" rel=\"noreferrer noopener\">\u00bb Contact us for price\/delivery time<\/a><br><\/td><td><br><img decoding=\"async\" class=\"\" style=\"width: 260px;\" src=\"https:\/\/online3.superoffice.com\/Cust28176\/CS\/scripts\/customer.fcgi\/getAttachment\/28160-5pzZWtuKEefLdBhcjKL6QhFHwktUYCMH8IsJeljtSSrM7okqp8BfMMbEt1PXAJdz-0\/tillbeh%C3%B6r%20518x356.png\" alt=\"\"><br><a href=\"http:\/\/www.hellstenvaxellador.se\/en-GB\" target=\"_blank\" rel=\"noreferrer noopener\"><strong>Transmission accessories<\/strong><\/a><br>Assortment: Brand new \/ Used<br>Range: complete<br>Clutch, oil cooler, flywheel, oil etc.<br><a href=\"http:\/\/www.hellstenvaxellador.se\/en-GB\" target=\"_blank\" rel=\"noreferrer noopener\">\u00bb Contact us for price\/delivery time<\/a><\/td><\/tr><tr><td><img decoding=\"async\" class=\"\" style=\"width: 260px;\" src=\"https:\/\/online3.superoffice.com\/Cust28176\/CS\/scripts\/customer.fcgi\/getAttachment\/28161-sqf8a6P9GDEpC5wfyyrotMSk6yZOJMA5pzJIGa0CkQElMtQ9GLgBhoCXYxcuHqMe-0\/turbo%20518x356.png\" alt=\"\"><br><strong><a href=\"http:\/\/www.hellstenvaxellador.se\/en-GB\" target=\"_blank\" rel=\"noreferrer noopener\">Turbos<\/a><\/strong><br>Assortment: Factory refurbished \/ Used<br>Range: complete<br><a href=\"http:\/\/www.hellstenvaxellador.se\/en-GB\" target=\"_blank\" rel=\"noreferrer noopener\">\u00bb Contact us for price\/delivery time<\/a><\/td><td><\/td><td><\/td><\/tr><\/tbody><\/table><\/figure>\n\n\n\n<h3 class=\"wp-block-heading\"><span class=\"text-primary fw-bold\" data-contrast=\"auto\">Contact<\/span><\/h3>\n\n\n\n<p>Do you need factory refurbished or used gearboxes, distribution boxes, front\/rear differentials or turbos? Contact us directly for price and delivery time. There&rsquo;s no point wasting valuable work time looking for factory refurbished or used parts yourself, let us do the job. We know what is available in the entire market (all of Europe and North America) and do the job for you in a couple of seconds.<\/p>\n\n\n\n<p><span data-contrast=\"auto\">Our sales team are gearbox specialists and can quickly create an offer as well as answer technical questions and assist with useful documentation before \/ during \/ after\u00a0installation. They can also answer questions about booking\u00a0core\u00a0return shipping, tracking of goods, reporting\u00a0complaints\u00a0and invoices\/\u00a0payments.\u00a0<\/span><\/p>\n\n\n\n<p><span data-contrast=\"auto\">Availability<\/span> <span data-contrast=\"auto\">Weekdays, 08:00 &#8211; 17:00 GMT+1<\/span><span data-ccp-props=\"{\"><br><\/span><span data-contrast=\"auto\">Phone&nbsp;<\/span> <span data-contrast=\"auto\">+46 (0)300 &#8211; 742 20<\/span><span data-ccp-props=\"{\"><br><\/span><span data-contrast=\"auto\">Email&nbsp;<\/span> <a href=\"mailto:sales@hellstengears.com\"><span data-contrast=\"auto\">sales@hellstengears.com<\/span><\/a><span data-ccp-props=\"{\"><br><\/span><span data-contrast=\"auto\">Web&nbsp;<\/span> <a href=\"http:\/\/www.hellstengears.com\"><span data-contrast=\"auto\">www.hellstengears.com<\/span><\/a><\/p>\n","protected":false},"excerpt":{"rendered":"<p>Transmission specialists since 1983 Hellsten Gears AB has been working with refurbishing gearboxes since 1983. Today the company is the Nordic region&rsquo;s largest supplier of factory refurbished and used gearboxes, factory refurbished and used transfer units, factory refurbished and used front and rear differentials as well as factory refurbished and used turbos for passenger cars, [&hellip;]<\/p>\n","protected":false},"author":1,"featured_media":22203,"parent":0,"menu_order":0,"comment_status":"closed","ping_status":"closed","template":"","meta":{"footnotes":""},"class_list":["post-18","page","type-page","status-publish","has-post-thumbnail","hentry"],"yoast_head":"<!-- This site is optimized with the Yoast SEO plugin v27.4 - https:\/\/yoast.com\/product\/yoast-seo-wordpress\/ -->\n<title>Hellsten Gears |  Recherchez des bo\u00eetes de vitesses reconditionn\u00e9es et d&rsquo;occasion, des unit\u00e9s de transfert, des diff\u00e9rentiels avant\/arri\u00e8re et des turbos!<\/title>\n<meta name=\"description\" content=\"Hellsten Gears supplies refurbished and used gearboxes, transfer units and differentials for cars, commercial vehicles and utility vehicles.\" \/>\n<meta name=\"robots\" content=\"index, follow, max-snippet:-1, max-image-preview:large, max-video-preview:-1\" \/>\n<link rel=\"canonical\" href=\"https:\/\/products.hellstengears.com\/fr\/about-hellsten-gears\/\" \/>\n<meta property=\"og:locale\" content=\"fr_FR\" \/>\n<meta property=\"og:locale:alternate\" content=\"en_GB\" \/>\n<meta property=\"og:locale:alternate\" content=\"sv_SE\" \/>\n<meta property=\"og:locale:alternate\" content=\"da_DK\" \/>\n<meta property=\"og:locale:alternate\" content=\"fi\" \/>\n<meta property=\"og:locale:alternate\" content=\"nn_NO\" \/>\n<meta property=\"og:type\" content=\"article\" \/>\n<meta property=\"og:description\" content=\"Hellsten Gears supplies refurbished and used gearboxes, transfer units and differentials for cars, commercial vehicles and utility vehicles.\" \/>\n<meta property=\"og:url\" content=\"https:\/\/products.hellstengears.com\/fr\/about-hellsten-gears\/\" \/>\n<meta property=\"og:site_name\" content=\"Hellsten Gears | Recherchez des bo\u00eetes de vitesses reconditionn\u00e9es et d&#039;occasion, des unit\u00e9s de transfert, des diff\u00e9rentiels avant\/arri\u00e8re et des turbos!\" \/>\n<meta property=\"article:publisher\" content=\"https:\/\/www.facebook.com\/hellstengearsab\" \/>\n<meta property=\"article:modified_time\" content=\"2023-01-25T15:01:51+00:00\" \/>\n<meta property=\"og:image\" content=\"https:\/\/products.hellstengears.com\/wp-content\/uploads\/2021\/10\/hellsten-icon-logo.png\" \/>\n\t<meta property=\"og:image:width\" content=\"200\" \/>\n\t<meta property=\"og:image:height\" content=\"200\" \/>\n\t<meta property=\"og:image:type\" content=\"image\/png\" \/>\n<meta name=\"twitter:card\" content=\"summary_large_image\" \/>\n<meta name=\"twitter:label1\" content=\"Dur\u00e9e de lecture estim\u00e9e\" \/>\n\t<meta name=\"twitter:data1\" content=\"5 minutes\" \/>\n<script type=\"application\/ld+json\" class=\"yoast-schema-graph\">{\"@context\":\"https:\\\/\\\/schema.org\",\"@graph\":[{\"@type\":\"WebPage\",\"@id\":\"https:\\\/\\\/products.hellstengears.com\\\/en\\\/about-hellsten-gears\\\/\",\"url\":\"https:\\\/\\\/products.hellstengears.com\\\/en\\\/about-hellsten-gears\\\/\",\"name\":\"About Hellsten Gears AB\",\"isPartOf\":{\"@id\":\"https:\\\/\\\/products.hellstengears.com\\\/#website\"},\"primaryImageOfPage\":{\"@id\":\"https:\\\/\\\/products.hellstengears.com\\\/en\\\/about-hellsten-gears\\\/#primaryimage\"},\"image\":{\"@id\":\"https:\\\/\\\/products.hellstengears.com\\\/en\\\/about-hellsten-gears\\\/#primaryimage\"},\"thumbnailUrl\":\"https:\\\/\\\/products.hellstengears.com\\\/wp-content\\\/uploads\\\/2021\\\/10\\\/hellsten-icon-logo.png\",\"datePublished\":\"2021-05-06T00:13:30+00:00\",\"dateModified\":\"2023-01-25T15:01:51+00:00\",\"description\":\"Hellsten Gears supplies refurbished and used gearboxes, transfer units and differentials for cars, commercial vehicles and utility vehicles.\",\"breadcrumb\":{\"@id\":\"https:\\\/\\\/products.hellstengears.com\\\/en\\\/about-hellsten-gears\\\/#breadcrumb\"},\"inLanguage\":\"fr-FR\",\"potentialAction\":[{\"@type\":\"ReadAction\",\"target\":[\"https:\\\/\\\/products.hellstengears.com\\\/en\\\/about-hellsten-gears\\\/\"]}]},{\"@type\":\"ImageObject\",\"inLanguage\":\"fr-FR\",\"@id\":\"https:\\\/\\\/products.hellstengears.com\\\/en\\\/about-hellsten-gears\\\/#primaryimage\",\"url\":\"https:\\\/\\\/products.hellstengears.com\\\/wp-content\\\/uploads\\\/2021\\\/10\\\/hellsten-icon-logo.png\",\"contentUrl\":\"https:\\\/\\\/products.hellstengears.com\\\/wp-content\\\/uploads\\\/2021\\\/10\\\/hellsten-icon-logo.png\",\"width\":200,\"height\":200,\"caption\":\"hellsten gears logo\"},{\"@type\":\"BreadcrumbList\",\"@id\":\"https:\\\/\\\/products.hellstengears.com\\\/en\\\/about-hellsten-gears\\\/#breadcrumb\",\"itemListElement\":[{\"@type\":\"ListItem\",\"position\":1,\"name\":\"Home\",\"item\":\"https:\\\/\\\/products.hellstengears.com\\\/\"},{\"@type\":\"ListItem\",\"position\":2,\"name\":\"About Hellsten Gears AB\"}]},{\"@type\":\"WebSite\",\"@id\":\"https:\\\/\\\/products.hellstengears.com\\\/#website\",\"url\":\"https:\\\/\\\/products.hellstengears.com\\\/\",\"name\":\"Hellsten Gears Search Refurbished and Used Products\",\"description\":\"Sp\u00e9cialistes depuis 1983\",\"publisher\":{\"@id\":\"https:\\\/\\\/products.hellstengears.com\\\/#organization\"},\"potentialAction\":[{\"@type\":\"SearchAction\",\"target\":{\"@type\":\"EntryPoint\",\"urlTemplate\":\"https:\\\/\\\/products.hellstengears.com\\\/?s={search_term_string}\"},\"query-input\":{\"@type\":\"PropertyValueSpecification\",\"valueRequired\":true,\"valueName\":\"search_term_string\"}}],\"inLanguage\":\"fr-FR\"},{\"@type\":\"Organization\",\"@id\":\"https:\\\/\\\/products.hellstengears.com\\\/#organization\",\"name\":\"Hellsten Gears AB\",\"url\":\"https:\\\/\\\/products.hellstengears.com\\\/\",\"logo\":{\"@type\":\"ImageObject\",\"inLanguage\":\"fr-FR\",\"@id\":\"https:\\\/\\\/products.hellstengears.com\\\/#\\\/schema\\\/logo\\\/image\\\/\",\"url\":\"https:\\\/\\\/products.hellstengears.com\\\/wp-content\\\/uploads\\\/2021\\\/11\\\/01-HellstenGears-logo-main_400-bred.png\",\"contentUrl\":\"https:\\\/\\\/products.hellstengears.com\\\/wp-content\\\/uploads\\\/2021\\\/11\\\/01-HellstenGears-logo-main_400-bred.png\",\"width\":373,\"height\":92,\"caption\":\"Hellsten Gears AB\"},\"image\":{\"@id\":\"https:\\\/\\\/products.hellstengears.com\\\/#\\\/schema\\\/logo\\\/image\\\/\"},\"sameAs\":[\"https:\\\/\\\/www.facebook.com\\\/hellstengearsab\",\"https:\\\/\\\/www.instagram.com\\\/hellstengears\\\/\",\"http:\\\/\\\/linkedin.com\\\/company\\\/hellstengears\",\"https:\\\/\\\/www.youtube.com\\\/channel\\\/UCrkdxgxiDQ31TLRnlNN9kyA\"]}]}<\/script>\n<!-- \/ Yoast SEO plugin. -->","yoast_head_json":{"title":"Hellsten Gears |  Recherchez des bo\u00eetes de vitesses reconditionn\u00e9es et d&rsquo;occasion, des unit\u00e9s de transfert, des diff\u00e9rentiels avant\/arri\u00e8re et des turbos!","description":"Hellsten Gears supplies refurbished and used gearboxes, transfer units and differentials for cars, commercial vehicles and utility vehicles.","robots":{"index":"index","follow":"follow","max-snippet":"max-snippet:-1","max-image-preview":"max-image-preview:large","max-video-preview":"max-video-preview:-1"},"canonical":"https:\/\/products.hellstengears.com\/fr\/about-hellsten-gears\/","og_locale":"fr_FR","og_type":"article","og_description":"Hellsten Gears supplies refurbished and used gearboxes, transfer units and differentials for cars, commercial vehicles and utility vehicles.","og_url":"https:\/\/products.hellstengears.com\/fr\/about-hellsten-gears\/","og_site_name":"Hellsten Gears | Recherchez des bo\u00eetes de vitesses reconditionn\u00e9es et d'occasion, des unit\u00e9s de transfert, des diff\u00e9rentiels avant\/arri\u00e8re et des turbos!","article_publisher":"https:\/\/www.facebook.com\/hellstengearsab","article_modified_time":"2023-01-25T15:01:51+00:00","og_image":[{"width":200,"height":200,"url":"https:\/\/products.hellstengears.com\/wp-content\/uploads\/2021\/10\/hellsten-icon-logo.png","type":"image\/png"}],"twitter_card":"summary_large_image","twitter_misc":{"Dur\u00e9e de lecture estim\u00e9e":"5 minutes"},"schema":{"@context":"https:\/\/schema.org","@graph":[{"@type":"WebPage","@id":"https:\/\/products.hellstengears.com\/en\/about-hellsten-gears\/","url":"https:\/\/products.hellstengears.com\/en\/about-hellsten-gears\/","name":"About Hellsten Gears AB","isPartOf":{"@id":"https:\/\/products.hellstengears.com\/#website"},"primaryImageOfPage":{"@id":"https:\/\/products.hellstengears.com\/en\/about-hellsten-gears\/#primaryimage"},"image":{"@id":"https:\/\/products.hellstengears.com\/en\/about-hellsten-gears\/#primaryimage"},"thumbnailUrl":"https:\/\/products.hellstengears.com\/wp-content\/uploads\/2021\/10\/hellsten-icon-logo.png","datePublished":"2021-05-06T00:13:30+00:00","dateModified":"2023-01-25T15:01:51+00:00","description":"Hellsten Gears supplies refurbished and used gearboxes, transfer units and differentials for cars, commercial vehicles and utility vehicles.","breadcrumb":{"@id":"https:\/\/products.hellstengears.com\/en\/about-hellsten-gears\/#breadcrumb"},"inLanguage":"fr-FR","potentialAction":[{"@type":"ReadAction","target":["https:\/\/products.hellstengears.com\/en\/about-hellsten-gears\/"]}]},{"@type":"ImageObject","inLanguage":"fr-FR","@id":"https:\/\/products.hellstengears.com\/en\/about-hellsten-gears\/#primaryimage","url":"https:\/\/products.hellstengears.com\/wp-content\/uploads\/2021\/10\/hellsten-icon-logo.png","contentUrl":"https:\/\/products.hellstengears.com\/wp-content\/uploads\/2021\/10\/hellsten-icon-logo.png","width":200,"height":200,"caption":"hellsten gears logo"},{"@type":"BreadcrumbList","@id":"https:\/\/products.hellstengears.com\/en\/about-hellsten-gears\/#breadcrumb","itemListElement":[{"@type":"ListItem","position":1,"name":"Home","item":"https:\/\/products.hellstengears.com\/"},{"@type":"ListItem","position":2,"name":"About Hellsten Gears AB"}]},{"@type":"WebSite","@id":"https:\/\/products.hellstengears.com\/#website","url":"https:\/\/products.hellstengears.com\/","name":"Hellsten Gears Search Refurbished and Used Products","description":"Sp\u00e9cialistes depuis 1983","publisher":{"@id":"https:\/\/products.hellstengears.com\/#organization"},"potentialAction":[{"@type":"SearchAction","target":{"@type":"EntryPoint","urlTemplate":"https:\/\/products.hellstengears.com\/?s={search_term_string}"},"query-input":{"@type":"PropertyValueSpecification","valueRequired":true,"valueName":"search_term_string"}}],"inLanguage":"fr-FR"},{"@type":"Organization","@id":"https:\/\/products.hellstengears.com\/#organization","name":"Hellsten Gears AB","url":"https:\/\/products.hellstengears.com\/","logo":{"@type":"ImageObject","inLanguage":"fr-FR","@id":"https:\/\/products.hellstengears.com\/#\/schema\/logo\/image\/","url":"https:\/\/products.hellstengears.com\/wp-content\/uploads\/2021\/11\/01-HellstenGears-logo-main_400-bred.png","contentUrl":"https:\/\/products.hellstengears.com\/wp-content\/uploads\/2021\/11\/01-HellstenGears-logo-main_400-bred.png","width":373,"height":92,"caption":"Hellsten Gears AB"},"image":{"@id":"https:\/\/products.hellstengears.com\/#\/schema\/logo\/image\/"},"sameAs":["https:\/\/www.facebook.com\/hellstengearsab","https:\/\/www.instagram.com\/hellstengears\/","http:\/\/linkedin.com\/company\/hellstengears","https:\/\/www.youtube.com\/channel\/UCrkdxgxiDQ31TLRnlNN9kyA"]}]}},"_links":{"self":[{"href":"https:\/\/products.hellstengears.com\/fr\/wp-json\/wp\/v2\/pages\/18","targetHints":{"allow":["GET"]}}],"collection":[{"href":"https:\/\/products.hellstengears.com\/fr\/wp-json\/wp\/v2\/pages"}],"about":[{"href":"https:\/\/products.hellstengears.com\/fr\/wp-json\/wp\/v2\/types\/page"}],"author":[{"embeddable":true,"href":"https:\/\/products.hellstengears.com\/fr\/wp-json\/wp\/v2\/users\/1"}],"replies":[{"embeddable":true,"href":"https:\/\/products.hellstengears.com\/fr\/wp-json\/wp\/v2\/comments?post=18"}],"version-history":[{"count":76,"href":"https:\/\/products.hellstengears.com\/fr\/wp-json\/wp\/v2\/pages\/18\/revisions"}],"predecessor-version":[{"id":34961,"href":"https:\/\/products.hellstengears.com\/fr\/wp-json\/wp\/v2\/pages\/18\/revisions\/34961"}],"wp:featuredmedia":[{"embeddable":true,"href":"https:\/\/products.hellstengears.com\/fr\/wp-json\/wp\/v2\/media\/22203"}],"wp:attachment":[{"href":"https:\/\/products.hellstengears.com\/fr\/wp-json\/wp\/v2\/media?parent=18"}],"curies":[{"name":"wp","href":"https:\/\/api.w.org\/{rel}","templated":true}]}}