
{"id":33383,"date":"2022-07-27T09:11:53","date_gmt":"2022-07-27T09:11:53","guid":{"rendered":"https:\/\/products.hellstengears.com\/en\/?post_type=product&p=33383"},"modified":"2022-07-27T09:11:53","modified_gmt":"2022-07-27T09:11:53","slug":"38439-vw-tiguan-allspace-18-differential-rear-0br525010p","status":"publish","type":"product","link":"https:\/\/products.hellstengears.com\/fi\/product\/38439-vw-tiguan-allspace-18-differential-rear-0br525010p\/","title":{"rendered":""},"content":{"rendered":"","protected":false},"excerpt":{"rendered":"","protected":false},"featured_media":33382,"comment_status":"open","ping_status":"closed","template":"","meta":{"part_no":"38439"},"product_brand":[],"product_cat":[238],"product_tag":[],"class_list":{"0":"post-33383","1":"product","2":"type-product","3":"status-publish","4":"has-post-thumbnail","6":"product_cat-differentiel-arriere","8":"first","9":"instock","10":"shipping-taxable","11":"purchasable","12":"product-type-simple"},"yoast_head":"<!-- This site is optimized with the Yoast SEO plugin v27.4 - https:\/\/yoast.com\/product\/yoast-seo-wordpress\/ -->\n<title>Tehdaskunnostettu-TAKAPER\u00c4-0BR525010P-Vw Tiguan Allspace 18-&gt;&gt;<\/title>\n<meta name=\"description\" content=\"Hellsten Gears AB tarjoaa Tehdaskunnostettu %%ct_product_cat%% alkuper\u00e4isell\u00e4 koodilla 0BR525010Pfor a Vw Tiguan Allspace 18-&gt;&gt;. 2 uoden takuu!\" \/>\n<meta name=\"robots\" content=\"index, follow, max-snippet:-1, max-image-preview:large, max-video-preview:-1\" \/>\n<link rel=\"canonical\" href=\"https:\/\/products.hellstengears.com\/fi\/product\/38439-vw-tiguan-allspace-18-differential-rear-0br525010p\/\" \/>\n<meta property=\"og:locale\" content=\"fi_FI\" \/>\n<meta property=\"og:locale:alternate\" content=\"fr_FR\" \/>\n<meta property=\"og:locale:alternate\" content=\"en_GB\" \/>\n<meta property=\"og:locale:alternate\" content=\"sv_SE\" \/>\n<meta property=\"og:locale:alternate\" content=\"da_DK\" \/>\n<meta property=\"og:locale:alternate\" content=\"nn_NO\" \/>\n<meta property=\"og:type\" content=\"article\" \/>\n<meta property=\"og:title\" content=\"Renovated-TAKAPER\u00c4-0BR525010P-Vw Tiguan Allspace 18-&gt;&gt;\" \/>\n<meta property=\"og:description\" content=\"Hellsten Gears AB offers a Renovated TAKAPER\u00c4 with original number 0BR525010P for a Vw Tiguan Allspace 18-&gt;&gt;. 2 years warranty!\" \/>\n<meta property=\"og:url\" content=\"https:\/\/products.hellstengears.com\/fi\/product\/38439-vw-tiguan-allspace-18-differential-rear-0br525010p\/\" \/>\n<meta property=\"og:site_name\" content=\"Hellsten Gears | Etsi uudelleenkunnostettuja ja k\u00e4ytettyj\u00e4 vaihteistoja, siirtoyksik\u00f6it\u00e4, etu-\/takatasauspy\u00f6ri\u00e4 ja turboja!\" \/>\n<meta property=\"article:publisher\" content=\"https:\/\/www.facebook.com\/hellstengearsab\" \/>\n<meta property=\"og:image\" content=\"https:\/\/products.hellstengears.com\/wp-content\/uploads\/2022\/07\/36828_1-1.jpg\" \/>\n\t<meta property=\"og:image:width\" content=\"640\" \/>\n\t<meta property=\"og:image:height\" content=\"463\" \/>\n\t<meta property=\"og:image:type\" content=\"image\/jpeg\" \/>\n<meta name=\"twitter:card\" content=\"summary_large_image\" \/>\n<meta name=\"twitter:label1\" content=\"Arvioitu lukuaika\" \/>\n\t<meta name=\"twitter:data1\" content=\"1 minuutti\" \/>\n<script type=\"application\/ld+json\" class=\"yoast-schema-graph\">{\"@context\":\"https:\\\/\\\/schema.org\",\"@graph\":[{\"@type\":\"WebPage\",\"@id\":\"https:\\\/\\\/products.hellstengears.com\\\/fr\\\/product\\\/38439-vw-tiguan-allspace-18-differential-rear-0br525010p\\\/\",\"url\":\"https:\\\/\\\/products.hellstengears.com\\\/fr\\\/product\\\/38439-vw-tiguan-allspace-18-differential-rear-0br525010p\\\/\",\"name\":\"Renovated-TAKAPER\u00c4-0BR525010P-Vw Tiguan Allspace 18->>\",\"isPartOf\":{\"@id\":\"https:\\\/\\\/products.hellstengears.com\\\/#website\"},\"primaryImageOfPage\":{\"@id\":\"https:\\\/\\\/products.hellstengears.com\\\/fr\\\/product\\\/38439-vw-tiguan-allspace-18-differential-rear-0br525010p\\\/#primaryimage\"},\"image\":{\"@id\":\"https:\\\/\\\/products.hellstengears.com\\\/fr\\\/product\\\/38439-vw-tiguan-allspace-18-differential-rear-0br525010p\\\/#primaryimage\"},\"thumbnailUrl\":\"https:\\\/\\\/products.hellstengears.com\\\/wp-content\\\/uploads\\\/2022\\\/07\\\/36828_1-1.jpg\",\"datePublished\":\"2022-07-27T09:11:53+00:00\",\"description\":\"Hellsten Gears AB offers a Renovated TAKAPER\u00c4 with original number 0BR525010P for a Vw Tiguan Allspace 18->>. 2 years warranty!\",\"breadcrumb\":{\"@id\":\"https:\\\/\\\/products.hellstengears.com\\\/fr\\\/product\\\/38439-vw-tiguan-allspace-18-differential-rear-0br525010p\\\/#breadcrumb\"},\"inLanguage\":\"fi\",\"potentialAction\":[{\"@type\":\"ReadAction\",\"target\":[\"https:\\\/\\\/products.hellstengears.com\\\/fr\\\/product\\\/38439-vw-tiguan-allspace-18-differential-rear-0br525010p\\\/\"]}]},{\"@type\":\"ImageObject\",\"inLanguage\":\"fi\",\"@id\":\"https:\\\/\\\/products.hellstengears.com\\\/fr\\\/product\\\/38439-vw-tiguan-allspace-18-differential-rear-0br525010p\\\/#primaryimage\",\"url\":\"https:\\\/\\\/products.hellstengears.com\\\/wp-content\\\/uploads\\\/2022\\\/07\\\/36828_1-1.jpg\",\"contentUrl\":\"https:\\\/\\\/products.hellstengears.com\\\/wp-content\\\/uploads\\\/2022\\\/07\\\/36828_1-1.jpg\",\"width\":640,\"height\":463},{\"@type\":\"BreadcrumbList\",\"@id\":\"https:\\\/\\\/products.hellstengears.com\\\/fr\\\/product\\\/38439-vw-tiguan-allspace-18-differential-rear-0br525010p\\\/#breadcrumb\",\"itemListElement\":[{\"@type\":\"ListItem\",\"position\":1,\"name\":\"Home\",\"item\":\"https:\\\/\\\/products.hellstengears.com\\\/\"},{\"@type\":\"ListItem\",\"position\":2,\"name\":\"S\u00f8g efter gearkasse dele\",\"item\":\"https:\\\/\\\/products.hellstengears.com\\\/da\\\/search-transmission-parts\\\/\"}]},{\"@type\":\"WebSite\",\"@id\":\"https:\\\/\\\/products.hellstengears.com\\\/#website\",\"url\":\"https:\\\/\\\/products.hellstengears.com\\\/\",\"name\":\"Hellsten Gears Search Refurbished and Used Products\",\"description\":\"Asiantuntijoita vuodesta 1983\",\"publisher\":{\"@id\":\"https:\\\/\\\/products.hellstengears.com\\\/#organization\"},\"potentialAction\":[{\"@type\":\"SearchAction\",\"target\":{\"@type\":\"EntryPoint\",\"urlTemplate\":\"https:\\\/\\\/products.hellstengears.com\\\/?s={search_term_string}\"},\"query-input\":{\"@type\":\"PropertyValueSpecification\",\"valueRequired\":true,\"valueName\":\"search_term_string\"}}],\"inLanguage\":\"fi\"},{\"@type\":\"Organization\",\"@id\":\"https:\\\/\\\/products.hellstengears.com\\\/#organization\",\"name\":\"Hellsten Gears AB\",\"url\":\"https:\\\/\\\/products.hellstengears.com\\\/\",\"logo\":{\"@type\":\"ImageObject\",\"inLanguage\":\"fi\",\"@id\":\"https:\\\/\\\/products.hellstengears.com\\\/#\\\/schema\\\/logo\\\/image\\\/\",\"url\":\"https:\\\/\\\/products.hellstengears.com\\\/wp-content\\\/uploads\\\/2021\\\/11\\\/01-HellstenGears-logo-main_400-bred.png\",\"contentUrl\":\"https:\\\/\\\/products.hellstengears.com\\\/wp-content\\\/uploads\\\/2021\\\/11\\\/01-HellstenGears-logo-main_400-bred.png\",\"width\":373,\"height\":92,\"caption\":\"Hellsten Gears AB\"},\"image\":{\"@id\":\"https:\\\/\\\/products.hellstengears.com\\\/#\\\/schema\\\/logo\\\/image\\\/\"},\"sameAs\":[\"https:\\\/\\\/www.facebook.com\\\/hellstengearsab\",\"https:\\\/\\\/www.instagram.com\\\/hellstengears\\\/\",\"http:\\\/\\\/linkedin.com\\\/company\\\/hellstengears\",\"https:\\\/\\\/www.youtube.com\\\/channel\\\/UCrkdxgxiDQ31TLRnlNN9kyA\"]}]}<\/script>\n<!-- \/ Yoast SEO plugin. -->","yoast_head_json":{"title":"Tehdaskunnostettu-TAKAPER\u00c4-0BR525010P-Vw Tiguan Allspace 18->>","description":"Hellsten Gears AB tarjoaa Tehdaskunnostettu %%ct_product_cat%% alkuper\u00e4isell\u00e4 koodilla 0BR525010Pfor a Vw Tiguan Allspace 18->>. 2 uoden takuu!","robots":{"index":"index","follow":"follow","max-snippet":"max-snippet:-1","max-image-preview":"max-image-preview:large","max-video-preview":"max-video-preview:-1"},"canonical":"https:\/\/products.hellstengears.com\/fi\/product\/38439-vw-tiguan-allspace-18-differential-rear-0br525010p\/","og_locale":"fi_FI","og_type":"article","og_title":"Renovated-TAKAPER\u00c4-0BR525010P-Vw Tiguan Allspace 18->>","og_description":"Hellsten Gears AB offers a Renovated TAKAPER\u00c4 with original number 0BR525010P for a Vw Tiguan Allspace 18->>. 2 years warranty!","og_url":"https:\/\/products.hellstengears.com\/fi\/product\/38439-vw-tiguan-allspace-18-differential-rear-0br525010p\/","og_site_name":"Hellsten Gears | Etsi uudelleenkunnostettuja ja k\u00e4ytettyj\u00e4 vaihteistoja, siirtoyksik\u00f6it\u00e4, etu-\/takatasauspy\u00f6ri\u00e4 ja turboja!","article_publisher":"https:\/\/www.facebook.com\/hellstengearsab","og_image":[{"width":640,"height":463,"url":"https:\/\/products.hellstengears.com\/wp-content\/uploads\/2022\/07\/36828_1-1.jpg","type":"image\/jpeg"}],"twitter_card":"summary_large_image","twitter_misc":{"Arvioitu lukuaika":"1 minuutti"},"schema":{"@context":"https:\/\/schema.org","@graph":[{"@type":"WebPage","@id":"https:\/\/products.hellstengears.com\/fr\/product\/38439-vw-tiguan-allspace-18-differential-rear-0br525010p\/","url":"https:\/\/products.hellstengears.com\/fr\/product\/38439-vw-tiguan-allspace-18-differential-rear-0br525010p\/","name":"Renovated-TAKAPER\u00c4-0BR525010P-Vw Tiguan Allspace 18->>","isPartOf":{"@id":"https:\/\/products.hellstengears.com\/#website"},"primaryImageOfPage":{"@id":"https:\/\/products.hellstengears.com\/fr\/product\/38439-vw-tiguan-allspace-18-differential-rear-0br525010p\/#primaryimage"},"image":{"@id":"https:\/\/products.hellstengears.com\/fr\/product\/38439-vw-tiguan-allspace-18-differential-rear-0br525010p\/#primaryimage"},"thumbnailUrl":"https:\/\/products.hellstengears.com\/wp-content\/uploads\/2022\/07\/36828_1-1.jpg","datePublished":"2022-07-27T09:11:53+00:00","description":"Hellsten Gears AB offers a Renovated TAKAPER\u00c4 with original number 0BR525010P for a Vw Tiguan Allspace 18->>. 2 years warranty!","breadcrumb":{"@id":"https:\/\/products.hellstengears.com\/fr\/product\/38439-vw-tiguan-allspace-18-differential-rear-0br525010p\/#breadcrumb"},"inLanguage":"fi","potentialAction":[{"@type":"ReadAction","target":["https:\/\/products.hellstengears.com\/fr\/product\/38439-vw-tiguan-allspace-18-differential-rear-0br525010p\/"]}]},{"@type":"ImageObject","inLanguage":"fi","@id":"https:\/\/products.hellstengears.com\/fr\/product\/38439-vw-tiguan-allspace-18-differential-rear-0br525010p\/#primaryimage","url":"https:\/\/products.hellstengears.com\/wp-content\/uploads\/2022\/07\/36828_1-1.jpg","contentUrl":"https:\/\/products.hellstengears.com\/wp-content\/uploads\/2022\/07\/36828_1-1.jpg","width":640,"height":463},{"@type":"BreadcrumbList","@id":"https:\/\/products.hellstengears.com\/fr\/product\/38439-vw-tiguan-allspace-18-differential-rear-0br525010p\/#breadcrumb","itemListElement":[{"@type":"ListItem","position":1,"name":"Home","item":"https:\/\/products.hellstengears.com\/"},{"@type":"ListItem","position":2,"name":"S\u00f8g efter gearkasse dele","item":"https:\/\/products.hellstengears.com\/da\/search-transmission-parts\/"}]},{"@type":"WebSite","@id":"https:\/\/products.hellstengears.com\/#website","url":"https:\/\/products.hellstengears.com\/","name":"Hellsten Gears Search Refurbished and Used Products","description":"Asiantuntijoita vuodesta 1983","publisher":{"@id":"https:\/\/products.hellstengears.com\/#organization"},"potentialAction":[{"@type":"SearchAction","target":{"@type":"EntryPoint","urlTemplate":"https:\/\/products.hellstengears.com\/?s={search_term_string}"},"query-input":{"@type":"PropertyValueSpecification","valueRequired":true,"valueName":"search_term_string"}}],"inLanguage":"fi"},{"@type":"Organization","@id":"https:\/\/products.hellstengears.com\/#organization","name":"Hellsten Gears AB","url":"https:\/\/products.hellstengears.com\/","logo":{"@type":"ImageObject","inLanguage":"fi","@id":"https:\/\/products.hellstengears.com\/#\/schema\/logo\/image\/","url":"https:\/\/products.hellstengears.com\/wp-content\/uploads\/2021\/11\/01-HellstenGears-logo-main_400-bred.png","contentUrl":"https:\/\/products.hellstengears.com\/wp-content\/uploads\/2021\/11\/01-HellstenGears-logo-main_400-bred.png","width":373,"height":92,"caption":"Hellsten Gears AB"},"image":{"@id":"https:\/\/products.hellstengears.com\/#\/schema\/logo\/image\/"},"sameAs":["https:\/\/www.facebook.com\/hellstengearsab","https:\/\/www.instagram.com\/hellstengears\/","http:\/\/linkedin.com\/company\/hellstengears","https:\/\/www.youtube.com\/channel\/UCrkdxgxiDQ31TLRnlNN9kyA"]}]}},"_links":{"self":[{"href":"https:\/\/products.hellstengears.com\/fi\/wp-json\/wp\/v2\/product\/33383","targetHints":{"allow":["GET"]}}],"collection":[{"href":"https:\/\/products.hellstengears.com\/fi\/wp-json\/wp\/v2\/product"}],"about":[{"href":"https:\/\/products.hellstengears.com\/fi\/wp-json\/wp\/v2\/types\/product"}],"replies":[{"embeddable":true,"href":"https:\/\/products.hellstengears.com\/fi\/wp-json\/wp\/v2\/comments?post=33383"}],"wp:featuredmedia":[{"embeddable":true,"href":"https:\/\/products.hellstengears.com\/fi\/wp-json\/wp\/v2\/media\/33382"}],"wp:attachment":[{"href":"https:\/\/products.hellstengears.com\/fi\/wp-json\/wp\/v2\/media?parent=33383"}],"wp:term":[{"taxonomy":"product_brand","embeddable":true,"href":"https:\/\/products.hellstengears.com\/fi\/wp-json\/wp\/v2\/product_brand?post=33383"},{"taxonomy":"product_cat","embeddable":true,"href":"https:\/\/products.hellstengears.com\/fi\/wp-json\/wp\/v2\/product_cat?post=33383"},{"taxonomy":"product_tag","embeddable":true,"href":"https:\/\/products.hellstengears.com\/fi\/wp-json\/wp\/v2\/product_tag?post=33383"}],"curies":[{"name":"wp","href":"https:\/\/api.w.org\/{rel}","templated":true}]}}