
{"id":17649,"date":"2021-10-10T22:05:04","date_gmt":"2021-10-10T22:05:04","guid":{"rendered":"https:\/\/products.hellstengears.com\/en\/product\/37838-skoda-octavia-05-13-gearbox-man-6-speed-02q300042bx\/"},"modified":"2026-04-19T04:27:28","modified_gmt":"2026-04-19T04:27:28","slug":"37838-skoda-octavia-1z-05-13-gearbox-man-6-speed-02q300042bx","status":"publish","type":"product","link":"https:\/\/products.hellstengears.com\/fi\/product\/37838-skoda-octavia-1z-05-13-gearbox-man-6-speed-02q300042bx\/","title":{"rendered":"37838"},"content":{"rendered":"<p>Hellsten Gears AB is one of Europe&#8217;s largest suppliers of factory refurbished and used gearboxes (automatic gearboxes, DSG gearboxes, manual gearboxes, CVT gearboxes), transfer units, differentials and turbos for passenger cars, motorhomes, commercial vehicles and light utility trucks to most car makes and car models. We have been experts by your side since 1983! With an unique warranty period of 2 years for both factory refurbished and used units, we offer an affordable and safe alternative to original parts. With extensive inventory, correct delivery dates and fast worldwide deliveries, you can count on full assistance from us!<\/p>\n","protected":false},"excerpt":{"rendered":"<p>Fabriksny utbytesdel &#8211; 2 \u00e5rs garanti<\/p>\n","protected":false},"featured_media":74369,"comment_status":"open","ping_status":"closed","template":"","meta":{"part_no":"37838"},"product_brand":[],"product_cat":[1221],"product_tag":[],"class_list":{"0":"post-17649","1":"product","2":"type-product","3":"status-publish","4":"has-post-thumbnail","6":"product_cat-gearbox-man-6-speed-2","8":"first","9":"instock","10":"shipping-taxable","11":"purchasable","12":"product-type-simple"},"yoast_head":"<!-- This site is optimized with the Yoast SEO plugin v27.4 - https:\/\/yoast.com\/product\/yoast-seo-wordpress\/ -->\n<title>Uusi alkuper\u00e4inen osa-GEARBOX MAN. 6 SPEED-02Q300042BX-SKODA OCTAVIA (1Z) 05-13<\/title>\n<meta name=\"description\" content=\"Hellsten Gears AB tarjoaa Uusi alkuper\u00e4inen osa %%ct_product_cat%% alkuper\u00e4isell\u00e4 koodilla 02Q300042BXfor a SKODA OCTAVIA (1Z) 05-13. 2 uoden takuu!\" \/>\n<meta name=\"robots\" content=\"index, follow, max-snippet:-1, max-image-preview:large, max-video-preview:-1\" \/>\n<link rel=\"canonical\" href=\"https:\/\/products.hellstengears.com\/fi\/product\/37838-skoda-octavia-1z-05-13-gearbox-man-6-speed-02q300042bx\/\" \/>\n<meta property=\"og:locale\" content=\"fi_FI\" \/>\n<meta property=\"og:locale:alternate\" content=\"fr_FR\" \/>\n<meta property=\"og:locale:alternate\" content=\"en_GB\" \/>\n<meta property=\"og:locale:alternate\" content=\"sv_SE\" \/>\n<meta property=\"og:locale:alternate\" content=\"da_DK\" \/>\n<meta property=\"og:locale:alternate\" content=\"nn_NO\" \/>\n<meta property=\"og:type\" content=\"article\" \/>\n<meta property=\"og:title\" content=\"New original part-GEARBOX MAN. 6 SPEED-02Q300042BX-SKODA OCTAVIA (1Z) 05-13\" \/>\n<meta property=\"og:description\" content=\"Hellsten Gears AB offers a New original part GEARBOX MAN. 6 SPEED with original number 02Q300042BX for a SKODA OCTAVIA (1Z) 05-13. 2 years warranty!\" \/>\n<meta property=\"og:url\" content=\"https:\/\/products.hellstengears.com\/fi\/product\/37838-skoda-octavia-1z-05-13-gearbox-man-6-speed-02q300042bx\/\" \/>\n<meta property=\"og:site_name\" content=\"Hellsten Gears | Etsi uudelleenkunnostettuja ja k\u00e4ytettyj\u00e4 vaihteistoja, siirtoyksik\u00f6it\u00e4, etu-\/takatasauspy\u00f6ri\u00e4 ja turboja!\" \/>\n<meta property=\"article:publisher\" content=\"https:\/\/www.facebook.com\/hellstengearsab\" \/>\n<meta property=\"article:modified_time\" content=\"2026-04-19T04:27:28+00:00\" \/>\n<meta property=\"og:image\" content=\"https:\/\/www.dropbox.com\/s\/nepmi0fvvrz04kk\/37838_1.jpg?raw=1\" \/>\n<meta name=\"twitter:card\" content=\"summary_large_image\" \/>\n<script type=\"application\/ld+json\" class=\"yoast-schema-graph\">{\"@context\":\"https:\\\/\\\/schema.org\",\"@graph\":[{\"@type\":\"WebPage\",\"@id\":\"https:\\\/\\\/products.hellstengears.com\\\/en\\\/product\\\/37838-skoda-octavia-1z-05-13-gearbox-man-6-speed-02q300042bx\\\/\",\"url\":\"https:\\\/\\\/products.hellstengears.com\\\/en\\\/product\\\/37838-skoda-octavia-1z-05-13-gearbox-man-6-speed-02q300042bx\\\/\",\"name\":\"New original part-GEARBOX MAN. 6 SPEED-02Q300042BX-SKODA OCTAVIA (1Z) 05-13\",\"isPartOf\":{\"@id\":\"https:\\\/\\\/products.hellstengears.com\\\/#website\"},\"primaryImageOfPage\":{\"@id\":\"https:\\\/\\\/products.hellstengears.com\\\/en\\\/product\\\/37838-skoda-octavia-1z-05-13-gearbox-man-6-speed-02q300042bx\\\/#primaryimage\"},\"image\":{\"@id\":\"https:\\\/\\\/products.hellstengears.com\\\/en\\\/product\\\/37838-skoda-octavia-1z-05-13-gearbox-man-6-speed-02q300042bx\\\/#primaryimage\"},\"thumbnailUrl\":\"https:\\\/\\\/products.hellstengears.com\\\/wp-content\\\/uploads\\\/2024\\\/11\\\/37838_1-1.jpg\",\"datePublished\":\"2021-10-10T22:05:04+00:00\",\"dateModified\":\"2026-04-19T04:27:28+00:00\",\"description\":\"Hellsten Gears AB offers a New original part GEARBOX MAN. 6 SPEED with original number 02Q300042BX for a SKODA OCTAVIA (1Z) 05-13. 2 years warranty!\",\"breadcrumb\":{\"@id\":\"https:\\\/\\\/products.hellstengears.com\\\/en\\\/product\\\/37838-skoda-octavia-1z-05-13-gearbox-man-6-speed-02q300042bx\\\/#breadcrumb\"},\"inLanguage\":\"fi\",\"potentialAction\":[{\"@type\":\"ReadAction\",\"target\":[\"https:\\\/\\\/products.hellstengears.com\\\/en\\\/product\\\/37838-skoda-octavia-1z-05-13-gearbox-man-6-speed-02q300042bx\\\/\"]}]},{\"@type\":\"ImageObject\",\"inLanguage\":\"fi\",\"@id\":\"https:\\\/\\\/products.hellstengears.com\\\/en\\\/product\\\/37838-skoda-octavia-1z-05-13-gearbox-man-6-speed-02q300042bx\\\/#primaryimage\",\"url\":\"https:\\\/\\\/products.hellstengears.com\\\/wp-content\\\/uploads\\\/2024\\\/11\\\/37838_1-1.jpg\",\"contentUrl\":\"https:\\\/\\\/products.hellstengears.com\\\/wp-content\\\/uploads\\\/2024\\\/11\\\/37838_1-1.jpg\",\"width\":586,\"height\":434},{\"@type\":\"BreadcrumbList\",\"@id\":\"https:\\\/\\\/products.hellstengears.com\\\/en\\\/product\\\/37838-skoda-octavia-1z-05-13-gearbox-man-6-speed-02q300042bx\\\/#breadcrumb\",\"itemListElement\":[{\"@type\":\"ListItem\",\"position\":1,\"name\":\"Home\",\"item\":\"https:\\\/\\\/products.hellstengears.com\\\/\"},{\"@type\":\"ListItem\",\"position\":2,\"name\":\"S\u00f8g efter gearkasse dele\",\"item\":\"https:\\\/\\\/products.hellstengears.com\\\/da\\\/search-transmission-parts\\\/\"},{\"@type\":\"ListItem\",\"position\":3,\"name\":\"37838\"}]},{\"@type\":\"WebSite\",\"@id\":\"https:\\\/\\\/products.hellstengears.com\\\/#website\",\"url\":\"https:\\\/\\\/products.hellstengears.com\\\/\",\"name\":\"Hellsten Gears Search Refurbished and Used Products\",\"description\":\"Asiantuntijoita vuodesta 1983\",\"publisher\":{\"@id\":\"https:\\\/\\\/products.hellstengears.com\\\/#organization\"},\"potentialAction\":[{\"@type\":\"SearchAction\",\"target\":{\"@type\":\"EntryPoint\",\"urlTemplate\":\"https:\\\/\\\/products.hellstengears.com\\\/?s={search_term_string}\"},\"query-input\":{\"@type\":\"PropertyValueSpecification\",\"valueRequired\":true,\"valueName\":\"search_term_string\"}}],\"inLanguage\":\"fi\"},{\"@type\":\"Organization\",\"@id\":\"https:\\\/\\\/products.hellstengears.com\\\/#organization\",\"name\":\"Hellsten Gears AB\",\"url\":\"https:\\\/\\\/products.hellstengears.com\\\/\",\"logo\":{\"@type\":\"ImageObject\",\"inLanguage\":\"fi\",\"@id\":\"https:\\\/\\\/products.hellstengears.com\\\/#\\\/schema\\\/logo\\\/image\\\/\",\"url\":\"https:\\\/\\\/products.hellstengears.com\\\/wp-content\\\/uploads\\\/2021\\\/11\\\/01-HellstenGears-logo-main_400-bred.png\",\"contentUrl\":\"https:\\\/\\\/products.hellstengears.com\\\/wp-content\\\/uploads\\\/2021\\\/11\\\/01-HellstenGears-logo-main_400-bred.png\",\"width\":373,\"height\":92,\"caption\":\"Hellsten Gears AB\"},\"image\":{\"@id\":\"https:\\\/\\\/products.hellstengears.com\\\/#\\\/schema\\\/logo\\\/image\\\/\"},\"sameAs\":[\"https:\\\/\\\/www.facebook.com\\\/hellstengearsab\",\"https:\\\/\\\/www.instagram.com\\\/hellstengears\\\/\",\"http:\\\/\\\/linkedin.com\\\/company\\\/hellstengears\",\"https:\\\/\\\/www.youtube.com\\\/channel\\\/UCrkdxgxiDQ31TLRnlNN9kyA\"]}]}<\/script>\n<!-- \/ Yoast SEO plugin. -->","yoast_head_json":{"title":"Uusi alkuper\u00e4inen osa-GEARBOX MAN. 6 SPEED-02Q300042BX-SKODA OCTAVIA (1Z) 05-13","description":"Hellsten Gears AB tarjoaa Uusi alkuper\u00e4inen osa %%ct_product_cat%% alkuper\u00e4isell\u00e4 koodilla 02Q300042BXfor a SKODA OCTAVIA (1Z) 05-13. 2 uoden takuu!","robots":{"index":"index","follow":"follow","max-snippet":"max-snippet:-1","max-image-preview":"max-image-preview:large","max-video-preview":"max-video-preview:-1"},"canonical":"https:\/\/products.hellstengears.com\/fi\/product\/37838-skoda-octavia-1z-05-13-gearbox-man-6-speed-02q300042bx\/","og_locale":"fi_FI","og_type":"article","og_title":"New original part-GEARBOX MAN. 6 SPEED-02Q300042BX-SKODA OCTAVIA (1Z) 05-13","og_description":"Hellsten Gears AB offers a New original part GEARBOX MAN. 6 SPEED with original number 02Q300042BX for a SKODA OCTAVIA (1Z) 05-13. 2 years warranty!","og_url":"https:\/\/products.hellstengears.com\/fi\/product\/37838-skoda-octavia-1z-05-13-gearbox-man-6-speed-02q300042bx\/","og_site_name":"Hellsten Gears | Etsi uudelleenkunnostettuja ja k\u00e4ytettyj\u00e4 vaihteistoja, siirtoyksik\u00f6it\u00e4, etu-\/takatasauspy\u00f6ri\u00e4 ja turboja!","article_publisher":"https:\/\/www.facebook.com\/hellstengearsab","article_modified_time":"2026-04-19T04:27:28+00:00","og_image":[{"url":"https:\/\/www.dropbox.com\/s\/nepmi0fvvrz04kk\/37838_1.jpg?raw=1","type":"","width":"","height":""}],"twitter_card":"summary_large_image","schema":{"@context":"https:\/\/schema.org","@graph":[{"@type":"WebPage","@id":"https:\/\/products.hellstengears.com\/en\/product\/37838-skoda-octavia-1z-05-13-gearbox-man-6-speed-02q300042bx\/","url":"https:\/\/products.hellstengears.com\/en\/product\/37838-skoda-octavia-1z-05-13-gearbox-man-6-speed-02q300042bx\/","name":"New original part-GEARBOX MAN. 6 SPEED-02Q300042BX-SKODA OCTAVIA (1Z) 05-13","isPartOf":{"@id":"https:\/\/products.hellstengears.com\/#website"},"primaryImageOfPage":{"@id":"https:\/\/products.hellstengears.com\/en\/product\/37838-skoda-octavia-1z-05-13-gearbox-man-6-speed-02q300042bx\/#primaryimage"},"image":{"@id":"https:\/\/products.hellstengears.com\/en\/product\/37838-skoda-octavia-1z-05-13-gearbox-man-6-speed-02q300042bx\/#primaryimage"},"thumbnailUrl":"https:\/\/products.hellstengears.com\/wp-content\/uploads\/2024\/11\/37838_1-1.jpg","datePublished":"2021-10-10T22:05:04+00:00","dateModified":"2026-04-19T04:27:28+00:00","description":"Hellsten Gears AB offers a New original part GEARBOX MAN. 6 SPEED with original number 02Q300042BX for a SKODA OCTAVIA (1Z) 05-13. 2 years warranty!","breadcrumb":{"@id":"https:\/\/products.hellstengears.com\/en\/product\/37838-skoda-octavia-1z-05-13-gearbox-man-6-speed-02q300042bx\/#breadcrumb"},"inLanguage":"fi","potentialAction":[{"@type":"ReadAction","target":["https:\/\/products.hellstengears.com\/en\/product\/37838-skoda-octavia-1z-05-13-gearbox-man-6-speed-02q300042bx\/"]}]},{"@type":"ImageObject","inLanguage":"fi","@id":"https:\/\/products.hellstengears.com\/en\/product\/37838-skoda-octavia-1z-05-13-gearbox-man-6-speed-02q300042bx\/#primaryimage","url":"https:\/\/products.hellstengears.com\/wp-content\/uploads\/2024\/11\/37838_1-1.jpg","contentUrl":"https:\/\/products.hellstengears.com\/wp-content\/uploads\/2024\/11\/37838_1-1.jpg","width":586,"height":434},{"@type":"BreadcrumbList","@id":"https:\/\/products.hellstengears.com\/en\/product\/37838-skoda-octavia-1z-05-13-gearbox-man-6-speed-02q300042bx\/#breadcrumb","itemListElement":[{"@type":"ListItem","position":1,"name":"Home","item":"https:\/\/products.hellstengears.com\/"},{"@type":"ListItem","position":2,"name":"S\u00f8g efter gearkasse dele","item":"https:\/\/products.hellstengears.com\/da\/search-transmission-parts\/"},{"@type":"ListItem","position":3,"name":"37838"}]},{"@type":"WebSite","@id":"https:\/\/products.hellstengears.com\/#website","url":"https:\/\/products.hellstengears.com\/","name":"Hellsten Gears Search Refurbished and Used Products","description":"Asiantuntijoita vuodesta 1983","publisher":{"@id":"https:\/\/products.hellstengears.com\/#organization"},"potentialAction":[{"@type":"SearchAction","target":{"@type":"EntryPoint","urlTemplate":"https:\/\/products.hellstengears.com\/?s={search_term_string}"},"query-input":{"@type":"PropertyValueSpecification","valueRequired":true,"valueName":"search_term_string"}}],"inLanguage":"fi"},{"@type":"Organization","@id":"https:\/\/products.hellstengears.com\/#organization","name":"Hellsten Gears AB","url":"https:\/\/products.hellstengears.com\/","logo":{"@type":"ImageObject","inLanguage":"fi","@id":"https:\/\/products.hellstengears.com\/#\/schema\/logo\/image\/","url":"https:\/\/products.hellstengears.com\/wp-content\/uploads\/2021\/11\/01-HellstenGears-logo-main_400-bred.png","contentUrl":"https:\/\/products.hellstengears.com\/wp-content\/uploads\/2021\/11\/01-HellstenGears-logo-main_400-bred.png","width":373,"height":92,"caption":"Hellsten Gears AB"},"image":{"@id":"https:\/\/products.hellstengears.com\/#\/schema\/logo\/image\/"},"sameAs":["https:\/\/www.facebook.com\/hellstengearsab","https:\/\/www.instagram.com\/hellstengears\/","http:\/\/linkedin.com\/company\/hellstengears","https:\/\/www.youtube.com\/channel\/UCrkdxgxiDQ31TLRnlNN9kyA"]}]}},"_links":{"self":[{"href":"https:\/\/products.hellstengears.com\/fi\/wp-json\/wp\/v2\/product\/17649","targetHints":{"allow":["GET"]}}],"collection":[{"href":"https:\/\/products.hellstengears.com\/fi\/wp-json\/wp\/v2\/product"}],"about":[{"href":"https:\/\/products.hellstengears.com\/fi\/wp-json\/wp\/v2\/types\/product"}],"replies":[{"embeddable":true,"href":"https:\/\/products.hellstengears.com\/fi\/wp-json\/wp\/v2\/comments?post=17649"}],"wp:featuredmedia":[{"embeddable":true,"href":"https:\/\/products.hellstengears.com\/fi\/wp-json\/wp\/v2\/media\/74369"}],"wp:attachment":[{"href":"https:\/\/products.hellstengears.com\/fi\/wp-json\/wp\/v2\/media?parent=17649"}],"wp:term":[{"taxonomy":"product_brand","embeddable":true,"href":"https:\/\/products.hellstengears.com\/fi\/wp-json\/wp\/v2\/product_brand?post=17649"},{"taxonomy":"product_cat","embeddable":true,"href":"https:\/\/products.hellstengears.com\/fi\/wp-json\/wp\/v2\/product_cat?post=17649"},{"taxonomy":"product_tag","embeddable":true,"href":"https:\/\/products.hellstengears.com\/fi\/wp-json\/wp\/v2\/product_tag?post=17649"}],"curies":[{"name":"wp","href":"https:\/\/api.w.org\/{rel}","templated":true}]}}