
{"id":68,"date":"2021-05-12T12:02:00","date_gmt":"2021-05-12T12:02:00","guid":{"rendered":"https:\/\/products.hellstengears.com\/?page_id=68"},"modified":"2022-03-03T14:57:55","modified_gmt":"2022-03-03T14:57:55","slug":"warranty","status":"publish","type":"page","link":"https:\/\/products.hellstengears.com\/fi\/warranty\/","title":{"rendered":"Ostotiedot"},"content":{"rendered":"<h3><strong>Takuuehdot<\/strong><\/h3>\n<ul style=\"text-align: left;\">\n<li data-leveltext=\"\uf0b7\" data-font=\"Symbol\" data-listid=\"12\" aria-setsize=\"-1\" data-aria-posinset=\"1\" data-aria-level=\"1\">2\u202fvuoden\u00a0takuu\u00a0sek\u00e4\u00a0t\u00e4yskorjatusta\u00a0ett\u00e4\u00a0k\u00e4ytetyst\u00e4\u00a0*<\/li>\n<li data-leveltext=\"\uf0b7\" data-font=\"Symbol\" data-listid=\"12\" aria-setsize=\"-1\" data-aria-posinset=\"2\" data-aria-level=\"1\">Takuu\u00a0kattaa\u00a0ty\u00f6kustannukset<\/li>\n<li data-leveltext=\"\uf0b7\" data-font=\"Symbol\" data-listid=\"12\" aria-setsize=\"-1\" data-aria-posinset=\"3\" data-aria-level=\"1\">Takuu\u00a0kattaa\u00a0kuljetusvahingot\u00a0ja\u00a0kadonnet\u00a0l\u00e4hetykset<\/li>\n<li data-leveltext=\"\uf0b7\" data-font=\"Symbol\" data-listid=\"12\" aria-setsize=\"-1\" data-aria-posinset=\"4\" data-aria-level=\"1\">Takuu\u00a0suojaa\u00a0ohjelmointiongelmilta<\/li>\n<\/ul>\n<p>Takuu\u00a0on\u00a0voimassa\u00a02\u00a0vuotta\u00a0laskun\u00a0p\u00e4iv\u00e4m\u00e4\u00e4r\u00e4st\u00e4\u00a0ja\u00a0kun\u00a0ajoneuvoa\u00a0on\u00a0ajettu\u00a0enint\u00e4\u00e4n\u00a040 000 km\u00a0takuuaikana.<br \/>\n<a href=\"http:\/\/www.hellstenvaxellador.se\/fi-FI\/asiakaspalvelu\/takuu-ja-turvallisuus-32658628\">http:\/\/www.hellstenvaxellador.se\/fi-FI\/asiakaspalvelu\/takuu-ja-turvallisuus-32658628<\/a><\/p>\n<p>*\u00a0Erityiset\u00a0takuuehdot<br \/>\nJoihinkin\u00a0tuotteisiin\u00a0sovelletaan\u00a0erityisvaatimuksia,\u00a0jotta\u00a0takuu\u00a0olisi\u00a0voimassa.\u00a0Lis\u00e4ehdot\u00a0ilmoitetaan\u00a0kirjallisessa\u00a0tilausvahvistuksessa\u00a0ja\u00a0laskussa.<\/p>\n<h3>Hintatiedot<\/h3>\n<p>Pyrimme antamaan mahdollisimman t\u00e4ydelliset tiedot kaikista tuotteistamme. Varaamme oikeuden hinnan, saatavuuden ja teknisten tietojen muuttumiseen. Hinnat p\u00e4ivitet\u00e4\u00e4n p\u00e4ivitt\u00e4in. Hellsten Gears AB ei ole vastuussa hintamuutoksista, kirjoitusvirheist\u00e4, ohjeiden puutteellisuuksista eik\u00e4 niiden v\u00e4\u00e4r\u00e4st\u00e4 tulkitsemisesta, sek\u00e4 varaa oikeuden niiden muuttamiseen. Emme sitoudu myym\u00e4\u00e4n tuotetta v\u00e4\u00e4rin ilmoitettuun hintaan. T\u00e4ll\u00e4\u00a0nettisivulla\u00a0ilmoitetut\u00a0hinnat\u00a0voivat\u00a0n\u00e4ky\u00e4\u00a0eri\u00a0valuutoissa\u00a0(Ruotsi: SEK, Suomi: EURO,\u00a0Norja: NOK,\u00a0Tanska: DKK) ja\u00a0n\u00e4kyv\u00e4t\u00a0joko\u00a0ALV:ll\u00e4\u00a0tai\u00a0ilman\u00a0LVV:t\u00e4.\u00a0Hinnat,\u00a0jotka\u00a0n\u00e4kyv\u00e4t\u00a0tuotesivulla,\u00a0eiv\u00e4t\u00a0sis\u00e4ll\u00e4\u00a0rahdin,\u00a0\u00f6ljyn\u00a0eik\u00e4\u00a0tarvikkeiden\u00a0hintaa\u00a0(\u00a0tarvikkeet\u00a0kuten\u00a0vauhtipy\u00f6r\u00e4\u00a0ja\u00a0kytkin\u00a0saattavat\u00a0olla\u00a0takuun\u00a0ehto).\u00a0T\u00e4ydellisen\u00a0tarjouksen\u00a0saamiseksi\u00a0on\u00a0hintatiedustelun\u00a0oltava\u00a0tarkoin\u00a0m\u00e4\u00e4ritelty.<br \/>\nKorvaus\/vaihto\u00a0systeemimme\u00a0on\u00a0ett\u00e4\u00a0viallinen\u00a0runko\u00a0t\u00e4ytyy\u00a0palauttaa\u00a0meille\u00a0koskemattomana\u00a0kun\u00a0uusi\u00a0vaihdelaatikko\u00a0on\u00a0asennettu. Jos\u00a0viallista\u00a0runkoa\u00a0ei\u00a0palauteta\u00a0meille\u00a0laskutamme\u00a0runkopantin. Jos\u00a0viallinen\u00a0palautetaan, mutta\u00a0siin\u00e4\u00a0on\u00a0ulkoisia\u00a0vahinkoja,\u00a0tulemme\u00a0laskuttamaan\u00a0osan\u00a0runkopantista\u00a0joka\u00a0vastaa\u00a0vahingon\u00a0m\u00e4\u00e4r\u00e4\u00e4.<\/p>\n<h3>Hintatiedustelu\u00a0&#038;\u00a0tarjous<\/h3>\n<p>Hintatiedustelun on oltava t\u00e4ydellinen tarkan hinnan saamiseksi. Tarvitsemme tiedot hintatiedustelun tekij\u00e4st\u00e4 ja ajoneuvosta. Ajoneuvosta tarvitsemme rekisteri- \/ korinumeron sek\u00e4 rekister\u00f6intimaan, jotka tiedot tarvitsemme oikean tuotteen m\u00e4\u00e4rittelyyn. Tarjous on voimassa 30 p\u00e4iv\u00e4\u00e4 tarjouksen p\u00e4iv\u00e4m\u00e4\u00e4r\u00e4st\u00e4.<\/p>\n<h3>Rahti\u00a0&#038;\u00a0Toimitus<\/h3>\n<p>Tarjous sis\u00e4lt\u00e4\u00e4 arvion toimitusajasta, ja se vahvistetaan tilausvahvistuksessa. Varastossamme on mittava m\u00e4\u00e4r\u00e4 toimitusvalmiita tuotteita ja tavaran noudot tapahtuvat p\u00e4ivitt\u00e4in, joten voimme yleens\u00e4 l\u00e4hett\u00e4\u00e4 tilatut tuotteet v\u00e4litt\u00f6m\u00e4sti. Sopimuspohjaisia kuljetusliikkeit\u00e4mme Pohjoismaihin ovat PostenNord, DHL ja TNT. Pakkaamme vaihdelaatikot lavalle (yleens\u00e4 80&#215;60)\u00a0 lavakauluksin. Fahtikulu lis\u00e4t\u00e4\u00e4n aina tuotteen hintaan, mik\u00e4 n\u00e4kyy sek\u00e4 tarjouksessa, tilausvahvistuksessa ett\u00e4 laskussa.<br \/>\nMik\u00e4li rikkoutunut vaihto-osa on tulossa takaisin ( katso informaatio alempana), sis\u00e4ltyy tarjoukseemme kaksi rahtikulua.<\/p>\n<h3>Maksu<\/h3>\n<p><strong>Lasku\u00a0maksuajalla\u00a0(ainoastaan\u00a0yritysasiakkaat)<br \/>\n<\/strong>Luottokelpoiset\u00a0yritykset\u00a0voivat\u00a0saada\u00a0laskun\u00a0maksuajalla.\u00a0Luoton\u00a0antamisesta\u00a0p\u00e4\u00e4tt\u00e4\u00e4\u00a0asiakaspalvelu ja\/ tai CFO ja\/ tai\u00a0tuotep\u00e4\u00e4llikk\u00f6.\u00a0Tilaus\u00a0pannaan\u00a0toimitusjonoon, ja\u00a0laskun\u00a0l\u00e4het\u00e4mme\u00a0aikaisintaan\u00a0toimitusp\u00e4iv\u00e4n\u00e4.<\/p>\n<p><strong>Ennakkomaksu\u00a0(yksityishenkil\u00f6t\/\u00a0yritykset)<br \/>\n<\/strong>Ennakkomaksu\u00a0suoritetaan\u00a0Hellsten Gears\u00a0AB:n\u00a0pankkitilille.\u00a0Kun\u00a0olemme\u00a0saaneet\u00a0maksukuitin\u00a0ja\u00a0maksu\u00a0on\u00a0tullut\u00a0tilille,\u00a0panemme\u00a0tilauksen\u00a0toimitusjonoon.<\/p>\n<p>Ep\u00e4tavallisten,\u00a0tilattujen\u00a0vaihdelaatikkojen\u00a0hankinta\/\u00a0kunnostus\u00a0alkaa\u00a0vasta\u00a0kun\u00a0maksu\u00a0niist\u00e4\u00a0on\u00a0tilill\u00e4mme.<\/p>\n<h3>Peruuttamisoikeus<\/h3>\n<p>Peruuttamisoikeus koskee kuluttaja-asiakkaiden puhelimitse, postitse tai tietoverkon v\u00e4lityksell\u00e4 tehtyj\u00e4 sopimuksia. Kuluttajalla on oikeus peruuttaa t\u00e4llainen sopimus 14 p\u00e4iv\u00e4n kuluessa sopimuksen tekemisest\u00e4 syyt\u00e4 ilmoittamatta. 14 p\u00e4iv\u00e4n peruuttamisaika lasketaan tilatun tavaran tai viimeisen tavaraer\u00e4n vastaanottamisesta. Kuluttajan peruuttamisoikeutta voidaan rajoittaa esimerkiksi silloin, jos tuotetta ei ole mahdollista myyd\u00e4 edelleen ilman merkitt\u00e4v\u00e4\u00e4 tappiota. T\u00e4st\u00e4 on kuitenkin aina ilmoitettava kuluttajalle. Ota yhteytt\u00e4 asiakaspalveluun (sales@hellstengears.com).<\/p>\n<h3>Informaatio\u00a0rungon\u00a0palautuksesta<\/h3>\n<p>Korvaus\/vaihto\u00a0systeemimme\u00a0on\u00a0ett\u00e4\u00a0viallinen\u00a0runko\u00a0t\u00e4ytyy\u00a0palauttaa\u00a0meille\u00a0koskemattomana\u00a0kun\u00a0uusi\u00a0vaihdelaatikko\u00a0on\u00a0asennettu. Jos\u00a0viallista\u00a0runkoa\u00a0ei\u00a0palauteta\u00a0meille\u00a0laskutamme\u00a0runkopantin. Jos\u00a0viallinen\u00a0palautetaan, mutta\u00a0siin\u00e4\u00a0on\u00a0ulkoisia\u00a0vahinkoja,\u00a0tulemme\u00a0laskuttamaan\u00a0osan\u00a0runkopantista\u00a0joka\u00a0vastaa\u00a0vahingon\u00a0m\u00e4\u00e4r\u00e4\u00e4.<br \/>\n<a href=\"http:\/\/www.hellstenvaxellador.se\/fi-FI\/asiakaspalvelu\/varaa-palautusrahti-32658870\">http:\/\/www.hellstenvaxellador.se\/fi-FI\/asiakaspalvelu\/varaa-palautusrahti-32658870<br \/>\n<\/a><\/p>\n<h3>Vikailmoitus<\/h3>\n<p>Ongelman\u00a0sattuessa\u00a0virheest\u00e4\u00a0on\u00a0ilmoitettava\u00a0verkkosivustomme\u00a0kautta.\u00a0T\u00e4m\u00e4\u00a0on\u00a0pakollinen\u00a0vaihe.<br \/>\nMik\u00e4li\u00a0asia\u00a0vaatii\u00a0yhteydenottoa\u00a0teihin,\u00a0olemme\u00a0yhteydess\u00e4\u00a0pikimmiten\u00a0vikailmoituksesi\u00a0saatuamme.<br \/>\n<a href=\"http:\/\/www.hellstenvaxellador.se\/fi-FI\/asiakaspalvelu\/virheraportti-44665610\">http:\/\/www.hellstenvaxellador.se\/fi-FI\/asiakaspalvelu\/virheraportti-44665610<\/a><\/p>\n<h3>Privacy policy<\/h3>\n<p><strong>GDPR<br \/>\n<\/strong>Euroopan unionin yleinen henkil\u00f6tietoja koskeva tietosuojaasetus tuli voimaan toukokuussa 2016. Kaksi vuotta kest\u00e4nyt siirtym\u00e4aika umpeutui 25.5.2018, ja sen j\u00e4lkeen sit\u00e4 ryhdyttiin soveltamaan t\u00e4ysim\u00e4\u00e4r\u00e4isesti. Kaikissa henkil\u00f6tietoja k\u00e4sitteleviss\u00e4 organisaatioissa asioiden pit\u00e4\u00e4 olla asetuksen edellytt\u00e4m\u00e4ss\u00e4 kunnossa. Asetuksesta k\u00e4ytet\u00e4\u00e4n yleisesti lyhennett\u00e4 GDPR (EU 2016\/679).<\/p>\n<p><strong>Henkil\u00f6tietojen\u00a0k\u00e4sittelyn\u00a0laillinen\u00a0perusta<br \/>\n<\/strong>Hellsten Gears AB ja sen tyt\u00e4ryhti\u00f6t k\u00e4sittelev\u00e4t tietoja, joita tarvitaan sopimusten mukaisten velvoitteidemme t\u00e4ytt\u00e4miseen. Yritys vastaa henkil\u00f6tietojesi k\u00e4sittelyst\u00e4. Henkil\u00f6tietoja ovat kaikki ne tiedot, joiden perusteella henkil\u00f6 voidaan tunnistaa joko suoraan tai ep\u00e4suorasti.<\/p>\n<p>Henkil\u00f6tietojen k\u00e4sittelyn on tapahduttava suojatusti niin, ett\u00e4 tiedot eiv\u00e4t joudu v\u00e4\u00e4riin k\u00e4siin tai ettei niit\u00e4 vahingossa poisteta tai muokata. Tietojen on oltava poistettavissa, kun niit\u00e4 ei en\u00e4\u00e4 tarvita.\u00a0Henkil\u00f6tietojen\u00a0k\u00e4sittelyll\u00e4\u00a0on\u00a0oltava\u00a0aina\u00a0tarkoitus\u00a0ja\u00a0oikeusperusta\u00a0riippumatta\u00a0siit\u00e4,\u00a0miten\u00a0ja\u00a0miss\u00e4\u00a0tietoja\u00a0k\u00e4sitell\u00e4\u00e4n.\u00a0Oikeusperusta\u00a0voi\u00a0olla\u00a0esimerkiksi\u00a0suostumus,\u00a0sopimus\u00a0tai\u00a0oikeudellinen\u00a0velvoite.\u00a0Tietoja\u00a0ei\u00a0saa\u00a0ker\u00e4t\u00e4\u00a0tai\u00a0k\u00e4sitell\u00e4\u00a0enemm\u00e4n\u00a0kuin\u00a0on\u00a0tarpeen\u00a0tietojenk\u00e4sittelyn\u00a0tarkoituksen\u00a0saavuttamiseksi.\u00a0Tietoja\u00a0ei\u00a0saa\u00a0my\u00f6sk\u00e4\u00e4n\u00a0s\u00e4ilytt\u00e4\u00e4\u00a0pidemp\u00e4\u00e4n\u00a0kuin\u00a0on\u00a0tarpeen.<\/p>\n<p><strong>Henkil\u00f6tietojen\u00a0k\u00e4ytt\u00f6tarkoitukset<br \/>\n<\/strong>Voidakseen myyd\u00e4 ja hallinnoida tuotteita ja palveluja sopimusten mukaisesti. Voidakseen\u00a0pit\u00e4\u00e4\u00a0yhteytt\u00e4\u00a0kanssasi\u00a0ja\u00a0pit\u00e4\u00e4\u00a0yll\u00e4\u00a0asiakassuhdetta\u00a0ennen\u00a0sopimuksen\u00a0tai\u00a0yhteisty\u00f6suhteen\u00a0solmimista, sen\u00a0aikana\u00a0ja sen\u00a0j\u00e4lkeen<\/p>\n<p><strong>Markkinointitarkoituksiin<br \/>\n<\/strong>Oikeutetun\u00a0edun\u00a0mukaisesti\u00a0s\u00e4ilyt\u00e4mme\u00a0yhteystietoja\u00a0p\u00e4\u00e4ttyneen\u00a0sopimuksen\u00a0j\u00e4lkeen\u00a0tavoitteena\u00a0solmia\u00a0uusia\u00a0yhteisty\u00f6sopimuksia.\u00a0S\u00e4ilyt\u00e4mme\u00a0sellaisten\u00a0mahdollisten\u00a0asiakkaiden\u00a0yhteystietoja,\u00a0jotka\u00a0ovat\u00a0osoittaneet\u00a0kiinnostuksensa\u00a0ja\u00a0jotka\u00a0ovat\u00a0my\u00f6s\u00a0meid\u00e4n\u00a0kannaltamme\u00a0kiinnostavia.\u00a0Yhteystietoja\u00a0karsitaan\u00a0vuosittain\u00a0ja\u00a0vain\u00a0olennaiset\u00a0s\u00e4\u00e4stet\u00e4\u00e4n.\u00a0Sopimuksen\u00a0p\u00e4\u00e4tytty\u00e4\u00a0s\u00e4ilyt\u00e4mme\u00a0tarvittavia\u00a0tietoja\u00a0lainmukaisten\u00a0velvoitteiden, kuten\u00a0kirjanpitolain\u00a0ja\u00a0vanhentumisaikojen\u00a0mukaisesti.<\/p>\n<p><strong>Kenell\u00e4\u00a0on\u00a0p\u00e4\u00e4sy\u00a0henkil\u00f6tietoihisi?<br \/>\n<\/strong>Henkil\u00f6tietojasi voivat k\u00e4sitell\u00e4 henkil\u00f6tietojen k\u00e4sittelij\u00e4mme, jotka suorittavat teht\u00e4vi\u00e4 Hellsten Gears AB yhti\u00f6ille. N\u00e4m\u00e4 henkil\u00f6tietojen k\u00e4sittelij\u00e4t saavat k\u00e4sitell\u00e4 tietoja vain niiss\u00e4 tarkoituksissa, joita varten henkil\u00f6tietosi on ker\u00e4tty, ja Hellsten Gears AB:n ohjeiden mukaisesti. Tietoja\u00a0luovutetaan\u00a0vain,\u00a0kun\u00a0laki\u00a0tai\u00a0k\u00e4yt\u00e4nt\u00f6\u00a0niin\u00a0velvoittaa,\u00a0esim.\u00a0viranomaisille,\u00a0tilintarkastajille\u00a0ja\u00a0asianajajille. Emme\u00a0myy, jaa tai\u00a0muulla\u00a0tavoin\u00a0levit\u00e4\u00a0henkil\u00f6tietojasi\u00a0ulkopuolisille,\u00a0paitsi\u00a0silt\u00e4\u00a0osin,\u00a0kun\u00a0se on\u00a0t\u00e4m\u00e4n\u00a0k\u00e4yt\u00e4nn\u00f6n\u00a0mukaista.<br \/>\nSinulla\u00a0on\u00a0sovellettavan\u00a0henkil\u00f6tietolains\u00e4\u00e4d\u00e4nn\u00f6n\u00a0mukaan\u00a0oikeus\u00a0saada\u00a0kerran\u00a0kalenterivuodessa\u00a0tieto\u00a0siit\u00e4,\u00a0mit\u00e4\u00a0henkil\u00f6tietoja\u00a0k\u00e4sitell\u00e4\u00e4n\u00a0sinusta\u00a0riippumatta\u00a0siit\u00e4,\u00a0miten\u00a0ne\u00a0on\u00a0ker\u00e4tty. Jos\u00a0haluat\u00a0saada\u00a0t\u00e4llaisia\u00a0tietoja,\u00a0niiden\u00a0on\u00a0esitett\u00e4v\u00e4\u00a0kirjallinen\u00a0pyynt\u00f6\u00a0Yhti\u00f6lle.\u00a0Sinun\u00a0on\u00a0l\u00e4hetett\u00e4v\u00e4\u00a0pyynt\u00f6\u00a0s\u00e4hk\u00f6postitse\u00a0sovellettavan\u00a0henkil\u00f6tietolains\u00e4\u00e4d\u00e4nn\u00f6n\u00a0mukaisesti\u00a0verkkosivustolla\u00a0ilmoitettuun\u00a0osoitteeseen\u00a0(<a href=\"mailto:sales@hellstengears.com\">sales@hellstengears.com<\/a>).<\/p>\n<p><strong>Sinun\u00a0oikeutesi\u00a0ja\u00a0yhteystiedot<br \/>\n<\/strong>Voit\u00a0ottaa\u00a0meihin\u00a0yhteytt\u00e4\u00a0milloin\u00a0vain, jos\u00a0haluat\u00a0tiet\u00e4\u00e4\u00a0lis\u00e4\u00e4\u00a0siit\u00e4,\u00a0miten\u00a0huolehdimme\u00a0yksityisyydensuojastasi, tai jos\u00a0haluat\u00a0muuttaa\u00a0tai\u00a0poistaa\u00a0tietojasi\u00a0tai\u00a0saada\u00a0tiet\u00e4\u00e4,\u00a0mit\u00e4\u00a0tietoja\u00a0meill\u00e4\u00a0sinusta\u00a0on.\u00a0Joissakin\u00a0tapauksissa\u00a0meid\u00e4n\u00a0on\u00a0kuitenkin\u00a0oikeudellisista\u00a0syist\u00e4\u00a0pakko\u00a0s\u00e4ilytt\u00e4\u00e4\u00a0tietosi.\u00a0Sinulla\u00a0on\u00a0my\u00f6s\u00a0oikeus\u00a0tehd\u00e4\u00a0kantelu\u00a0asianomaiselle\u00a0valvontaviranomaiselle, jos\u00a0tietojasi\u00a0mielest\u00e4si\u00a0k\u00e4sitell\u00e4\u00e4n\u00a0sovellettavan\u00a0henkil\u00f6tietolain\u00a0vastaisesti.<\/p>\n<p><strong>Voit\u00a0my\u00f6s\u00a0lukea<\/strong><br \/>\n<a href=\"https:\/\/eur-lex.europa.eu\/legal-content\/FI\/TXT\/?uri=CELEX:32016R0679\">https:\/\/eur-lex.europa.eu\/legal-content\/FI\/TXT\/?uri=CELEX:32016R0679<\/a><\/p>\n<p>&nbsp;<\/p>\n","protected":false},"excerpt":{"rendered":"<p>Takuuehdot 2\u202fvuoden\u00a0takuu\u00a0sek\u00e4\u00a0t\u00e4yskorjatusta\u00a0ett\u00e4\u00a0k\u00e4ytetyst\u00e4\u00a0* Takuu\u00a0kattaa\u00a0ty\u00f6kustannukset Takuu\u00a0kattaa\u00a0kuljetusvahingot\u00a0ja\u00a0kadonnet\u00a0l\u00e4hetykset Takuu\u00a0suojaa\u00a0ohjelmointiongelmilta Takuu\u00a0on\u00a0voimassa\u00a02\u00a0vuotta\u00a0laskun\u00a0p\u00e4iv\u00e4m\u00e4\u00e4r\u00e4st\u00e4\u00a0ja\u00a0kun\u00a0ajoneuvoa\u00a0on\u00a0ajettu\u00a0enint\u00e4\u00e4n\u00a040 000 km\u00a0takuuaikana. http:\/\/www.hellstenvaxellador.se\/fi-FI\/asiakaspalvelu\/takuu-ja-turvallisuus-32658628 *\u00a0Erityiset\u00a0takuuehdot Joihinkin\u00a0tuotteisiin\u00a0sovelletaan\u00a0erityisvaatimuksia,\u00a0jotta\u00a0takuu\u00a0olisi\u00a0voimassa.\u00a0Lis\u00e4ehdot\u00a0ilmoitetaan\u00a0kirjallisessa\u00a0tilausvahvistuksessa\u00a0ja\u00a0laskussa. Hintatiedot Pyrimme antamaan mahdollisimman t\u00e4ydelliset tiedot kaikista tuotteistamme. Varaamme oikeuden hinnan, saatavuuden ja teknisten tietojen muuttumiseen. Hinnat p\u00e4ivitet\u00e4\u00e4n p\u00e4ivitt\u00e4in. Hellsten Gears AB ei ole vastuussa hintamuutoksista, kirjoitusvirheist\u00e4, ohjeiden puutteellisuuksista eik\u00e4 niiden v\u00e4\u00e4r\u00e4st\u00e4 tulkitsemisesta, sek\u00e4 varaa oikeuden niiden muuttamiseen. Emme sitoudu myym\u00e4\u00e4n tuotetta v\u00e4\u00e4rin ilmoitettuun [&hellip;]<\/p>\n","protected":false},"author":1,"featured_media":0,"parent":0,"menu_order":0,"comment_status":"closed","ping_status":"closed","template":"","meta":{"footnotes":""},"class_list":["post-68","page","type-page","status-publish","hentry"],"yoast_head":"<!-- This site is optimized with the Yoast SEO plugin v27.4 - https:\/\/yoast.com\/product\/yoast-seo-wordpress\/ -->\n<title>Ostotiedot<\/title>\n<meta name=\"description\" content=\"Hellsten Gears tarjoaa 2 vuoden takuu sek\u00e4 t\u00e4yskorjatusta ett\u00e4 k\u00e4ytetyst\u00e4. Takuu kattaa ty\u00f6kustannukset jne.\" \/>\n<meta name=\"robots\" content=\"index, follow, max-snippet:-1, max-image-preview:large, max-video-preview:-1\" \/>\n<link rel=\"canonical\" href=\"https:\/\/products.hellstengears.com\/fi\/warranty\/\" \/>\n<meta property=\"og:locale\" content=\"fi_FI\" \/>\n<meta property=\"og:locale:alternate\" content=\"fr_FR\" \/>\n<meta property=\"og:locale:alternate\" content=\"en_GB\" \/>\n<meta property=\"og:locale:alternate\" content=\"sv_SE\" \/>\n<meta property=\"og:locale:alternate\" content=\"da_DK\" \/>\n<meta property=\"og:locale:alternate\" content=\"nn_NO\" \/>\n<meta property=\"og:type\" content=\"article\" \/>\n<meta property=\"og:title\" content=\"Ostotiedot\" \/>\n<meta property=\"og:description\" content=\"Hellsten Gears Offers 2 years\u00a0warranty on both refurbished and used\u00a0units. Warranty covers\u00a0labor\u00a0costs, shipping damage and lost goods etc.\" \/>\n<meta property=\"og:url\" content=\"https:\/\/products.hellstengears.com\/fi\/warranty\/\" \/>\n<meta property=\"og:site_name\" content=\"Hellsten Gears | Etsi uudelleenkunnostettuja ja k\u00e4ytettyj\u00e4 vaihteistoja, siirtoyksik\u00f6it\u00e4, etu-\/takatasauspy\u00f6ri\u00e4 ja turboja!\" \/>\n<meta property=\"article:publisher\" content=\"https:\/\/www.facebook.com\/hellstengearsab\" \/>\n<meta property=\"article:modified_time\" content=\"2022-03-03T14:57:55+00:00\" \/>\n<meta name=\"twitter:card\" content=\"summary_large_image\" \/>\n<meta name=\"twitter:label1\" content=\"Arvioitu lukuaika\" \/>\n\t<meta name=\"twitter:data1\" content=\"7 minuuttia\" \/>\n<script type=\"application\/ld+json\" class=\"yoast-schema-graph\">{\"@context\":\"https:\\\/\\\/schema.org\",\"@graph\":[{\"@type\":\"WebPage\",\"@id\":\"https:\\\/\\\/products.hellstengears.com\\\/en\\\/warranty\\\/\",\"url\":\"https:\\\/\\\/products.hellstengears.com\\\/en\\\/warranty\\\/\",\"name\":\"Ostotiedot\",\"isPartOf\":{\"@id\":\"https:\\\/\\\/products.hellstengears.com\\\/#website\"},\"datePublished\":\"2021-05-12T12:02:00+00:00\",\"dateModified\":\"2022-03-03T14:57:55+00:00\",\"description\":\"Hellsten Gears Offers 2 years\u00a0warranty on both refurbished and used\u00a0units. Warranty covers\u00a0labor\u00a0costs, shipping damage and lost goods etc.\",\"breadcrumb\":{\"@id\":\"https:\\\/\\\/products.hellstengears.com\\\/en\\\/warranty\\\/#breadcrumb\"},\"inLanguage\":\"fi\",\"potentialAction\":[{\"@type\":\"ReadAction\",\"target\":[\"https:\\\/\\\/products.hellstengears.com\\\/en\\\/warranty\\\/\"]}]},{\"@type\":\"BreadcrumbList\",\"@id\":\"https:\\\/\\\/products.hellstengears.com\\\/en\\\/warranty\\\/#breadcrumb\",\"itemListElement\":[{\"@type\":\"ListItem\",\"position\":1,\"name\":\"Home\",\"item\":\"https:\\\/\\\/products.hellstengears.com\\\/\"},{\"@type\":\"ListItem\",\"position\":2,\"name\":\"Purchase info\"}]},{\"@type\":\"WebSite\",\"@id\":\"https:\\\/\\\/products.hellstengears.com\\\/#website\",\"url\":\"https:\\\/\\\/products.hellstengears.com\\\/\",\"name\":\"Hellsten Gears Search Refurbished and Used Products\",\"description\":\"Asiantuntijoita vuodesta 1983\",\"publisher\":{\"@id\":\"https:\\\/\\\/products.hellstengears.com\\\/#organization\"},\"potentialAction\":[{\"@type\":\"SearchAction\",\"target\":{\"@type\":\"EntryPoint\",\"urlTemplate\":\"https:\\\/\\\/products.hellstengears.com\\\/?s={search_term_string}\"},\"query-input\":{\"@type\":\"PropertyValueSpecification\",\"valueRequired\":true,\"valueName\":\"search_term_string\"}}],\"inLanguage\":\"fi\"},{\"@type\":\"Organization\",\"@id\":\"https:\\\/\\\/products.hellstengears.com\\\/#organization\",\"name\":\"Hellsten Gears AB\",\"url\":\"https:\\\/\\\/products.hellstengears.com\\\/\",\"logo\":{\"@type\":\"ImageObject\",\"inLanguage\":\"fi\",\"@id\":\"https:\\\/\\\/products.hellstengears.com\\\/#\\\/schema\\\/logo\\\/image\\\/\",\"url\":\"https:\\\/\\\/products.hellstengears.com\\\/wp-content\\\/uploads\\\/2021\\\/11\\\/01-HellstenGears-logo-main_400-bred.png\",\"contentUrl\":\"https:\\\/\\\/products.hellstengears.com\\\/wp-content\\\/uploads\\\/2021\\\/11\\\/01-HellstenGears-logo-main_400-bred.png\",\"width\":373,\"height\":92,\"caption\":\"Hellsten Gears AB\"},\"image\":{\"@id\":\"https:\\\/\\\/products.hellstengears.com\\\/#\\\/schema\\\/logo\\\/image\\\/\"},\"sameAs\":[\"https:\\\/\\\/www.facebook.com\\\/hellstengearsab\",\"https:\\\/\\\/www.instagram.com\\\/hellstengears\\\/\",\"http:\\\/\\\/linkedin.com\\\/company\\\/hellstengears\",\"https:\\\/\\\/www.youtube.com\\\/channel\\\/UCrkdxgxiDQ31TLRnlNN9kyA\"]}]}<\/script>\n<!-- \/ Yoast SEO plugin. -->","yoast_head_json":{"title":"Ostotiedot","description":"Hellsten Gears tarjoaa 2 vuoden takuu sek\u00e4 t\u00e4yskorjatusta ett\u00e4 k\u00e4ytetyst\u00e4. Takuu kattaa ty\u00f6kustannukset jne.","robots":{"index":"index","follow":"follow","max-snippet":"max-snippet:-1","max-image-preview":"max-image-preview:large","max-video-preview":"max-video-preview:-1"},"canonical":"https:\/\/products.hellstengears.com\/fi\/warranty\/","og_locale":"fi_FI","og_type":"article","og_title":"Ostotiedot","og_description":"Hellsten Gears Offers 2 years\u00a0warranty on both refurbished and used\u00a0units. Warranty covers\u00a0labor\u00a0costs, shipping damage and lost goods etc.","og_url":"https:\/\/products.hellstengears.com\/fi\/warranty\/","og_site_name":"Hellsten Gears | Etsi uudelleenkunnostettuja ja k\u00e4ytettyj\u00e4 vaihteistoja, siirtoyksik\u00f6it\u00e4, etu-\/takatasauspy\u00f6ri\u00e4 ja turboja!","article_publisher":"https:\/\/www.facebook.com\/hellstengearsab","article_modified_time":"2022-03-03T14:57:55+00:00","twitter_card":"summary_large_image","twitter_misc":{"Arvioitu lukuaika":"7 minuuttia"},"schema":{"@context":"https:\/\/schema.org","@graph":[{"@type":"WebPage","@id":"https:\/\/products.hellstengears.com\/en\/warranty\/","url":"https:\/\/products.hellstengears.com\/en\/warranty\/","name":"Ostotiedot","isPartOf":{"@id":"https:\/\/products.hellstengears.com\/#website"},"datePublished":"2021-05-12T12:02:00+00:00","dateModified":"2022-03-03T14:57:55+00:00","description":"Hellsten Gears Offers 2 years\u00a0warranty on both refurbished and used\u00a0units. Warranty covers\u00a0labor\u00a0costs, shipping damage and lost goods etc.","breadcrumb":{"@id":"https:\/\/products.hellstengears.com\/en\/warranty\/#breadcrumb"},"inLanguage":"fi","potentialAction":[{"@type":"ReadAction","target":["https:\/\/products.hellstengears.com\/en\/warranty\/"]}]},{"@type":"BreadcrumbList","@id":"https:\/\/products.hellstengears.com\/en\/warranty\/#breadcrumb","itemListElement":[{"@type":"ListItem","position":1,"name":"Home","item":"https:\/\/products.hellstengears.com\/"},{"@type":"ListItem","position":2,"name":"Purchase info"}]},{"@type":"WebSite","@id":"https:\/\/products.hellstengears.com\/#website","url":"https:\/\/products.hellstengears.com\/","name":"Hellsten Gears Search Refurbished and Used Products","description":"Asiantuntijoita vuodesta 1983","publisher":{"@id":"https:\/\/products.hellstengears.com\/#organization"},"potentialAction":[{"@type":"SearchAction","target":{"@type":"EntryPoint","urlTemplate":"https:\/\/products.hellstengears.com\/?s={search_term_string}"},"query-input":{"@type":"PropertyValueSpecification","valueRequired":true,"valueName":"search_term_string"}}],"inLanguage":"fi"},{"@type":"Organization","@id":"https:\/\/products.hellstengears.com\/#organization","name":"Hellsten Gears AB","url":"https:\/\/products.hellstengears.com\/","logo":{"@type":"ImageObject","inLanguage":"fi","@id":"https:\/\/products.hellstengears.com\/#\/schema\/logo\/image\/","url":"https:\/\/products.hellstengears.com\/wp-content\/uploads\/2021\/11\/01-HellstenGears-logo-main_400-bred.png","contentUrl":"https:\/\/products.hellstengears.com\/wp-content\/uploads\/2021\/11\/01-HellstenGears-logo-main_400-bred.png","width":373,"height":92,"caption":"Hellsten Gears AB"},"image":{"@id":"https:\/\/products.hellstengears.com\/#\/schema\/logo\/image\/"},"sameAs":["https:\/\/www.facebook.com\/hellstengearsab","https:\/\/www.instagram.com\/hellstengears\/","http:\/\/linkedin.com\/company\/hellstengears","https:\/\/www.youtube.com\/channel\/UCrkdxgxiDQ31TLRnlNN9kyA"]}]}},"_links":{"self":[{"href":"https:\/\/products.hellstengears.com\/fi\/wp-json\/wp\/v2\/pages\/68","targetHints":{"allow":["GET"]}}],"collection":[{"href":"https:\/\/products.hellstengears.com\/fi\/wp-json\/wp\/v2\/pages"}],"about":[{"href":"https:\/\/products.hellstengears.com\/fi\/wp-json\/wp\/v2\/types\/page"}],"author":[{"embeddable":true,"href":"https:\/\/products.hellstengears.com\/fi\/wp-json\/wp\/v2\/users\/1"}],"replies":[{"embeddable":true,"href":"https:\/\/products.hellstengears.com\/fi\/wp-json\/wp\/v2\/comments?post=68"}],"version-history":[{"count":40,"href":"https:\/\/products.hellstengears.com\/fi\/wp-json\/wp\/v2\/pages\/68\/revisions"}],"predecessor-version":[{"id":32895,"href":"https:\/\/products.hellstengears.com\/fi\/wp-json\/wp\/v2\/pages\/68\/revisions\/32895"}],"wp:attachment":[{"href":"https:\/\/products.hellstengears.com\/fi\/wp-json\/wp\/v2\/media?parent=68"}],"curies":[{"name":"wp","href":"https:\/\/api.w.org\/{rel}","templated":true}]}}