
{"id":41,"date":"2021-05-12T09:35:53","date_gmt":"2021-05-12T09:35:53","guid":{"rendered":"https:\/\/products.hellstengears.com\/?page_id=41"},"modified":"2023-01-23T15:20:11","modified_gmt":"2023-01-23T15:20:11","slug":"request-price-quote","status":"publish","type":"page","link":"https:\/\/products.hellstengears.com\/da\/request-price-quote\/","title":{"rendered":"Lav en prisanmodning"},"content":{"rendered":"<p>Hellsten Gears er gearkassespecialister siden 1983 og Nordens st\u00f8rste leverand\u00f8r af fabriksrenoverede og brugte gearkasser (automatiske gearkasser, manuelle gearkasser, DSG-gearkasser, CVT-gearkasser), fordelerkasser, differentialer og turboer til stort set alle bilm\u00e6rker. Gearkasser har v\u00e6ret vores specialistomr\u00e5de siden 1983. Vi kombinerer meget god kvalitet med konkurrencedygtige priser, teknisk support og de bedste garantibetingelser. N\u00e5r du handler hos os, f\u00e5r du en tryg og effektiv hverdag.<\/p>\n","protected":false},"excerpt":{"rendered":"<p>Hellsten Gears er gearkassespecialister siden 1983 og Nordens st\u00f8rste leverand\u00f8r af fabriksrenoverede og brugte gearkasser (automatiske gearkasser, manuelle gearkasser, DSG-gearkasser, CVT-gearkasser), fordelerkasser, differentialer og turboer til stort set alle bilm\u00e6rker. Gearkasser har v\u00e6ret vores specialistomr\u00e5de siden 1983. Vi kombinerer meget god kvalitet med konkurrencedygtige priser, teknisk support og de bedste garantibetingelser. N\u00e5r du handler hos [&hellip;]<\/p>\n","protected":false},"author":1,"featured_media":0,"parent":0,"menu_order":0,"comment_status":"closed","ping_status":"closed","template":"","meta":{"footnotes":""},"class_list":["post-41","page","type-page","status-publish","hentry"],"yoast_head":"<!-- This site is optimized with the Yoast SEO plugin v27.4 - https:\/\/yoast.com\/product\/yoast-seo-wordpress\/ -->\n<title>Hellsten Gears | S\u00f8g efter renoverede og brugte gearkasser, fordelerkasser, differentialer og turboer!<\/title>\n<meta name=\"description\" content=\"Leder du efter fabriksrenoverede eller brugte gearkasser (automatiske gearkasser, DSG gearkasser, manuelle gearkasser, CVT gearkasser), fordelerkasser, differentialer eller turboer? Lav en prisanmodning med k\u00f8ret\u00f8jets registreringsnummer eller stelnummer. Vi leverer til hele Europa!\" \/>\n<meta name=\"robots\" content=\"index, follow, max-snippet:-1, max-image-preview:large, max-video-preview:-1\" \/>\n<link rel=\"canonical\" href=\"https:\/\/products.hellstengears.com\/da\/request-price-quote\/\" \/>\n<meta property=\"og:locale\" content=\"da_DK\" \/>\n<meta property=\"og:locale:alternate\" content=\"fr_FR\" \/>\n<meta property=\"og:locale:alternate\" content=\"en_GB\" \/>\n<meta property=\"og:locale:alternate\" content=\"sv_SE\" \/>\n<meta property=\"og:locale:alternate\" content=\"fi\" \/>\n<meta property=\"og:locale:alternate\" content=\"nn_NO\" \/>\n<meta property=\"og:type\" content=\"article\" \/>\n<meta property=\"og:title\" content=\"Lav en prisanmodning\" \/>\n<meta property=\"og:description\" content=\"Looking for factory refurbished or used gearboxes (automatic, DSG, manual, CVT), transfer units, front and rear differentials or turbos? Request price quote by sending your vehicle registration number or VIN no. We deliver to all of Europe!\" \/>\n<meta property=\"og:url\" content=\"https:\/\/products.hellstengears.com\/da\/request-price-quote\/\" \/>\n<meta property=\"og:site_name\" content=\"Hellsten Gears | S\u00f8g efter renoverede og brugte gearkasser, fordelerkasser, differentialer og turboer!\" \/>\n<meta property=\"article:publisher\" content=\"https:\/\/www.facebook.com\/hellstengearsab\" \/>\n<meta property=\"article:modified_time\" content=\"2023-01-23T15:20:11+00:00\" \/>\n<meta name=\"twitter:card\" content=\"summary_large_image\" \/>\n<meta name=\"twitter:label1\" content=\"Estimeret l\u00e6setid\" \/>\n\t<meta name=\"twitter:data1\" content=\"1 minut\" \/>\n<script type=\"application\/ld+json\" class=\"yoast-schema-graph\">{\"@context\":\"https:\\\/\\\/schema.org\",\"@graph\":[{\"@type\":\"WebPage\",\"@id\":\"https:\\\/\\\/products.hellstengears.com\\\/en\\\/request-price-quote\\\/\",\"url\":\"https:\\\/\\\/products.hellstengears.com\\\/en\\\/request-price-quote\\\/\",\"name\":\"Lav en prisanmodning\",\"isPartOf\":{\"@id\":\"https:\\\/\\\/products.hellstengears.com\\\/#website\"},\"datePublished\":\"2021-05-12T09:35:53+00:00\",\"dateModified\":\"2023-01-23T15:20:11+00:00\",\"description\":\"Looking for factory refurbished or used gearboxes (automatic, DSG, manual, CVT), transfer units, front and rear differentials or turbos? Request price quote by sending your vehicle registration number or VIN no. We deliver to all of Europe!\",\"breadcrumb\":{\"@id\":\"https:\\\/\\\/products.hellstengears.com\\\/en\\\/request-price-quote\\\/#breadcrumb\"},\"inLanguage\":\"da-DK\",\"potentialAction\":[{\"@type\":\"ReadAction\",\"target\":[\"https:\\\/\\\/products.hellstengears.com\\\/en\\\/request-price-quote\\\/\"]}]},{\"@type\":\"BreadcrumbList\",\"@id\":\"https:\\\/\\\/products.hellstengears.com\\\/en\\\/request-price-quote\\\/#breadcrumb\",\"itemListElement\":[{\"@type\":\"ListItem\",\"position\":1,\"name\":\"Home\",\"item\":\"https:\\\/\\\/products.hellstengears.com\\\/\"},{\"@type\":\"ListItem\",\"position\":2,\"name\":\"Request Price Quote\"}]},{\"@type\":\"WebSite\",\"@id\":\"https:\\\/\\\/products.hellstengears.com\\\/#website\",\"url\":\"https:\\\/\\\/products.hellstengears.com\\\/\",\"name\":\"Hellsten Gears Search Refurbished and Used Products\",\"description\":\"Specialister siden 1983\",\"publisher\":{\"@id\":\"https:\\\/\\\/products.hellstengears.com\\\/#organization\"},\"potentialAction\":[{\"@type\":\"SearchAction\",\"target\":{\"@type\":\"EntryPoint\",\"urlTemplate\":\"https:\\\/\\\/products.hellstengears.com\\\/?s={search_term_string}\"},\"query-input\":{\"@type\":\"PropertyValueSpecification\",\"valueRequired\":true,\"valueName\":\"search_term_string\"}}],\"inLanguage\":\"da-DK\"},{\"@type\":\"Organization\",\"@id\":\"https:\\\/\\\/products.hellstengears.com\\\/#organization\",\"name\":\"Hellsten Gears AB\",\"url\":\"https:\\\/\\\/products.hellstengears.com\\\/\",\"logo\":{\"@type\":\"ImageObject\",\"inLanguage\":\"da-DK\",\"@id\":\"https:\\\/\\\/products.hellstengears.com\\\/#\\\/schema\\\/logo\\\/image\\\/\",\"url\":\"https:\\\/\\\/products.hellstengears.com\\\/wp-content\\\/uploads\\\/2021\\\/11\\\/01-HellstenGears-logo-main_400-bred.png\",\"contentUrl\":\"https:\\\/\\\/products.hellstengears.com\\\/wp-content\\\/uploads\\\/2021\\\/11\\\/01-HellstenGears-logo-main_400-bred.png\",\"width\":373,\"height\":92,\"caption\":\"Hellsten Gears AB\"},\"image\":{\"@id\":\"https:\\\/\\\/products.hellstengears.com\\\/#\\\/schema\\\/logo\\\/image\\\/\"},\"sameAs\":[\"https:\\\/\\\/www.facebook.com\\\/hellstengearsab\",\"https:\\\/\\\/www.instagram.com\\\/hellstengears\\\/\",\"http:\\\/\\\/linkedin.com\\\/company\\\/hellstengears\",\"https:\\\/\\\/www.youtube.com\\\/channel\\\/UCrkdxgxiDQ31TLRnlNN9kyA\"]}]}<\/script>\n<!-- \/ Yoast SEO plugin. -->","yoast_head_json":{"title":"Hellsten Gears | S\u00f8g efter renoverede og brugte gearkasser, fordelerkasser, differentialer og turboer!","description":"Leder du efter fabriksrenoverede eller brugte gearkasser (automatiske gearkasser, DSG gearkasser, manuelle gearkasser, CVT gearkasser), fordelerkasser, differentialer eller turboer? Lav en prisanmodning med k\u00f8ret\u00f8jets registreringsnummer eller stelnummer. Vi leverer til hele Europa!","robots":{"index":"index","follow":"follow","max-snippet":"max-snippet:-1","max-image-preview":"max-image-preview:large","max-video-preview":"max-video-preview:-1"},"canonical":"https:\/\/products.hellstengears.com\/da\/request-price-quote\/","og_locale":"da_DK","og_type":"article","og_title":"Lav en prisanmodning","og_description":"Looking for factory refurbished or used gearboxes (automatic, DSG, manual, CVT), transfer units, front and rear differentials or turbos? Request price quote by sending your vehicle registration number or VIN no. We deliver to all of Europe!","og_url":"https:\/\/products.hellstengears.com\/da\/request-price-quote\/","og_site_name":"Hellsten Gears | S\u00f8g efter renoverede og brugte gearkasser, fordelerkasser, differentialer og turboer!","article_publisher":"https:\/\/www.facebook.com\/hellstengearsab","article_modified_time":"2023-01-23T15:20:11+00:00","twitter_card":"summary_large_image","twitter_misc":{"Estimeret l\u00e6setid":"1 minut"},"schema":{"@context":"https:\/\/schema.org","@graph":[{"@type":"WebPage","@id":"https:\/\/products.hellstengears.com\/en\/request-price-quote\/","url":"https:\/\/products.hellstengears.com\/en\/request-price-quote\/","name":"Lav en prisanmodning","isPartOf":{"@id":"https:\/\/products.hellstengears.com\/#website"},"datePublished":"2021-05-12T09:35:53+00:00","dateModified":"2023-01-23T15:20:11+00:00","description":"Looking for factory refurbished or used gearboxes (automatic, DSG, manual, CVT), transfer units, front and rear differentials or turbos? Request price quote by sending your vehicle registration number or VIN no. We deliver to all of Europe!","breadcrumb":{"@id":"https:\/\/products.hellstengears.com\/en\/request-price-quote\/#breadcrumb"},"inLanguage":"da-DK","potentialAction":[{"@type":"ReadAction","target":["https:\/\/products.hellstengears.com\/en\/request-price-quote\/"]}]},{"@type":"BreadcrumbList","@id":"https:\/\/products.hellstengears.com\/en\/request-price-quote\/#breadcrumb","itemListElement":[{"@type":"ListItem","position":1,"name":"Home","item":"https:\/\/products.hellstengears.com\/"},{"@type":"ListItem","position":2,"name":"Request Price Quote"}]},{"@type":"WebSite","@id":"https:\/\/products.hellstengears.com\/#website","url":"https:\/\/products.hellstengears.com\/","name":"Hellsten Gears Search Refurbished and Used Products","description":"Specialister siden 1983","publisher":{"@id":"https:\/\/products.hellstengears.com\/#organization"},"potentialAction":[{"@type":"SearchAction","target":{"@type":"EntryPoint","urlTemplate":"https:\/\/products.hellstengears.com\/?s={search_term_string}"},"query-input":{"@type":"PropertyValueSpecification","valueRequired":true,"valueName":"search_term_string"}}],"inLanguage":"da-DK"},{"@type":"Organization","@id":"https:\/\/products.hellstengears.com\/#organization","name":"Hellsten Gears AB","url":"https:\/\/products.hellstengears.com\/","logo":{"@type":"ImageObject","inLanguage":"da-DK","@id":"https:\/\/products.hellstengears.com\/#\/schema\/logo\/image\/","url":"https:\/\/products.hellstengears.com\/wp-content\/uploads\/2021\/11\/01-HellstenGears-logo-main_400-bred.png","contentUrl":"https:\/\/products.hellstengears.com\/wp-content\/uploads\/2021\/11\/01-HellstenGears-logo-main_400-bred.png","width":373,"height":92,"caption":"Hellsten Gears AB"},"image":{"@id":"https:\/\/products.hellstengears.com\/#\/schema\/logo\/image\/"},"sameAs":["https:\/\/www.facebook.com\/hellstengearsab","https:\/\/www.instagram.com\/hellstengears\/","http:\/\/linkedin.com\/company\/hellstengears","https:\/\/www.youtube.com\/channel\/UCrkdxgxiDQ31TLRnlNN9kyA"]}]}},"_links":{"self":[{"href":"https:\/\/products.hellstengears.com\/da\/wp-json\/wp\/v2\/pages\/41","targetHints":{"allow":["GET"]}}],"collection":[{"href":"https:\/\/products.hellstengears.com\/da\/wp-json\/wp\/v2\/pages"}],"about":[{"href":"https:\/\/products.hellstengears.com\/da\/wp-json\/wp\/v2\/types\/page"}],"author":[{"embeddable":true,"href":"https:\/\/products.hellstengears.com\/da\/wp-json\/wp\/v2\/users\/1"}],"replies":[{"embeddable":true,"href":"https:\/\/products.hellstengears.com\/da\/wp-json\/wp\/v2\/comments?post=41"}],"version-history":[{"count":29,"href":"https:\/\/products.hellstengears.com\/da\/wp-json\/wp\/v2\/pages\/41\/revisions"}],"predecessor-version":[{"id":34887,"href":"https:\/\/products.hellstengears.com\/da\/wp-json\/wp\/v2\/pages\/41\/revisions\/34887"}],"wp:attachment":[{"href":"https:\/\/products.hellstengears.com\/da\/wp-json\/wp\/v2\/media?parent=41"}],"curies":[{"name":"wp","href":"https:\/\/api.w.org\/{rel}","templated":true}]}}