
{"id":18,"date":"2021-05-06T00:13:30","date_gmt":"2021-05-06T00:13:30","guid":{"rendered":"https:\/\/products.hellstengears.com\/?page_id=18"},"modified":"2023-01-25T15:01:51","modified_gmt":"2023-01-25T15:01:51","slug":"about-hellsten-gears","status":"publish","type":"page","link":"https:\/\/products.hellstengears.com\/da\/about-hellsten-gears\/","title":{"rendered":"Om Hellsten Gears AB"},"content":{"rendered":"\n<h3 class=\"wp-block-heading\">Gearkassespecialister siden 1983<\/h3>\n\n\n\n<p><span data-contrast=\"none\">Hellsten Gears AB har arbejdet med renovering af gearkasser siden 1983. Virksomheden er i dag Nordens st\u00f8rste leverand\u00f8r af renoverede og brugte gearkasser (automatiske, DSG, manuelle, CVT), renoverede og brugte fordelerkasser, renoverede og brugte differentialer og renoverede og brugte turboer til personbiler, erhvervsk\u00f8ret\u00f8jer, autocampere og nyttelastbiler. Familievirksomheden er baseret lige syd for Kungsbacka p\u00e5 den svenske vestkyst og arbejder med kunder over hele verden. Virksomheden skiftede navn til Hellsten Gears AB i 2020 og var tidligere kendt som Hellsten V\u00e4xell\u00e5dor AB.<\/span><\/p>\n\n\n\n<ul class=\"wp-block-list\">\n<li><strong>2 \u00e5rs garanti p\u00e5 fabriksrenoverede og brugte gearkasser, fordelerkasser og bag- og frontdifferentialer<\/strong><\/li>\n\n\n\n<li><strong>1 \u00e5rs garanti p\u00e5 fabriksrenoverede og brugte turboer<\/strong><\/li>\n\n\n\n<li><strong>Komplet sortiment til de fleste bilm\u00e6rker<\/strong><\/li>\n\n\n\n<li><strong>Omfattende lager af dele klar til levering<\/strong><\/li>\n\n\n\n<li><strong>Alt vigtigt tilbeh\u00f8r p\u00e5 lager, fx kobling, svinghjul og olie<\/strong><\/li>\n\n\n\n<li><strong>Korrekt leveringsdato<\/strong><\/li>\n\n\n\n<li><strong>Kort leveringstid<\/strong><\/li>\n<\/ul>\n\n\n\n<p>Bem\u00e6rk venligst, at dette er vores annonceside, hvor vi viser en begr\u00e6nset del af vores store produktsortiment. Hvis du ikke kan finde det, du leder efter, kan du lave en foresp\u00f8rgsel via formularen p\u00e5 vores almindelige hjemmeside her <a href=\"http:\/\/www.hellstenvaxellador.se\/da-DK\">www.hellstengears.com<\/a> eller kontakte vores kundeservice <a href=\"http:\/\/www.hellstenvaxellador.se\/da-DK\/kundeservice\/kontakt-45647965\">www.hellstengears.com\/kontakt<\/a>.<\/p>\n\n\n\n<h3 class=\"wp-block-heading\"><b><span class=\"text-primary fw-bold\" data-contrast=\"auto\">Produktsortiment<\/span><\/b><\/h3>\n\n\n\n<p>Sortimentet best\u00e5r hovedsageligt af renoverede og brugte gearkasser (automatiske, DSG, manuelle, CVT), fordelerkasser, differentialer og turboer til personbiler, erhvervsk\u00f8ret\u00f8jer, autocampere og lette lastbiler. Vores produkter kommer fra n\u00f8je udvalgte leverand\u00f8rer. Produktionsafdelingen udv\u00e6lger n\u00f8je kun de dele, der opfylder vores h\u00f8je krav til kvalitet og holdbarhed. Delene produceres efter kvalitetskrav, der er t\u00e6t p\u00e5 eller det samme som bilproducenternes erstatningsprodukter. Vores omhyggelige forberedelse g\u00f8r, at vi kan tilbyde samme solide garanti p\u00e5 b\u00e5de renoverede og brugte dele, noget der er helt unikt for branchen. Vi kombinerer kvalitet med konkurrencedygtige priser, teknisk support og fantastiske garantibetingelser, der tilsammen giver b\u00e5de autov\u00e6rkstedet og kunden en rigtig sikker handel.<br><span data-contrast=\"none\">Vi besk\u00e6ftiger os med stort set alle bilm\u00e6rker og modeller, uanset om du har brug for renoverede eller brugte enheder til Alfa, Audi, BMW, Chevrolet, Chrysler, Citroen, Dodge, Fiat, Ford, Honda, Hyundai, Jaguar, Jeep, KIA, Mazda, Mercedes, Mini, Mitsubishi, Nissan, Opel, Peugeot, Porsche, Renault, Seat, Skoda, Subaru, Suzuki, Toyota, VW, Volvo m.fl. vi kan hj\u00e6lpe dig med at finde den rigtige del! Vi har et stort lager af klar-til-afsendelse dele og veletablerede relationer med erfarne transport\u00f8rer, som g\u00f8r det muligt for os at sende de fleste ordrer med det samme.<\/span><\/p>\n\n\n\n<h3 class=\"wp-block-heading\">&nbsp;<\/h3>\n\n\n\n<figure class=\"wp-block-table is-style-regular\" style=\"font-size:14px;text-transform:none\"><table class=\"has-fixed-layout\"><tbody><tr><td><br><strong><img decoding=\"async\" class=\"alignnone\" style=\"width: 260px;\" src=\"https:\/\/online3.superoffice.com\/Cust28176\/CS\/scripts\/customer.fcgi\/getAttachment\/28152-CckKChsc7aDRiG4mQ98hEx1eILWyZ4DpMd91Lcg2kWPM7S6Z8xkPPxoYM2JMAeMJ-0\/automat%20518x356.png\" alt=\"\"><\/strong><br><strong><a href=\"http:\/\/www.hellstenvaxellador.se\/da-DK\/produkter\/produktsortiment-45647459\" target=\"_blank\" rel=\"noreferrer noopener\">Automatiske gearkasser<\/a><\/strong><br>Sortiment: Fabriksrenoveret \/ Brugt<br>Udvalg: komplet<br><a href=\"http:\/\/www.hellstenvaxellador.se\/da-DK\/kundeservice\/kontakt-45647965\" target=\"_blank\" rel=\"noreferrer noopener\">\u00bb Kontakt os for pris\/leveringstid<\/a><\/td><td><strong><img decoding=\"async\" class=\"\" style=\"width: 260px;\" src=\"https:\/\/online3.superoffice.com\/Cust28176\/CS\/scripts\/customer.fcgi\/getAttachment\/28159-7MnNdqsTLpgt9a571ob18fd9GwOHhCco7U5TsbRH1EHEII7g2izNNdBG8qQDGX9c-0\/manuell%20518x356.png\" alt=\"\"><\/strong><br><br><strong><a href=\"http:\/\/www.hellstenvaxellador.se\/da-DK\/produkter\/produktsortiment-45647459\" target=\"_blank\" rel=\"noreferrer noopener\">Manuelle gearkasser<\/a><\/strong><br>Sortiment: Fabriksrenoveret \/ Brugt<br>Udvalg: komplet<br><a href=\"http:\/\/www.hellstenvaxellador.se\/da-DK\/kundeservice\/kontakt-45647965\" target=\"_blank\" rel=\"noreferrer noopener\">\u00bb Kontakt os for pris\/leveringstid<\/a><\/td><td><br><img decoding=\"async\" class=\"\" style=\"width: 260px;\" src=\"https:\/\/online3.superoffice.com\/Cust28176\/CS\/scripts\/customer.fcgi\/getAttachment\/28156-GBnNFnfYMi2nA9AnQC52rKbLjKfqpPTfjFFE2oIc4nH5GbSLdT2cM4lsoFMeKIoK-0\/dsg%20518x356.png\" alt=\"\"><br><br><a href=\"http:\/\/www.hellstenvaxellador.se\/da-DK\/produkter\/produktsortiment-45647459\" target=\"_blank\" rel=\"noreferrer noopener\"><strong>DSG-gearkasser<\/strong><\/a><br>Sortiment: Fabriksrenoveret \/ Brugt<br>Udvalg: komplet<br>Vi kan ogs\u00e5 omprogrammere brugte DSG.<br><a href=\"http:\/\/www.hellstenvaxellador.se\/da-DK\/kundeservice\/kontakt-45647965\" target=\"_blank\" rel=\"noreferrer noopener\">\u00bb Kontakt os for pris\/leveringstid<\/a><\/td><\/tr><tr><td><img decoding=\"async\" class=\"\" style=\"width: 260px;\" src=\"https:\/\/online3.superoffice.com\/Cust28176\/CS\/scripts\/customer.fcgi\/getAttachment\/28154-A6KFiRUcrqu3zPQozSNEoze3cQ3EUWl0SuoSrTt0n3gJIpnzsjEhJY6dhm9Pra5N-0\/cvt%20518x356.png\" alt=\"\"><br><strong><a href=\"http:\/\/www.hellstenvaxellador.se\/da-DK\/produkter\/produktsortiment-45647459\" target=\"_blank\" rel=\"noreferrer noopener\">CVT-gearkasser<\/a><\/strong><br>Sortiment: Fabriksrenoveret \/ Brugt<br>Udvalg: begr\u00e6nset<br><a href=\"http:\/\/www.hellstenvaxellador.se\/da-DK\/kundeservice\/kontakt-45647965\" target=\"_blank\" rel=\"noreferrer noopener\">\u00bb Kontakt os for pris\/leveringstid<\/a><\/td><td><br><img decoding=\"async\" class=\"\" style=\"width: 260px;\" src=\"https:\/\/online3.superoffice.com\/Cust28176\/CS\/scripts\/customer.fcgi\/getAttachment\/28158-SWeK3IgthcBoD0InRPZ164OdbRZiAyg8b3l9dJMJebmgfXkNaMDXiQPC82zn8ycE-0\/f%C3%B6rdelningsl%C3%A5da%20518x356.png\" alt=\"\"><br><strong><a href=\"http:\/\/www.hellstenvaxellador.se\/da-DK\/produkter\/produktsortiment-45647459\" target=\"_blank\" rel=\"noreferrer noopener\">Fordelerkasser<\/a><\/strong><br>Sortiment: Fabriksrenoveret \/ Brugt<br>Udvalg: komplet<br>Vi har ogs\u00e5 aktuatorer til fordelingskasser.<br><a href=\"http:\/\/www.hellstenvaxellador.se\/da-DK\/kundeservice\/kontakt-45647965\" target=\"_blank\" rel=\"noreferrer noopener\">\u00bb Kontakt os for pris\/leveringstid<\/a><\/td><td><img decoding=\"async\" class=\"\" style=\"width: 260px;\" src=\"https:\/\/online3.superoffice.com\/Cust28176\/CS\/scripts\/customer.fcgi\/getAttachment\/28157-nJbou8DpRuz5mkNkrsXrFt3UO1Wrmk21EiW5Wpo7bjKD4YMG3QlgWsImR1oi64pE-0\/fram-och-bakdiff%20518x356.png\" alt=\"\"><br><br><strong><a href=\"http:\/\/www.hellstenvaxellador.se\/da-DK\/produkter\/produktsortiment-45647459\" target=\"_blank\" rel=\"noreferrer noopener\">Bag- og&nbsp;frontdifferentialer<\/a><\/strong><br>Sortiment: Fabriksrenoveret \/ Brugt<br>Udvalg: komplet<br>B\u00e5de med og uden Haldex.<br><a href=\"http:\/\/www.hellstenvaxellador.se\/da-DK\/kundeservice\/kontakt-45647965\" target=\"_blank\" rel=\"noreferrer noopener\">\u00bb Kontakt os for pris\/leveringstid<\/a><\/td><\/tr><tr><td><img decoding=\"async\" class=\"\" style=\"width: 260px;\" src=\"https:\/\/online3.superoffice.com\/Cust28176\/CS\/scripts\/customer.fcgi\/getAttachment\/28153-mQnBXteX7yyOoct6qAqDgZJ2ZC4LUkgPTaMZMI7KOx8n9IZWqczGrb8rYU0qIPr1-0\/converter%20518x356.png\" alt=\"\"><br><strong><a href=\"http:\/\/www.hellstenvaxellador.se\/da-DK\/produkter\/produktsortiment-45647459\" target=\"_blank\" rel=\"noreferrer noopener\">Converters<\/a><\/strong><br>Sortiment: Fabriksrenoveret \/ Brugt<br>Udvalg: komplet<br><a href=\"http:\/\/www.hellstenvaxellador.se\/da-DK\/kundeservice\/kontakt-45647965\" target=\"_blank\" rel=\"noreferrer noopener\">\u00bb Kontakt os for pris\/leveringstid<\/a><\/td><td><img decoding=\"async\" class=\"\" style=\"width: 260px;\" src=\"https:\/\/online3.superoffice.com\/Cust28176\/CS\/scripts\/customer.fcgi\/getAttachment\/28155-4f9uwqPOZAlH0xFZTGr6uAOutN0Hk8dQWlfGt85KHKDLqzhaPdlilZr091S7xS5F-0\/drivaxel%20518x356.png\" alt=\"\"><br><br><strong><a href=\"http:\/\/www.hellstenvaxellador.se\/da-DK\/produkter\/produktsortiment-45647459\" target=\"_blank\" rel=\"noreferrer noopener\">Drivaksler<\/a><\/strong><br>Sortiment: Helt ny \/ Brugt<br>Udvalg: komplet<br><a href=\"http:\/\/www.hellstenvaxellador.se\/da-DK\/kundeservice\/kontakt-45647965\" target=\"_blank\" rel=\"noreferrer noopener\">\u00bb Kontakt os for pris\/leveringstid<\/a><br><\/td><td><br><img decoding=\"async\" class=\"\" style=\"width: 260px;\" src=\"https:\/\/online3.superoffice.com\/Cust28176\/CS\/scripts\/customer.fcgi\/getAttachment\/28160-5pzZWtuKEefLdBhcjKL6QhFHwktUYCMH8IsJeljtSSrM7okqp8BfMMbEt1PXAJdz-0\/tillbeh%C3%B6r%20518x356.png\" alt=\"\"><br><a href=\"http:\/\/www.hellstenvaxellador.se\/da-DK\/produkter\/produktsortiment-45647459\" target=\"_blank\" rel=\"noreferrer noopener\"><strong>Gearkasse tilbeh\u00f8r<\/strong><\/a><br>Sortiment: Helt ny \/ Brugt<br>Udvalg: komplet<br>Oliek\u00f8ler, dobbeltmasse svinghjul, olie etc.<br><a href=\"http:\/\/www.hellstenvaxellador.se\/da-DK\/kundeservice\/kontakt-45647965\" target=\"_blank\" rel=\"noreferrer noopener\">\u00bb Kontakt os for pris\/leveringstid<\/a><\/td><\/tr><tr><td><img decoding=\"async\" class=\"\" style=\"width: 260px;\" src=\"https:\/\/online3.superoffice.com\/Cust28176\/CS\/scripts\/customer.fcgi\/getAttachment\/28161-sqf8a6P9GDEpC5wfyyrotMSk6yZOJMA5pzJIGa0CkQElMtQ9GLgBhoCXYxcuHqMe-0\/turbo%20518x356.png\" alt=\"\"><br><strong><a href=\"http:\/\/www.hellstenvaxellador.se\/da-DK\/produkter\/produktsortiment-45647459\" target=\"_blank\" rel=\"noreferrer noopener\">Turboer<\/a><\/strong><br>Sortiment: Fabriksrenoveret \/ Brugt<br>Udvalg: komplet<br><a href=\"http:\/\/www.hellstenvaxellador.se\/da-DK\/kundeservice\/kontakt-45647965\" target=\"_blank\" rel=\"noreferrer noopener\">\u00bb Kontakt os for pris\/leveringstid<\/a><\/td><td><\/td><td><\/td><\/tr><\/tbody><\/table><\/figure>\n\n\n\n<h3 class=\"wp-block-heading\"><b><span class=\"text-primary fw-bold\" data-contrast=\"auto\">Kontakt<\/span><\/b><\/h3>\n\n\n\n<p>Har du brug for fabriksrenoverede eller brugte gearkasser, fordelerkasser, for- og bagdifferentialer eller turbo? Kontakt os direkte for pris og leveringstid. Det nytter ikke noget at spilde v\u00e6rdifuld arbejdstid p\u00e5 at lede efter fabriksrenoveret eller brugt selv. Lad os g\u00f8re arbejdet. Vi kender sortimentet af produkter p\u00e5 hele markedet (Norden, resten af \u200b\u200bEuropa og Nordamerika) og finder de rigtige dele til dig p\u00e5 et par sekunder.<\/p>\n\n\n\n<p>Vores kundeservice er gearkassespecialister og kan hurtigt lave et tilbud, besvare tekniske sp\u00f8rgsm\u00e5l og bist\u00e5 med nyttig teknisk dokumentation, der skal bruges f\u00f8r\/under\/efter installation. De kan ogs\u00e5 hj\u00e6lpe med returbestillinger, forsendelsessporing, klager og besvare sp\u00f8rgsm\u00e5l om fakturaer og betalinger.<\/p>\n\n\n\n<p><span data-ccp-props=\"{\">Tilg\u00e6ngelig hverdage, 08:00 &#8211; 17:00 GMT+1<\/span><\/p>\n\n\n\n<p><span data-contrast=\"auto\">Telefon&nbsp;<\/span> <span data-contrast=\"auto\">+46 300 &#8211; 742 20<\/span><span data-ccp-props=\"{\"><br><\/span><span data-contrast=\"auto\">E-mail&nbsp;<\/span> <a href=\"mailto:sales@hellstengears.com\"><span class=\"text-primary fw-bold\" data-contrast=\"auto\">sales@hellstengears.com<\/span><\/a><span data-ccp-props=\"{\"><br><\/span><span data-contrast=\"auto\">Web&nbsp;<\/span> <a href=\"http:\/\/www.hellstengears.com\"><span data-contrast=\"auto\">www.hellstengears.com<\/span><\/a><\/p>\n","protected":false},"excerpt":{"rendered":"<p>Gearkassespecialister siden 1983 Hellsten Gears AB har arbejdet med renovering af gearkasser siden 1983. Virksomheden er i dag Nordens st\u00f8rste leverand\u00f8r af renoverede og brugte gearkasser (automatiske, DSG, manuelle, CVT), renoverede og brugte fordelerkasser, renoverede og brugte differentialer og renoverede og brugte turboer til personbiler, erhvervsk\u00f8ret\u00f8jer, autocampere og nyttelastbiler. Familievirksomheden er baseret lige syd for [&hellip;]<\/p>\n","protected":false},"author":1,"featured_media":22203,"parent":0,"menu_order":0,"comment_status":"closed","ping_status":"closed","template":"","meta":{"footnotes":""},"class_list":["post-18","page","type-page","status-publish","has-post-thumbnail","hentry"],"yoast_head":"<!-- This site is optimized with the Yoast SEO plugin v27.4 - https:\/\/yoast.com\/product\/yoast-seo-wordpress\/ -->\n<title>Hellsten Gears | S\u00f8g efter renoverede og brugte gearkasser, fordelerkasser, differentialer og turboer!<\/title>\n<meta name=\"description\" content=\"Hellsten Gears tilbyder renoverede og brugte gearkasser og andre gearkassedele til biler, erhvervsk\u00f8ret\u00f8jer og lette lastbiler.\" \/>\n<meta name=\"robots\" content=\"index, follow, max-snippet:-1, max-image-preview:large, max-video-preview:-1\" \/>\n<link rel=\"canonical\" href=\"https:\/\/products.hellstengears.com\/da\/about-hellsten-gears\/\" \/>\n<meta property=\"og:locale\" content=\"da_DK\" \/>\n<meta property=\"og:locale:alternate\" content=\"fr_FR\" \/>\n<meta property=\"og:locale:alternate\" content=\"en_GB\" \/>\n<meta property=\"og:locale:alternate\" content=\"sv_SE\" \/>\n<meta property=\"og:locale:alternate\" content=\"fi\" \/>\n<meta property=\"og:locale:alternate\" content=\"nn_NO\" \/>\n<meta property=\"og:type\" content=\"article\" \/>\n<meta property=\"og:title\" content=\"Om Hellsten Gears AB\" \/>\n<meta property=\"og:description\" content=\"Hellsten Gears supplies refurbished and used gearboxes, transfer units and differentials for cars, commercial vehicles and utility vehicles.\" \/>\n<meta property=\"og:url\" content=\"https:\/\/products.hellstengears.com\/da\/about-hellsten-gears\/\" \/>\n<meta property=\"og:site_name\" content=\"Hellsten Gears | S\u00f8g efter renoverede og brugte gearkasser, fordelerkasser, differentialer og turboer!\" \/>\n<meta property=\"article:publisher\" content=\"https:\/\/www.facebook.com\/hellstengearsab\" \/>\n<meta property=\"article:modified_time\" content=\"2023-01-25T15:01:51+00:00\" \/>\n<meta property=\"og:image\" content=\"https:\/\/products.hellstengears.com\/wp-content\/uploads\/2021\/10\/hellsten-icon-logo.png\" \/>\n\t<meta property=\"og:image:width\" content=\"200\" \/>\n\t<meta property=\"og:image:height\" content=\"200\" \/>\n\t<meta property=\"og:image:type\" content=\"image\/png\" \/>\n<meta name=\"twitter:card\" content=\"summary_large_image\" \/>\n<meta name=\"twitter:label1\" content=\"Estimeret l\u00e6setid\" \/>\n\t<meta name=\"twitter:data1\" content=\"5 minutter\" \/>\n<script type=\"application\/ld+json\" class=\"yoast-schema-graph\">{\"@context\":\"https:\\\/\\\/schema.org\",\"@graph\":[{\"@type\":\"WebPage\",\"@id\":\"https:\\\/\\\/products.hellstengears.com\\\/en\\\/about-hellsten-gears\\\/\",\"url\":\"https:\\\/\\\/products.hellstengears.com\\\/en\\\/about-hellsten-gears\\\/\",\"name\":\"Om Hellsten Gears AB\",\"isPartOf\":{\"@id\":\"https:\\\/\\\/products.hellstengears.com\\\/#website\"},\"primaryImageOfPage\":{\"@id\":\"https:\\\/\\\/products.hellstengears.com\\\/en\\\/about-hellsten-gears\\\/#primaryimage\"},\"image\":{\"@id\":\"https:\\\/\\\/products.hellstengears.com\\\/en\\\/about-hellsten-gears\\\/#primaryimage\"},\"thumbnailUrl\":\"https:\\\/\\\/products.hellstengears.com\\\/wp-content\\\/uploads\\\/2021\\\/10\\\/hellsten-icon-logo.png\",\"datePublished\":\"2021-05-06T00:13:30+00:00\",\"dateModified\":\"2023-01-25T15:01:51+00:00\",\"description\":\"Hellsten Gears supplies refurbished and used gearboxes, transfer units and differentials for cars, commercial vehicles and utility vehicles.\",\"breadcrumb\":{\"@id\":\"https:\\\/\\\/products.hellstengears.com\\\/en\\\/about-hellsten-gears\\\/#breadcrumb\"},\"inLanguage\":\"da-DK\",\"potentialAction\":[{\"@type\":\"ReadAction\",\"target\":[\"https:\\\/\\\/products.hellstengears.com\\\/en\\\/about-hellsten-gears\\\/\"]}]},{\"@type\":\"ImageObject\",\"inLanguage\":\"da-DK\",\"@id\":\"https:\\\/\\\/products.hellstengears.com\\\/en\\\/about-hellsten-gears\\\/#primaryimage\",\"url\":\"https:\\\/\\\/products.hellstengears.com\\\/wp-content\\\/uploads\\\/2021\\\/10\\\/hellsten-icon-logo.png\",\"contentUrl\":\"https:\\\/\\\/products.hellstengears.com\\\/wp-content\\\/uploads\\\/2021\\\/10\\\/hellsten-icon-logo.png\",\"width\":200,\"height\":200,\"caption\":\"hellsten gears logo\"},{\"@type\":\"BreadcrumbList\",\"@id\":\"https:\\\/\\\/products.hellstengears.com\\\/en\\\/about-hellsten-gears\\\/#breadcrumb\",\"itemListElement\":[{\"@type\":\"ListItem\",\"position\":1,\"name\":\"Home\",\"item\":\"https:\\\/\\\/products.hellstengears.com\\\/\"},{\"@type\":\"ListItem\",\"position\":2,\"name\":\"About Hellsten Gears AB\"}]},{\"@type\":\"WebSite\",\"@id\":\"https:\\\/\\\/products.hellstengears.com\\\/#website\",\"url\":\"https:\\\/\\\/products.hellstengears.com\\\/\",\"name\":\"Hellsten Gears Search Refurbished and Used Products\",\"description\":\"Specialister siden 1983\",\"publisher\":{\"@id\":\"https:\\\/\\\/products.hellstengears.com\\\/#organization\"},\"potentialAction\":[{\"@type\":\"SearchAction\",\"target\":{\"@type\":\"EntryPoint\",\"urlTemplate\":\"https:\\\/\\\/products.hellstengears.com\\\/?s={search_term_string}\"},\"query-input\":{\"@type\":\"PropertyValueSpecification\",\"valueRequired\":true,\"valueName\":\"search_term_string\"}}],\"inLanguage\":\"da-DK\"},{\"@type\":\"Organization\",\"@id\":\"https:\\\/\\\/products.hellstengears.com\\\/#organization\",\"name\":\"Hellsten Gears AB\",\"url\":\"https:\\\/\\\/products.hellstengears.com\\\/\",\"logo\":{\"@type\":\"ImageObject\",\"inLanguage\":\"da-DK\",\"@id\":\"https:\\\/\\\/products.hellstengears.com\\\/#\\\/schema\\\/logo\\\/image\\\/\",\"url\":\"https:\\\/\\\/products.hellstengears.com\\\/wp-content\\\/uploads\\\/2021\\\/11\\\/01-HellstenGears-logo-main_400-bred.png\",\"contentUrl\":\"https:\\\/\\\/products.hellstengears.com\\\/wp-content\\\/uploads\\\/2021\\\/11\\\/01-HellstenGears-logo-main_400-bred.png\",\"width\":373,\"height\":92,\"caption\":\"Hellsten Gears AB\"},\"image\":{\"@id\":\"https:\\\/\\\/products.hellstengears.com\\\/#\\\/schema\\\/logo\\\/image\\\/\"},\"sameAs\":[\"https:\\\/\\\/www.facebook.com\\\/hellstengearsab\",\"https:\\\/\\\/www.instagram.com\\\/hellstengears\\\/\",\"http:\\\/\\\/linkedin.com\\\/company\\\/hellstengears\",\"https:\\\/\\\/www.youtube.com\\\/channel\\\/UCrkdxgxiDQ31TLRnlNN9kyA\"]}]}<\/script>\n<!-- \/ Yoast SEO plugin. -->","yoast_head_json":{"title":"Hellsten Gears | S\u00f8g efter renoverede og brugte gearkasser, fordelerkasser, differentialer og turboer!","description":"Hellsten Gears tilbyder renoverede og brugte gearkasser og andre gearkassedele til biler, erhvervsk\u00f8ret\u00f8jer og lette lastbiler.","robots":{"index":"index","follow":"follow","max-snippet":"max-snippet:-1","max-image-preview":"max-image-preview:large","max-video-preview":"max-video-preview:-1"},"canonical":"https:\/\/products.hellstengears.com\/da\/about-hellsten-gears\/","og_locale":"da_DK","og_type":"article","og_title":"Om Hellsten Gears AB","og_description":"Hellsten Gears supplies refurbished and used gearboxes, transfer units and differentials for cars, commercial vehicles and utility vehicles.","og_url":"https:\/\/products.hellstengears.com\/da\/about-hellsten-gears\/","og_site_name":"Hellsten Gears | S\u00f8g efter renoverede og brugte gearkasser, fordelerkasser, differentialer og turboer!","article_publisher":"https:\/\/www.facebook.com\/hellstengearsab","article_modified_time":"2023-01-25T15:01:51+00:00","og_image":[{"width":200,"height":200,"url":"https:\/\/products.hellstengears.com\/wp-content\/uploads\/2021\/10\/hellsten-icon-logo.png","type":"image\/png"}],"twitter_card":"summary_large_image","twitter_misc":{"Estimeret l\u00e6setid":"5 minutter"},"schema":{"@context":"https:\/\/schema.org","@graph":[{"@type":"WebPage","@id":"https:\/\/products.hellstengears.com\/en\/about-hellsten-gears\/","url":"https:\/\/products.hellstengears.com\/en\/about-hellsten-gears\/","name":"Om Hellsten Gears AB","isPartOf":{"@id":"https:\/\/products.hellstengears.com\/#website"},"primaryImageOfPage":{"@id":"https:\/\/products.hellstengears.com\/en\/about-hellsten-gears\/#primaryimage"},"image":{"@id":"https:\/\/products.hellstengears.com\/en\/about-hellsten-gears\/#primaryimage"},"thumbnailUrl":"https:\/\/products.hellstengears.com\/wp-content\/uploads\/2021\/10\/hellsten-icon-logo.png","datePublished":"2021-05-06T00:13:30+00:00","dateModified":"2023-01-25T15:01:51+00:00","description":"Hellsten Gears supplies refurbished and used gearboxes, transfer units and differentials for cars, commercial vehicles and utility vehicles.","breadcrumb":{"@id":"https:\/\/products.hellstengears.com\/en\/about-hellsten-gears\/#breadcrumb"},"inLanguage":"da-DK","potentialAction":[{"@type":"ReadAction","target":["https:\/\/products.hellstengears.com\/en\/about-hellsten-gears\/"]}]},{"@type":"ImageObject","inLanguage":"da-DK","@id":"https:\/\/products.hellstengears.com\/en\/about-hellsten-gears\/#primaryimage","url":"https:\/\/products.hellstengears.com\/wp-content\/uploads\/2021\/10\/hellsten-icon-logo.png","contentUrl":"https:\/\/products.hellstengears.com\/wp-content\/uploads\/2021\/10\/hellsten-icon-logo.png","width":200,"height":200,"caption":"hellsten gears logo"},{"@type":"BreadcrumbList","@id":"https:\/\/products.hellstengears.com\/en\/about-hellsten-gears\/#breadcrumb","itemListElement":[{"@type":"ListItem","position":1,"name":"Home","item":"https:\/\/products.hellstengears.com\/"},{"@type":"ListItem","position":2,"name":"About Hellsten Gears AB"}]},{"@type":"WebSite","@id":"https:\/\/products.hellstengears.com\/#website","url":"https:\/\/products.hellstengears.com\/","name":"Hellsten Gears Search Refurbished and Used Products","description":"Specialister siden 1983","publisher":{"@id":"https:\/\/products.hellstengears.com\/#organization"},"potentialAction":[{"@type":"SearchAction","target":{"@type":"EntryPoint","urlTemplate":"https:\/\/products.hellstengears.com\/?s={search_term_string}"},"query-input":{"@type":"PropertyValueSpecification","valueRequired":true,"valueName":"search_term_string"}}],"inLanguage":"da-DK"},{"@type":"Organization","@id":"https:\/\/products.hellstengears.com\/#organization","name":"Hellsten Gears AB","url":"https:\/\/products.hellstengears.com\/","logo":{"@type":"ImageObject","inLanguage":"da-DK","@id":"https:\/\/products.hellstengears.com\/#\/schema\/logo\/image\/","url":"https:\/\/products.hellstengears.com\/wp-content\/uploads\/2021\/11\/01-HellstenGears-logo-main_400-bred.png","contentUrl":"https:\/\/products.hellstengears.com\/wp-content\/uploads\/2021\/11\/01-HellstenGears-logo-main_400-bred.png","width":373,"height":92,"caption":"Hellsten Gears AB"},"image":{"@id":"https:\/\/products.hellstengears.com\/#\/schema\/logo\/image\/"},"sameAs":["https:\/\/www.facebook.com\/hellstengearsab","https:\/\/www.instagram.com\/hellstengears\/","http:\/\/linkedin.com\/company\/hellstengears","https:\/\/www.youtube.com\/channel\/UCrkdxgxiDQ31TLRnlNN9kyA"]}]}},"_links":{"self":[{"href":"https:\/\/products.hellstengears.com\/da\/wp-json\/wp\/v2\/pages\/18","targetHints":{"allow":["GET"]}}],"collection":[{"href":"https:\/\/products.hellstengears.com\/da\/wp-json\/wp\/v2\/pages"}],"about":[{"href":"https:\/\/products.hellstengears.com\/da\/wp-json\/wp\/v2\/types\/page"}],"author":[{"embeddable":true,"href":"https:\/\/products.hellstengears.com\/da\/wp-json\/wp\/v2\/users\/1"}],"replies":[{"embeddable":true,"href":"https:\/\/products.hellstengears.com\/da\/wp-json\/wp\/v2\/comments?post=18"}],"version-history":[{"count":76,"href":"https:\/\/products.hellstengears.com\/da\/wp-json\/wp\/v2\/pages\/18\/revisions"}],"predecessor-version":[{"id":34961,"href":"https:\/\/products.hellstengears.com\/da\/wp-json\/wp\/v2\/pages\/18\/revisions\/34961"}],"wp:featuredmedia":[{"embeddable":true,"href":"https:\/\/products.hellstengears.com\/da\/wp-json\/wp\/v2\/media\/22203"}],"wp:attachment":[{"href":"https:\/\/products.hellstengears.com\/da\/wp-json\/wp\/v2\/media?parent=18"}],"curies":[{"name":"wp","href":"https:\/\/api.w.org\/{rel}","templated":true}]}}